{"id":7693,"date":"2025-04-28T23:21:01","date_gmt":"2025-04-28T21:21:01","guid":{"rendered":"https:\/\/sdmparts.eu\/ueber-uns\/"},"modified":"2025-04-28T23:21:01","modified_gmt":"2025-04-28T21:21:01","slug":"ueber-uns","status":"publish","type":"page","link":"https:\/\/sdmparts.eu\/de\/ueber-uns\/","title":{"rendered":"\u00dcber uns"},"content":{"rendered":"\t\t<div data-elementor-type=\"wp-page\" data-elementor-id=\"7693\" class=\"elementor elementor-7693 elementor-812\" data-elementor-post-type=\"page\">\n\t\t\t\t\t\t<section class=\"elementor-section elementor-top-section elementor-element elementor-element-dba7fd6 elementor-section-height-min-height elementor-section-boxed elementor-section-height-default elementor-section-items-middle\" data-id=\"dba7fd6\" data-element_type=\"section\" data-settings=\"{&quot;background_background&quot;:&quot;classic&quot;}\">\n\t\t\t\t\t\t<div class=\"elementor-container elementor-column-gap-no\">\n\t\t\t\t\t<div class=\"elementor-column elementor-col-100 elementor-top-column elementor-element elementor-element-15d29e1\" data-id=\"15d29e1\" data-element_type=\"column\">\n\t\t\t<div class=\"elementor-widget-wrap elementor-element-populated\">\n\t\t\t\t\t\t<div class=\"elementor-element elementor-element-e420279 elementor-widget elementor-widget-heading\" data-id=\"e420279\" data-element_type=\"widget\" data-widget_type=\"heading.default\">\n\t\t\t\t<div class=\"elementor-widget-container\">\n\t\t\t\t\t<h1 class=\"elementor-heading-title elementor-size-default\">\u00dcber uns<\/h1>\t\t\t\t<\/div>\n\t\t\t\t<\/div>\n\t\t\t\t\t<\/div>\n\t\t<\/div>\n\t\t\t\t\t<\/div>\n\t\t<\/section>\n\t\t\t\t<section class=\"elementor-section elementor-top-section elementor-element elementor-element-5f51bb0 elementor-section-boxed elementor-section-height-default elementor-section-height-default\" data-id=\"5f51bb0\" data-element_type=\"section\">\n\t\t\t\t\t\t<div class=\"elementor-container elementor-column-gap-no\">\n\t\t\t\t\t<div class=\"elementor-column elementor-col-100 elementor-top-column elementor-element elementor-element-97dee7b\" data-id=\"97dee7b\" data-element_type=\"column\">\n\t\t\t<div class=\"elementor-widget-wrap elementor-element-populated\">\n\t\t\t\t\t\t<section class=\"elementor-section elementor-inner-section elementor-element elementor-element-f6f61da elementor-section-boxed elementor-section-height-default elementor-section-height-default\" data-id=\"f6f61da\" data-element_type=\"section\">\n\t\t\t\t\t\t<div class=\"elementor-container elementor-column-gap-no\">\n\t\t\t\t\t<div class=\"elementor-column elementor-col-50 elementor-inner-column elementor-element elementor-element-1ae3d1f\" data-id=\"1ae3d1f\" data-element_type=\"column\">\n\t\t\t<div class=\"elementor-widget-wrap elementor-element-populated\">\n\t\t\t\t\t\t<div class=\"elementor-element elementor-element-873b618 elementor-widget elementor-widget-heading\" data-id=\"873b618\" data-element_type=\"widget\" data-widget_type=\"heading.default\">\n\t\t\t\t<div class=\"elementor-widget-container\">\n\t\t\t\t\t<h2 class=\"elementor-heading-title elementor-size-default\">Wir sind spezialisiert auf Komponenten f\u00fcr Kamine, die mit Maxitrol-Gasventilen betrieben werden, einem Namen, der synonym f\u00fcr zuverl\u00e4ssige Gasregelsysteme steht.<\/h2>\t\t\t\t<\/div>\n\t\t\t\t<\/div>\n\t\t\t\t\t<\/div>\n\t\t<\/div>\n\t\t\t\t<div class=\"elementor-column elementor-col-50 elementor-inner-column elementor-element elementor-element-95e59cf\" data-id=\"95e59cf\" data-element_type=\"column\">\n\t\t\t<div class=\"elementor-widget-wrap elementor-element-populated\">\n\t\t\t\t\t\t<div class=\"elementor-element elementor-element-dc6027e elementor-widget elementor-widget-text-editor\" data-id=\"dc6027e\" data-element_type=\"widget\" data-widget_type=\"text-editor.default\">\n\t\t\t\t<div class=\"elementor-widget-container\">\n\t\t\t\t\t\t\t\t\t<p>Willkommen bei SDM Parts, Ihrer vertrauensw\u00fcrdigen Quelle f\u00fcr hochwertige Ersatzteile f\u00fcr Gaskamine. Von Ersatzteilen bis hin zu Zubeh\u00f6r bietet SDM Parts die Teile, die Ihren Kamin Saison f\u00fcr Saison sicher und effizient in Betrieb halten.<\/p><p>SDM Parts hat seine Wurzeln in meiner lebenslangen Reise innerhalb der Gaskaminindustrie. Alles begann im Jahr 2007, als ich dem Unternehmen meines Vaters, Sunderman Fireplaces, beitrat, einem Familienbetrieb, der sich der Gestaltung und Herstellung von Gaskaminen verschrieben hatte. Im Jahr 2010 wurde ich Mitinhaber, und bis 2015 hatte ich das Unternehmen vollst\u00e4ndig \u00fcbernommen und in Sunwood\u00ae Dutch Design umgewandelt. Als Sunwood bauten wir einen Ruf f\u00fcr die Herstellung hochwertiger Gas-Terrassenfeuer auf, die aufgrund unserer langj\u00e4hrigen Beziehung zur Marke ebenfalls Maxitrol-Ventile verwendeten. Auf seinem H\u00f6hepunkt verf\u00fcgte Sunwood B.V. \u00fcber ein engagiertes Team von sechs Vollzeitfachkr\u00e4ften, und wir versandten stolz Tausende von Au\u00dfenkaminen an zufriedene Kunden.<\/p><p> <\/p>\t\t\t\t\t\t\t\t<\/div>\n\t\t\t\t<\/div>\n\t\t\t\t\t<\/div>\n\t\t<\/div>\n\t\t\t\t\t<\/div>\n\t\t<\/section>\n\t\t\t\t\t<\/div>\n\t\t<\/div>\n\t\t\t\t\t<\/div>\n\t\t<\/section>\n\t\t\t\t<section class=\"elementor-section elementor-top-section elementor-element elementor-element-8a1e622 elementor-section-boxed elementor-section-height-default elementor-section-height-default\" data-id=\"8a1e622\" data-element_type=\"section\">\n\t\t\t\t\t\t<div class=\"elementor-container elementor-column-gap-no\">\n\t\t\t\t\t<div class=\"elementor-column elementor-col-100 elementor-top-column elementor-element elementor-element-3d78b2a\" data-id=\"3d78b2a\" data-element_type=\"column\">\n\t\t\t<div class=\"elementor-widget-wrap elementor-element-populated\">\n\t\t\t\t\t\t<section class=\"elementor-section elementor-inner-section elementor-element elementor-element-a5e6664 elementor-reverse-mobile elementor-section-boxed elementor-section-height-default elementor-section-height-default\" data-id=\"a5e6664\" data-element_type=\"section\">\n\t\t\t\t\t\t<div class=\"elementor-container elementor-column-gap-no\">\n\t\t\t\t\t<div class=\"elementor-column elementor-col-50 elementor-inner-column elementor-element elementor-element-a25b98f\" data-id=\"a25b98f\" data-element_type=\"column\">\n\t\t\t<div class=\"elementor-widget-wrap elementor-element-populated\">\n\t\t\t\t\t\t<div class=\"elementor-element elementor-element-8783d4a elementor-widget elementor-widget-text-editor\" data-id=\"8783d4a\" data-element_type=\"widget\" data-widget_type=\"text-editor.default\">\n\t\t\t\t<div class=\"elementor-widget-container\">\n\t\t\t\t\t\t\t\t\t<p>W\u00e4hrend unserer fr\u00fcheren Jahre, von 2007 bis 2012, hatten wir oft \u00fcbersch\u00fcssige Maxitrol-Teile und wurden von Maxitrol angesprochen, diese Dritten zur Verf\u00fcgung zu stellen. Diese Anfrage f\u00fchrte zur Gr\u00fcndung von SDM Parts als eigenst\u00e4ndiges Unternehmen. Zun\u00e4chst ein kleines Nebengesch\u00e4ft, hat sich SDM Parts seitdem zu einer unverzichtbaren Ressource f\u00fcr Gaskamin-Ersatzteile entwickelt. Nach dem Verkauf der Verm\u00f6genswerte von Sunwood im Jahr 2024 zog ich mich vollst\u00e4ndig von Sunwood zur\u00fcck und widmete meine Bem\u00fchungen SDM Parts und anderen Unternehmungen.<\/p>\t\t\t\t\t\t\t\t<\/div>\n\t\t\t\t<\/div>\n\t\t\t\t\t<\/div>\n\t\t<\/div>\n\t\t\t\t<div class=\"elementor-column elementor-col-50 elementor-inner-column elementor-element elementor-element-33ab4c6\" data-id=\"33ab4c6\" data-element_type=\"column\">\n\t\t\t<div class=\"elementor-widget-wrap elementor-element-populated\">\n\t\t\t\t\t\t<div class=\"elementor-element elementor-element-b44b3b9 elementor-widget elementor-widget-image\" data-id=\"b44b3b9\" data-element_type=\"widget\" data-widget_type=\"image.default\">\n\t\t\t\t<div class=\"elementor-widget-container\">\n\t\t\t\t\t\t\t\t\t\t\t\t\t\t\t<img fetchpriority=\"high\" decoding=\"async\" width=\"800\" height=\"534\" src=\"https:\/\/sdmparts.eu\/wp-content\/uploads\/2017\/08\/sunwood-dutchdesign-werkplaats-6-1024x684.jpg\" class=\"attachment-large size-large wp-image-875\" alt=\"\" srcset=\"https:\/\/sdmparts.eu\/wp-content\/uploads\/2017\/08\/sunwood-dutchdesign-werkplaats-6-1024x684.jpg 1024w, https:\/\/sdmparts.eu\/wp-content\/uploads\/2017\/08\/sunwood-dutchdesign-werkplaats-6-510x340.jpg 510w, https:\/\/sdmparts.eu\/wp-content\/uploads\/2017\/08\/sunwood-dutchdesign-werkplaats-6-300x200.jpg 300w, https:\/\/sdmparts.eu\/wp-content\/uploads\/2017\/08\/sunwood-dutchdesign-werkplaats-6-768x513.jpg 768w, https:\/\/sdmparts.eu\/wp-content\/uploads\/2017\/08\/sunwood-dutchdesign-werkplaats-6-600x401.jpg 600w, https:\/\/sdmparts.eu\/wp-content\/uploads\/2017\/08\/sunwood-dutchdesign-werkplaats-6.jpg 1600w\" sizes=\"(max-width: 800px) 100vw, 800px\" \/>\t\t\t\t\t\t\t\t\t\t\t\t\t\t\t<\/div>\n\t\t\t\t<\/div>\n\t\t\t\t\t<\/div>\n\t\t<\/div>\n\t\t\t\t\t<\/div>\n\t\t<\/section>\n\t\t\t\t<section class=\"elementor-section elementor-inner-section elementor-element elementor-element-27de661 elementor-section-boxed elementor-section-height-default elementor-section-height-default\" data-id=\"27de661\" data-element_type=\"section\">\n\t\t\t\t\t\t<div class=\"elementor-container elementor-column-gap-no\">\n\t\t\t\t\t<div class=\"elementor-column elementor-col-50 elementor-inner-column elementor-element elementor-element-da5130b\" data-id=\"da5130b\" data-element_type=\"column\">\n\t\t\t<div class=\"elementor-widget-wrap elementor-element-populated\">\n\t\t\t\t\t\t<div class=\"elementor-element elementor-element-5d797a8 elementor-widget elementor-widget-image\" data-id=\"5d797a8\" data-element_type=\"widget\" data-widget_type=\"image.default\">\n\t\t\t\t<div class=\"elementor-widget-container\">\n\t\t\t\t\t\t\t\t\t\t\t\t\t\t\t<img decoding=\"async\" width=\"800\" height=\"738\" src=\"https:\/\/sdmparts.eu\/wp-content\/uploads\/2024\/11\/wout-vliegtuig-e1731451272655-1024x945.png\" class=\"attachment-large size-large wp-image-6753\" alt=\"\" srcset=\"https:\/\/sdmparts.eu\/wp-content\/uploads\/2024\/11\/wout-vliegtuig-e1731451272655-1024x945.png 1024w, https:\/\/sdmparts.eu\/wp-content\/uploads\/2024\/11\/wout-vliegtuig-e1731451272655-510x471.png 510w, https:\/\/sdmparts.eu\/wp-content\/uploads\/2024\/11\/wout-vliegtuig-e1731451272655-300x277.png 300w, https:\/\/sdmparts.eu\/wp-content\/uploads\/2024\/11\/wout-vliegtuig-e1731451272655-768x709.png 768w, https:\/\/sdmparts.eu\/wp-content\/uploads\/2024\/11\/wout-vliegtuig-e1731451272655.png 1212w\" sizes=\"(max-width: 800px) 100vw, 800px\" \/>\t\t\t\t\t\t\t\t\t\t\t\t\t\t\t<\/div>\n\t\t\t\t<\/div>\n\t\t\t\t\t<\/div>\n\t\t<\/div>\n\t\t\t\t<div class=\"elementor-column elementor-col-50 elementor-inner-column elementor-element elementor-element-4598f0a\" data-id=\"4598f0a\" data-element_type=\"column\">\n\t\t\t<div class=\"elementor-widget-wrap elementor-element-populated\">\n\t\t\t\t\t\t<div class=\"elementor-element elementor-element-c582cd4 elementor-widget elementor-widget-text-editor\" data-id=\"c582cd4\" data-element_type=\"widget\" data-widget_type=\"text-editor.default\">\n\t\t\t\t<div class=\"elementor-widget-container\">\n\t\t\t\t\t\t\t\t\t<p>Als kleines, unabh\u00e4ngig gef\u00fchrtes Unternehmen sch\u00e4tzt SDM Parts pers\u00f6nliche Verbindungen und Qualit\u00e4tsservice. Ich bin leidenschaftlich bei dem, was ich tue, und arbeite hands-on, um sicherzustellen, dass Ihre Erfahrung mit uns nahtlos ist. Ich bin oft in ganz Europa unterwegs und arbeite von meinem Wohnmobil aus, w\u00e4hrend ich auch meiner Leidenschaft als Tandem-Fallschirmsprung-Instruktor nachgehe. Obwohl ich m\u00f6glicherweise nicht immer telefonisch erreichbar bin, bin ich bestrebt, zeitnah zu antworten \u2013 hinterlassen Sie einfach eine Sprachnachricht oder senden Sie mir eine WhatsApp, und ich melde mich so bald wie m\u00f6glich bei Ihnen.<\/p><p>Vielen Dank, dass Sie sich f\u00fcr SDM Parts entschieden haben. Es ist uns eine Freude, Ihr Zuhause mit zuverl\u00e4ssigen Maxitrol-Ventilen, Ersatzteilen und Zubeh\u00f6r warm und behaglich zu halten.<\/p><p>Mit freundlichen Gr\u00fc\u00dfen,<br>Wout Sunderman<br>Gr\u00fcnder, SDM Parts<\/p>\t\t\t\t\t\t\t\t<\/div>\n\t\t\t\t<\/div>\n\t\t\t\t\t<\/div>\n\t\t<\/div>\n\t\t\t\t\t<\/div>\n\t\t<\/section>\n\t\t\t\t\t<\/div>\n\t\t<\/div>\n\t\t\t\t\t<\/div>\n\t\t<\/section>\n\t\t\t\t<\/div>\n\t\t","protected":false},"excerpt":{"rendered":"<p>\u00dcber uns Wir sind spezialisiert auf Komponenten f\u00fcr Kamine, die mit Maxitrol-Gasventilen betrieben werden, einem Namen, der synonym f\u00fcr zuverl\u00e4ssige Gasregelsysteme steht. Willkommen bei SDM Parts, Ihrer vertrauensw\u00fcrdigen Quelle f\u00fcr hochwertige Ersatzteile f\u00fcr Gaskamine. Von Ersatzteilen bis hin zu Zubeh\u00f6r bietet SDM Parts die Teile, die Ihren Kamin Saison f\u00fcr Saison sicher und effizient in [&hellip;]<\/p>\n","protected":false},"author":2,"featured_media":0,"parent":0,"menu_order":0,"comment_status":"closed","ping_status":"closed","template":"","meta":{"footnotes":""},"yst_prominent_words":[113,110,109,106,237,108,129,112,50],"class_list":["post-7693","page","type-page","status-publish","hentry"],"jetpack_sharing_enabled":true,"_links":{"self":[{"href":"https:\/\/sdmparts.eu\/de\/wp-json\/wp\/v2\/pages\/7693","targetHints":{"allow":["GET"]}}],"collection":[{"href":"https:\/\/sdmparts.eu\/de\/wp-json\/wp\/v2\/pages"}],"about":[{"href":"https:\/\/sdmparts.eu\/de\/wp-json\/wp\/v2\/types\/page"}],"author":[{"embeddable":true,"href":"https:\/\/sdmparts.eu\/de\/wp-json\/wp\/v2\/users\/2"}],"replies":[{"embeddable":true,"href":"https:\/\/sdmparts.eu\/de\/wp-json\/wp\/v2\/comments?post=7693"}],"version-history":[{"count":1,"href":"https:\/\/sdmparts.eu\/de\/wp-json\/wp\/v2\/pages\/7693\/revisions"}],"predecessor-version":[{"id":7697,"href":"https:\/\/sdmparts.eu\/de\/wp-json\/wp\/v2\/pages\/7693\/revisions\/7697"}],"wp:attachment":[{"href":"https:\/\/sdmparts.eu\/de\/wp-json\/wp\/v2\/media?parent=7693"}],"wp:term":[{"taxonomy":"yst_prominent_words","embeddable":true,"href":"https:\/\/sdmparts.eu\/de\/wp-json\/wp\/v2\/yst_prominent_words?post=7693"}],"curies":[{"name":"wp","href":"https:\/\/api.w.org\/{rel}","templated":true}]}}