{"id":8351,"date":"2025-05-08T21:46:41","date_gmt":"2025-05-08T19:46:41","guid":{"rendered":"https:\/\/sdmparts.eu\/herunterzuladende-dateien\/"},"modified":"2025-05-08T21:46:42","modified_gmt":"2025-05-08T19:46:42","slug":"herunterzuladende-dateien","status":"publish","type":"page","link":"https:\/\/sdmparts.eu\/de\/herunterzuladende-dateien\/","title":{"rendered":"Herunterzuladende Dateien"},"content":{"rendered":"\t\t<div data-elementor-type=\"wp-page\" data-elementor-id=\"8351\" class=\"elementor elementor-8351 elementor-8124\" data-elementor-post-type=\"page\">\n\t\t\t\t<div class=\"elementor-element elementor-element-2bdb0f80 e-flex e-con-boxed e-con e-parent\" data-id=\"2bdb0f80\" data-element_type=\"container\">\n\t\t\t\t\t<div class=\"e-con-inner\">\n\t\t\t\t<div class=\"elementor-element elementor-element-87ccd67 elementor-widget elementor-widget-text-editor\" data-id=\"87ccd67\" data-element_type=\"widget\" data-widget_type=\"text-editor.default\">\n\t\t\t\t<div class=\"elementor-widget-container\">\n\t\t\t\t\t\t\t\t\t<div class=\"overflow-x-auto\"><h1>Herunterladbare Ressourcen<\/h1><table class=\"min-w-full bg-white shadow-md rounded-lg\"><thead><tr class=\"bg-blue-600 text-white\"><th class=\"py-3 px-4 text-left\">Handbuch-Titel<\/th><th class=\"py-3 px-4 text-left\">Sprache<\/th><th class=\"py-3 px-4 text-left\">Beschreibung<\/th><th class=\"py-3 px-4 text-left\">Herunterladen<\/th><\/tr><\/thead><tbody><tr class=\"border-b\"><td class=\"py-3 px-4\">GV60 &#8211; Unidirektionales G6R Installations- und Bedienungshandbuch f\u00fcr OEM<\/td><td class=\"py-3 px-4\">Deutsch<\/td><td class=\"py-3 px-4\">Installations- und Bedienungsanleitung f\u00fcr das unidirektionale G6R-Steuerungssystem f\u00fcr GV60-Gasventile, bestimmt f\u00fcr OEM-Verwendung.<\/td><td class=\"py-3 px-4\"><a class=\"bg-green-500 text-white py-2 px-4 rounded hover:bg-green-600 transition\" href=\"https:\/\/sdmparts.eu\/wp-content\/uploads\/2025\/04\/GV60-B-II.OI-DE-03.2023.pdf\" aria-label=\"Download GV60 Unidirectional G6R Manual in German\">Herunterladen<\/a><\/td><\/tr><tr class=\"border-b\"><td class=\"py-3 px-4\">GV60 &#8211; Unidirektionales G6R Installations- und Bedienungshandbuch f\u00fcr OEM<\/td><td class=\"py-3 px-4\">Englisch<\/td><td class=\"py-3 px-4\">Englische Version der Installations- und Bedienungsanleitung f\u00fcr das unidirektionale G6R-Steuerungssystem f\u00fcr GV60-Gasventile, f\u00fcr OEMs.<\/td><td class=\"py-3 px-4\"><a class=\"bg-green-500 text-white py-2 px-4 rounded hover:bg-green-600 transition\" href=\"https:\/\/sdmparts.eu\/wp-content\/uploads\/2025\/04\/GV60-B-II.OI-EN-03.2023.pdf\" aria-label=\"Download GV60 Unidirectional G6R Manual in English\">Herunterladen<\/a><\/td><\/tr><tr class=\"border-b\"><td class=\"py-3 px-4\">GV60 &#8211; Bidirektionales B6R (SYMAX) Installations- und Bedienungshandbuch f\u00fcr OEM<\/td><td class=\"py-3 px-4\">Englisch<\/td><td class=\"py-3 px-4\">Umfassende Anleitung f\u00fcr das bidirektionale B6R-Steuerungssystem (Symax-Handger\u00e4te, myfire Puck, myfire App) f\u00fcr GV60-Ventile, in mehreren Sprachen f\u00fcr OEM-Verwendung.<\/td><td class=\"py-3 px-4\"><a class=\"bg-green-500 text-white py-2 px-4 rounded hover:bg-green-600 transition\" href=\"https:\/\/sdmparts.eu\/wp-content\/uploads\/2025\/04\/GV60-II.OI-EN-03.2023.pdf\" aria-label=\"Download GV60 BiDirectional B6R SYMAX Manual in Multiple Languages\">Herunterladen<\/a><\/td><\/tr><tr class=\"border-b\"><td class=\"py-3 px-4\">GV60 Betrieb mit externer Stromquelle<\/td><td class=\"py-3 px-4\">Englisch<\/td><td class=\"py-3 px-4\">Anweisungen f\u00fcr den Betrieb des GV60-Systems mit externen Stromquellen, bestimmt f\u00fcr OEMs.<\/td><td class=\"py-3 px-4\"><a class=\"bg-green-500 text-white py-2 px-4 rounded hover:bg-green-600 transition\" href=\"https:\/\/sdmparts.eu\/wp-content\/uploads\/2025\/04\/GV60-OI-EN-08.2018-EXT-SOURCE.pdf\" aria-label=\"Download GV60 External Source Operation Manual in English\">Herunterladen<\/a><\/td><\/tr><tr class=\"border-b\"><td class=\"py-3 px-4\">GV60 &#8211; MyFire WLAN &#8211; Handbuch zur Ersteinrichtung<\/td><td class=\"py-3 px-4\">Englisch<\/td><td class=\"py-3 px-4\">Einrichtungsanleitung f\u00fcr die myfire WLAN-Box f\u00fcr GV60-Systeme, die die Erstkonfiguration mit der myfire App abdeckt.<\/td><td class=\"py-3 px-4\"><a class=\"bg-green-500 text-white py-2 px-4 rounded hover:bg-green-600 transition\" href=\"https:\/\/sdmparts.eu\/wp-content\/uploads\/2025\/04\/GV60-OI-EN-12.2019_myfire_App.pdf\" aria-label=\"Download GV60 MyFire Wifi Initial Setup Manual in English\">Herunterladen<\/a><\/td><\/tr><tr><td class=\"py-3 px-4\">G30-ZRPTTB Handbuch f\u00fcr GV34 \/ GV36 Ventile (Ultraschall)<\/td><td class=\"py-3 px-4\">Englisch<\/td><td class=\"py-3 px-4\">Bedienungsanleitung f\u00fcr das G30-ZRPTTB-Steuerungssystem, das mit GV34- und GV36-Ventilen verwendet wird und Ultraschalltechnologie integriert.<\/td><td class=\"py-3 px-4\"><a class=\"bg-green-500 text-white py-2 px-4 rounded hover:bg-green-600 transition\" href=\"https:\/\/sdmparts.eu\/wp-content\/uploads\/2025\/04\/G30-ZRPTTB-Handleiding-GV34-GV36-2017.pdf\" aria-label=\"Download G30-ZRPTTB Manual for GV34\/GV36 Valves in English\">Herunterladen<\/a><\/td><\/tr><\/tbody><\/table><\/div>\t\t\t\t\t\t\t\t<\/div>\n\t\t\t\t<\/div>\n\t\t\t\t\t<\/div>\n\t\t\t\t<\/div>\n\t\t<div class=\"elementor-element elementor-element-f99b5ff e-flex e-con-boxed e-con e-parent\" data-id=\"f99b5ff\" data-element_type=\"container\">\n\t\t\t\t\t<div class=\"e-con-inner\">\n\t\t\t\t\t<\/div>\n\t\t\t\t<\/div>\n\t\t\t\t<\/div>\n\t\t","protected":false},"excerpt":{"rendered":"<p>Herunterladbare Ressourcen Handbuch-Titel Sprache Beschreibung Herunterladen GV60 &#8211; Unidirektionales G6R Installations- und Bedienungshandbuch f\u00fcr OEM Deutsch Installations- und Bedienungsanleitung f\u00fcr das unidirektionale G6R-Steuerungssystem f\u00fcr GV60-Gasventile, bestimmt f\u00fcr OEM-Verwendung. Herunterladen GV60 &#8211; Unidirektionales G6R Installations- und Bedienungshandbuch f\u00fcr OEM Englisch Englische Version der Installations- und Bedienungsanleitung f\u00fcr das unidirektionale G6R-Steuerungssystem f\u00fcr GV60-Gasventile, f\u00fcr OEMs. Herunterladen GV60 [&hellip;]<\/p>\n","protected":false},"author":2,"featured_media":0,"parent":0,"menu_order":0,"comment_status":"closed","ping_status":"closed","template":"","meta":{"footnotes":""},"yst_prominent_words":[113,109,436,159],"class_list":["post-8351","page","type-page","status-publish","hentry"],"jetpack_sharing_enabled":true,"_links":{"self":[{"href":"https:\/\/sdmparts.eu\/de\/wp-json\/wp\/v2\/pages\/8351","targetHints":{"allow":["GET"]}}],"collection":[{"href":"https:\/\/sdmparts.eu\/de\/wp-json\/wp\/v2\/pages"}],"about":[{"href":"https:\/\/sdmparts.eu\/de\/wp-json\/wp\/v2\/types\/page"}],"author":[{"embeddable":true,"href":"https:\/\/sdmparts.eu\/de\/wp-json\/wp\/v2\/users\/2"}],"replies":[{"embeddable":true,"href":"https:\/\/sdmparts.eu\/de\/wp-json\/wp\/v2\/comments?post=8351"}],"version-history":[{"count":1,"href":"https:\/\/sdmparts.eu\/de\/wp-json\/wp\/v2\/pages\/8351\/revisions"}],"predecessor-version":[{"id":8352,"href":"https:\/\/sdmparts.eu\/de\/wp-json\/wp\/v2\/pages\/8351\/revisions\/8352"}],"wp:attachment":[{"href":"https:\/\/sdmparts.eu\/de\/wp-json\/wp\/v2\/media?parent=8351"}],"wp:term":[{"taxonomy":"yst_prominent_words","embeddable":true,"href":"https:\/\/sdmparts.eu\/de\/wp-json\/wp\/v2\/yst_prominent_words?post=8351"}],"curies":[{"name":"wp","href":"https:\/\/api.w.org\/{rel}","templated":true}]}}