{"id":7777,"date":"2017-10-03T14:11:20","date_gmt":"2025-04-28T21:29:34","guid":{"rendered":"https:\/\/sdmparts.eu\/product\/lp-schlauchadapter-1-4-lh\/"},"modified":"2025-04-29T13:07:03","modified_gmt":"2025-04-29T11:07:03","slug":"lp-schlauchadapter-1-4-lh","status":"publish","type":"product","link":"https:\/\/sdmparts.eu\/de\/produkt\/lp-schlauchadapter-1-4-lh\/","title":{"rendered":"LP-Schlauchadapter 1\/4&#8243; LH"},"content":{"rendered":"","protected":false},"excerpt":{"rendered":"<p>Zur Verbindung von 1\/4&#8243;LH-Gewindeanschl\u00fcssen mit Schl\u00e4uchen mit Innendurchmesser von \u00f810mm oder ID 8mm<\/p>\n","protected":false},"featured_media":7779,"template":"","meta":[],"product_brand":[],"product_cat":[663],"product_tag":[],"class_list":{"0":"post-7777","1":"product","2":"type-product","3":"status-publish","4":"has-post-thumbnail","6":"product_cat-fittings-de","8":"first","9":"outofstock","10":"taxable","11":"shipping-taxable","12":"purchasable","13":"product-type-simple"},"jetpack_sharing_enabled":true,"_links":{"self":[{"href":"https:\/\/sdmparts.eu\/de\/wp-json\/wp\/v2\/product\/7777","targetHints":{"allow":["GET"]}}],"collection":[{"href":"https:\/\/sdmparts.eu\/de\/wp-json\/wp\/v2\/product"}],"about":[{"href":"https:\/\/sdmparts.eu\/de\/wp-json\/wp\/v2\/types\/product"}],"version-history":[{"count":1,"href":"https:\/\/sdmparts.eu\/de\/wp-json\/wp\/v2\/product\/7777\/revisions"}],"predecessor-version":[{"id":8292,"href":"https:\/\/sdmparts.eu\/de\/wp-json\/wp\/v2\/product\/7777\/revisions\/8292"}],"wp:featuredmedia":[{"embeddable":true,"href":"https:\/\/sdmparts.eu\/de\/wp-json\/wp\/v2\/media\/7779"}],"wp:attachment":[{"href":"https:\/\/sdmparts.eu\/de\/wp-json\/wp\/v2\/media?parent=7777"}],"wp:term":[{"taxonomy":"product_brand","embeddable":true,"href":"https:\/\/sdmparts.eu\/de\/wp-json\/wp\/v2\/product_brand?post=7777"},{"taxonomy":"product_cat","embeddable":true,"href":"https:\/\/sdmparts.eu\/de\/wp-json\/wp\/v2\/product_cat?post=7777"},{"taxonomy":"product_tag","embeddable":true,"href":"https:\/\/sdmparts.eu\/de\/wp-json\/wp\/v2\/product_tag?post=7777"}],"curies":[{"name":"wp","href":"https:\/\/api.w.org\/{rel}","templated":true}]}}