{"id":7809,"date":"2017-11-29T22:23:42","date_gmt":"2025-04-28T21:29:58","guid":{"rendered":"https:\/\/sdmparts.eu\/product\/g6r-r4a-empfaenger\/"},"modified":"2025-04-29T13:07:03","modified_gmt":"2025-04-29T11:07:03","slug":"g6r-r4a-empfaenger","status":"publish","type":"product","link":"https:\/\/sdmparts.eu\/de\/produkt\/g6r-r4a-empfaenger\/","title":{"rendered":"G6R-R4A Empf\u00e4nger"},"content":{"rendered":"<p>&nbsp;<\/p>\n<p>Dieses Modell wurde bis 2009 hergestellt und ist nun nicht mehr in Produktion. Sie k\u00f6nnen es durch den Typ <a href=\"https:\/\/sdmparts.eu\/shop\/g6r-r4au\/\">G6R-R4AU Universalempf\u00e4nger<\/a> UND eine neue Fernbedienung <a href=\"https:\/\/sdmparts.eu\/shop\/g6r-h4t5-remote\/\">Typ G6R-H4T5<\/a> ersetzen. Ihr altes Handger\u00e4t \/ Ihre alte Fernbedienung wird aufgrund von \u00c4nderungen in den RF-Kommunikationsfrequenzen nicht mehr mit dem neuen Empf\u00e4nger kommunizieren k\u00f6nnen.  <\/p>\n","protected":false},"excerpt":{"rendered":"<p>Dieses Modell wurde bis 2009 hergestellt und ist nun nicht mehr in Produktion. Sie k\u00f6nnen es durch den Typ <a href=\"https:\/\/sdmparts.eu\/shop\/g6r-r4au\/\">G6R-R4AU Universalempf\u00e4nger<\/a> UND eine neue Fernbedienung <a href=\"https:\/\/sdmparts.eu\/shop\/g6r-h4t5-remote\/\">Typ G6R-H4T5<\/a> ersetzen. Ihr altes Handger\u00e4t \/ Ihre alte Fernbedienung wird aufgrund von \u00c4nderungen in den RF-Kommunikationsfrequenzen nicht mehr mit dem neuen Empf\u00e4nger kommunizieren k\u00f6nnen.  <\/p>\n","protected":false},"featured_media":1501,"template":"","meta":[],"product_brand":[],"product_cat":[704,669,694],"product_tag":[],"class_list":{"0":"post-7809","1":"product","2":"type-product","3":"status-publish","4":"has-post-thumbnail","6":"product_cat-empfanger-de","7":"product_cat-g6r-elektronik","8":"product_cat-gv60-de","10":"first","11":"outofstock","12":"taxable","13":"shipping-taxable","14":"purchasable","15":"product-type-simple"},"jetpack_sharing_enabled":true,"_links":{"self":[{"href":"https:\/\/sdmparts.eu\/de\/wp-json\/wp\/v2\/product\/7809","targetHints":{"allow":["GET"]}}],"collection":[{"href":"https:\/\/sdmparts.eu\/de\/wp-json\/wp\/v2\/product"}],"about":[{"href":"https:\/\/sdmparts.eu\/de\/wp-json\/wp\/v2\/types\/product"}],"version-history":[{"count":1,"href":"https:\/\/sdmparts.eu\/de\/wp-json\/wp\/v2\/product\/7809\/revisions"}],"predecessor-version":[{"id":8293,"href":"https:\/\/sdmparts.eu\/de\/wp-json\/wp\/v2\/product\/7809\/revisions\/8293"}],"wp:featuredmedia":[{"embeddable":true,"href":"https:\/\/sdmparts.eu\/de\/wp-json\/wp\/v2\/media\/1501"}],"wp:attachment":[{"href":"https:\/\/sdmparts.eu\/de\/wp-json\/wp\/v2\/media?parent=7809"}],"wp:term":[{"taxonomy":"product_brand","embeddable":true,"href":"https:\/\/sdmparts.eu\/de\/wp-json\/wp\/v2\/product_brand?post=7809"},{"taxonomy":"product_cat","embeddable":true,"href":"https:\/\/sdmparts.eu\/de\/wp-json\/wp\/v2\/product_cat?post=7809"},{"taxonomy":"product_tag","embeddable":true,"href":"https:\/\/sdmparts.eu\/de\/wp-json\/wp\/v2\/product_tag?post=7809"}],"curies":[{"name":"wp","href":"https:\/\/api.w.org\/{rel}","templated":true}]}}