{"id":7832,"date":"2019-10-16T11:52:27","date_gmt":"2019-10-16T09:52:27","guid":{"rendered":"https:\/\/sdmparts.eu\/product\/b6r-r8p-empfaenger-symax\/"},"modified":"2026-01-10T19:31:43","modified_gmt":"2026-01-10T18:31:43","slug":"b6r-r8p-empfaenger-symax","status":"publish","type":"product","link":"https:\/\/sdmparts.eu\/de\/produkt\/b6r-r8p-empfaenger-symax\/","title":{"rendered":"B6R-R8P Empf\u00e4nger Symax"},"content":{"rendered":"<p>Mertik Maxitrol Symax Empf\u00e4nger Typ B6R-R8P f\u00fcr Gaskamine mit GV60 Gassteuerung.<br \/>\nWir empfehlen dringend, diesen Empf\u00e4nger zusammen mit dem <a href=\"https:\/\/sdmparts.eu\/shop\/g60-zma\/\">220V-Netzadapter<\/a> zu verwenden!<br \/>\nBei Verwendung von Batterien stellen Sie bitte sicher, hochwertige Alkaline-Batterien zu nutzen!<\/p>\n<p>Dieser Empf\u00e4nger ist Teil der neuen Symax-Serie (blaues Etikett) von Mertik Maxitrol.<\/p>\n","protected":false},"excerpt":{"rendered":"<p>Mertik Maxitrol Symax Empf\u00e4nger Typ B6R-R8P f\u00fcr Gaskamine mit GV60 Gassteuerung.<\/p>\n","protected":false},"featured_media":7833,"template":"","meta":[],"product_brand":[],"product_cat":[649,696,694],"product_tag":[],"class_list":{"0":"post-7832","1":"product","2":"type-product","3":"status-publish","4":"has-post-thumbnail","6":"product_cat-b6r-elektronik","7":"product_cat-empfanger","8":"product_cat-gv60-de","10":"first","11":"outofstock","12":"downloadable","13":"taxable","14":"shipping-taxable","15":"purchasable","16":"product-type-simple"},"jetpack_sharing_enabled":true,"_links":{"self":[{"href":"https:\/\/sdmparts.eu\/de\/wp-json\/wp\/v2\/product\/7832","targetHints":{"allow":["GET"]}}],"collection":[{"href":"https:\/\/sdmparts.eu\/de\/wp-json\/wp\/v2\/product"}],"about":[{"href":"https:\/\/sdmparts.eu\/de\/wp-json\/wp\/v2\/types\/product"}],"version-history":[{"count":1,"href":"https:\/\/sdmparts.eu\/de\/wp-json\/wp\/v2\/product\/7832\/revisions"}],"predecessor-version":[{"id":8303,"href":"https:\/\/sdmparts.eu\/de\/wp-json\/wp\/v2\/product\/7832\/revisions\/8303"}],"wp:featuredmedia":[{"embeddable":true,"href":"https:\/\/sdmparts.eu\/de\/wp-json\/wp\/v2\/media\/7833"}],"wp:attachment":[{"href":"https:\/\/sdmparts.eu\/de\/wp-json\/wp\/v2\/media?parent=7832"}],"wp:term":[{"taxonomy":"product_brand","embeddable":true,"href":"https:\/\/sdmparts.eu\/de\/wp-json\/wp\/v2\/product_brand?post=7832"},{"taxonomy":"product_cat","embeddable":true,"href":"https:\/\/sdmparts.eu\/de\/wp-json\/wp\/v2\/product_cat?post=7832"},{"taxonomy":"product_tag","embeddable":true,"href":"https:\/\/sdmparts.eu\/de\/wp-json\/wp\/v2\/product_tag?post=7832"}],"curies":[{"name":"wp","href":"https:\/\/api.w.org\/{rel}","templated":true}]}}