{"id":7836,"date":"2019-06-07T13:22:10","date_gmt":"2019-06-07T11:22:10","guid":{"rendered":"https:\/\/sdmparts.eu\/product\/duracell-plus-power-alkaline-aa-4x\/"},"modified":"2025-04-28T23:30:23","modified_gmt":"2025-04-28T21:30:23","slug":"duracell-plus-power-alkaline-aa-4x","status":"publish","type":"product","link":"https:\/\/sdmparts.eu\/de\/produkt\/duracell-plus-power-alkaline-aa-4x\/","title":{"rendered":"Duracell Plus Power Alkaline AA 4x"},"content":{"rendered":"<p>Auch bekannt als AA, LR6, MN1500, AM3, UM3, HP7, D14, Mignon, Penlight<\/p>\n<p>K\u00f6nnen verwendet werden und sind f\u00fcr den Mertik Maxitrol Empf\u00e4nger empfohlen.<\/p>\n","protected":false},"excerpt":{"rendered":"<p>Auch bekannt als AA, LR6, MN1500, AM3, UM3, HP7, D14, Mignon, Penlight<br \/>\nK\u00f6nnen verwendet werden und sind f\u00fcr den Mertik Maxitrol Empf\u00e4nger empfohlen.<\/p>\n","protected":false},"featured_media":7837,"template":"","meta":[],"product_brand":[],"product_cat":[671],"product_tag":[],"class_list":{"0":"post-7836","1":"product","2":"type-product","3":"status-publish","4":"has-post-thumbnail","6":"product_cat-stromversorgungsoptionen","8":"first","9":"instock","10":"taxable","11":"shipping-taxable","12":"purchasable","13":"product-type-simple"},"jetpack_sharing_enabled":true,"_links":{"self":[{"href":"https:\/\/sdmparts.eu\/de\/wp-json\/wp\/v2\/product\/7836","targetHints":{"allow":["GET"]}}],"collection":[{"href":"https:\/\/sdmparts.eu\/de\/wp-json\/wp\/v2\/product"}],"about":[{"href":"https:\/\/sdmparts.eu\/de\/wp-json\/wp\/v2\/types\/product"}],"version-history":[{"count":0,"href":"https:\/\/sdmparts.eu\/de\/wp-json\/wp\/v2\/product\/7836\/revisions"}],"wp:featuredmedia":[{"embeddable":true,"href":"https:\/\/sdmparts.eu\/de\/wp-json\/wp\/v2\/media\/7837"}],"wp:attachment":[{"href":"https:\/\/sdmparts.eu\/de\/wp-json\/wp\/v2\/media?parent=7836"}],"wp:term":[{"taxonomy":"product_brand","embeddable":true,"href":"https:\/\/sdmparts.eu\/de\/wp-json\/wp\/v2\/product_brand?post=7836"},{"taxonomy":"product_cat","embeddable":true,"href":"https:\/\/sdmparts.eu\/de\/wp-json\/wp\/v2\/product_cat?post=7836"},{"taxonomy":"product_tag","embeddable":true,"href":"https:\/\/sdmparts.eu\/de\/wp-json\/wp\/v2\/product_tag?post=7836"}],"curies":[{"name":"wp","href":"https:\/\/api.w.org\/{rel}","templated":true}]}}