{"id":7889,"date":"2022-10-07T13:19:16","date_gmt":"2022-10-07T11:19:16","guid":{"rendered":"https:\/\/sdmparts.eu\/product\/ods-universal-zuendbrenner-ng\/"},"modified":"2025-04-28T23:30:58","modified_gmt":"2025-04-28T21:30:58","slug":"ods-universal-zuendbrenner-ng","status":"publish","type":"product","link":"https:\/\/sdmparts.eu\/de\/produkt\/ods-universal-zuendbrenner-ng\/","title":{"rendered":"ODS Universal-Z\u00fcndbrenner NG"},"content":{"rendered":"<p>Universal-Z\u00fcndbrenner mit ODS-Funktionalit\u00e4t (Sauerstoffmangelsensor).<br \/>\nAusgestattet mit einer M9-Mutter.<\/p>\n","protected":false},"excerpt":{"rendered":"<p>Universal-Z\u00fcndbrenner mit ODS-Funktionalit\u00e4t (Sauerstoffmangelsensor).<br \/>\nGasart: NG<br \/>\nThermoelement-Anschluss: M9<br \/>\nZ\u00fcndkabel-Anschluss: 2,8&#215;0,5mm Stecker<br \/>\nKabell\u00e4nge: 850mm<br \/>\nGasanschluss: 90-Grad-Winkel<\/p>\n","protected":false},"featured_media":7891,"template":"","meta":[],"product_brand":[],"product_cat":[657],"product_tag":[],"class_list":{"0":"post-7889","1":"product","2":"type-product","3":"status-publish","4":"has-post-thumbnail","6":"product_cat-zundbrenner","8":"first","9":"outofstock","10":"taxable","11":"shipping-taxable","12":"purchasable","13":"product-type-simple"},"jetpack_sharing_enabled":true,"_links":{"self":[{"href":"https:\/\/sdmparts.eu\/de\/wp-json\/wp\/v2\/product\/7889","targetHints":{"allow":["GET"]}}],"collection":[{"href":"https:\/\/sdmparts.eu\/de\/wp-json\/wp\/v2\/product"}],"about":[{"href":"https:\/\/sdmparts.eu\/de\/wp-json\/wp\/v2\/types\/product"}],"version-history":[{"count":0,"href":"https:\/\/sdmparts.eu\/de\/wp-json\/wp\/v2\/product\/7889\/revisions"}],"wp:featuredmedia":[{"embeddable":true,"href":"https:\/\/sdmparts.eu\/de\/wp-json\/wp\/v2\/media\/7891"}],"wp:attachment":[{"href":"https:\/\/sdmparts.eu\/de\/wp-json\/wp\/v2\/media?parent=7889"}],"wp:term":[{"taxonomy":"product_brand","embeddable":true,"href":"https:\/\/sdmparts.eu\/de\/wp-json\/wp\/v2\/product_brand?post=7889"},{"taxonomy":"product_cat","embeddable":true,"href":"https:\/\/sdmparts.eu\/de\/wp-json\/wp\/v2\/product_cat?post=7889"},{"taxonomy":"product_tag","embeddable":true,"href":"https:\/\/sdmparts.eu\/de\/wp-json\/wp\/v2\/product_tag?post=7889"}],"curies":[{"name":"wp","href":"https:\/\/api.w.org\/{rel}","templated":true}]}}