{"id":7930,"date":"2022-10-07T14:17:46","date_gmt":"2022-10-07T12:17:46","guid":{"rendered":"https:\/\/sdmparts.eu\/product\/puck-fernbedienung-schwarz\/"},"modified":"2025-12-11T12:09:59","modified_gmt":"2025-12-11T11:09:59","slug":"puck-fernbedienung-schwarz","status":"publish","type":"product","link":"https:\/\/sdmparts.eu\/de\/produkt\/puck-fernbedienung-schwarz\/","title":{"rendered":"Puck-Fernbedienung Schwarz"},"content":{"rendered":"<p>Maxitrol Puck-Fernbedienung zur Verwendung in Kombination mit SYMAX 2 Elektronik.<br \/>\nDie Artikelnummer lautet B6R-H8SPB<br \/>\nDas Produkt ist ein geeigneter Ersatz f\u00fcr die B6R-H8SPW, welche die gleiche Fernbedienung in Wei\u00df darstellt.<\/p>\n","protected":false},"excerpt":{"rendered":"<p>Maxitrol Puck-Fernbedienung B6R-H8SPB zur Verwendung in Kombination mit SYMAX 2 Elektronik.<br \/>\nVerf\u00fcgt \u00fcber 3 Tasten. Kann als kosteng\u00fcnstigere Alternative zu den 8- oder 10-Tasten-Fernbedienungen verwendet werden, wenn Sie WLAN \u00fcber das <a href=\"https:\/\/sdmparts.eu\/de\/produkt\/b6r-w2mr-2-wlan-box-maxitrol\/\">SYMAX WLAN-Modul<\/a> einrichten. <\/p>\n","protected":false},"featured_media":7931,"template":"","meta":[],"product_brand":[],"product_cat":[649,699,694],"product_tag":[],"class_list":{"0":"post-7930","1":"product","2":"type-product","3":"status-publish","4":"has-post-thumbnail","6":"product_cat-b6r-elektronik","7":"product_cat-fernbedienungen","8":"product_cat-gv60-de","10":"first","11":"instock","12":"taxable","13":"shipping-taxable","14":"purchasable","15":"product-type-simple"},"jetpack_sharing_enabled":true,"_links":{"self":[{"href":"https:\/\/sdmparts.eu\/de\/wp-json\/wp\/v2\/product\/7930","targetHints":{"allow":["GET"]}}],"collection":[{"href":"https:\/\/sdmparts.eu\/de\/wp-json\/wp\/v2\/product"}],"about":[{"href":"https:\/\/sdmparts.eu\/de\/wp-json\/wp\/v2\/types\/product"}],"version-history":[{"count":1,"href":"https:\/\/sdmparts.eu\/de\/wp-json\/wp\/v2\/product\/7930\/revisions"}],"predecessor-version":[{"id":8205,"href":"https:\/\/sdmparts.eu\/de\/wp-json\/wp\/v2\/product\/7930\/revisions\/8205"}],"wp:featuredmedia":[{"embeddable":true,"href":"https:\/\/sdmparts.eu\/de\/wp-json\/wp\/v2\/media\/7931"}],"wp:attachment":[{"href":"https:\/\/sdmparts.eu\/de\/wp-json\/wp\/v2\/media?parent=7930"}],"wp:term":[{"taxonomy":"product_brand","embeddable":true,"href":"https:\/\/sdmparts.eu\/de\/wp-json\/wp\/v2\/product_brand?post=7930"},{"taxonomy":"product_cat","embeddable":true,"href":"https:\/\/sdmparts.eu\/de\/wp-json\/wp\/v2\/product_cat?post=7930"},{"taxonomy":"product_tag","embeddable":true,"href":"https:\/\/sdmparts.eu\/de\/wp-json\/wp\/v2\/product_tag?post=7930"}],"curies":[{"name":"wp","href":"https:\/\/api.w.org\/{rel}","templated":true}]}}