{"id":7964,"date":"2022-10-11T12:09:05","date_gmt":"2025-04-28T21:31:43","guid":{"rendered":"https:\/\/sdmparts.eu\/product\/gv60-wlan-set\/"},"modified":"2025-04-28T23:31:43","modified_gmt":"2025-04-28T21:31:43","slug":"gv60-wlan-set","status":"publish","type":"product","link":"https:\/\/sdmparts.eu\/de\/produkt\/gv60-wlan-set\/","title":{"rendered":"GV60 WLAN-Set"},"content":{"rendered":"<p>Sofern Sie bereits \u00fcber einen Kamin verf\u00fcgen, der mit einem Maxitrol\u00ae GV60-Ventil betrieben wird, besteht die Option, auf die neueste SYMAX 2-Elektronik aufzur\u00fcsten, wodurch Sie Ihren Kamin mittels einer Applikation auf Ihrem Mobiltelefon bedienen k\u00f6nnen.<\/p>\n<p>Voraussetzungen<br \/>\n1) W\u00e4hlen Sie eine der verf\u00fcgbaren SYMAX 2-Fernbedienungen aus; eine Fernbedienung ist stets f\u00fcr die Systemeinrichtung erforderlich.<br \/>\n2) W\u00e4hlen Sie den korrekten SYMAX 2-Empf\u00e4nger (mit \/ ohne 2. Thermoelement)<br \/>\n3) F\u00fcgen Sie einen 220V-Adapter hinzu, falls Sie noch keinen besitzen (zwingend erforderlich f\u00fcr die Verwendung mit der WLAN-Box!)<br \/>\n4) Erg\u00e4nzen Sie Ihr Set um die WLAN-Box (Kabel ist im Lieferumfang enthalten)<\/p>\n<p>Bitte beachten Sie, dass die WLAN-Box ausschlie\u00dflich mit SYMAX 2-Empf\u00e4ngern kompatibel ist. Sollten Sie \u00fcber einen Maxitrol\u00ae-Empf\u00e4nger verf\u00fcgen, dessen Artikelnummer mit G6R beginnt, ist die Verwendung dieser WLAN-Box nicht m\u00f6glich! <\/p>\n<p>Die WLAN-Box ist kompatibel mit der <a href=\"http:\/\/myfireapp.com\/nl\/\">myfire App<\/a>.<\/p>\n","protected":false},"excerpt":{"rendered":"<p>Stellen Sie ein WLAN-Set zusammen, um Ihr GV60-System f\u00fcr die Nutzung mit einer Applikation auf Ihrem Mobiltelefon aufzur\u00fcsten. F\u00fcr weitere Anweisungen scrollen Sie bitte auf dieser Seite nach unten. <\/p>\n","protected":false},"featured_media":7966,"template":"","meta":[],"product_brand":[],"product_cat":[645],"product_tag":[],"class_list":{"0":"post-7964","1":"product","2":"type-product","3":"status-publish","4":"has-post-thumbnail","6":"product_cat-nicht-kategorisiert","8":"first","9":"instock","10":"sale","11":"taxable","12":"shipping-taxable","13":"product-type-grouped"},"jetpack_sharing_enabled":true,"_links":{"self":[{"href":"https:\/\/sdmparts.eu\/de\/wp-json\/wp\/v2\/product\/7964","targetHints":{"allow":["GET"]}}],"collection":[{"href":"https:\/\/sdmparts.eu\/de\/wp-json\/wp\/v2\/product"}],"about":[{"href":"https:\/\/sdmparts.eu\/de\/wp-json\/wp\/v2\/types\/product"}],"version-history":[{"count":0,"href":"https:\/\/sdmparts.eu\/de\/wp-json\/wp\/v2\/product\/7964\/revisions"}],"wp:featuredmedia":[{"embeddable":true,"href":"https:\/\/sdmparts.eu\/de\/wp-json\/wp\/v2\/media\/7966"}],"wp:attachment":[{"href":"https:\/\/sdmparts.eu\/de\/wp-json\/wp\/v2\/media?parent=7964"}],"wp:term":[{"taxonomy":"product_brand","embeddable":true,"href":"https:\/\/sdmparts.eu\/de\/wp-json\/wp\/v2\/product_brand?post=7964"},{"taxonomy":"product_cat","embeddable":true,"href":"https:\/\/sdmparts.eu\/de\/wp-json\/wp\/v2\/product_cat?post=7964"},{"taxonomy":"product_tag","embeddable":true,"href":"https:\/\/sdmparts.eu\/de\/wp-json\/wp\/v2\/product_tag?post=7964"}],"curies":[{"name":"wp","href":"https:\/\/api.w.org\/{rel}","templated":true}]}}