{"id":7972,"date":"2022-10-11T11:54:42","date_gmt":"2025-04-28T21:31:45","guid":{"rendered":"https:\/\/sdmparts.eu\/product\/gv60-g6r-elektronik-set\/"},"modified":"2025-04-28T23:31:45","modified_gmt":"2025-04-28T21:31:45","slug":"gv60-g6r-elektronik-set","status":"publish","type":"product","link":"https:\/\/sdmparts.eu\/de\/produkt\/gv60-g6r-elektronik-set\/","title":{"rendered":"GV60 &#8211; G6R Elektronik-Set"},"content":{"rendered":"<p>Das G6R Elektronik-Set w\u00fcrde aus den folgenden Elementen bestehen, welche auch separat bestellt werden k\u00f6nnen.<br \/>\nFernbedienung + Empf\u00e4nger + Netzteil.<\/p>\n<p><strong>Fernbedienungen<\/strong><br \/>\nWir bieten zwei Fernbedienungen der G6R Elektronik-Linie an. Es gibt zwar viele weitere, aber die von uns angebotenen sind die universellsten.<br \/>\nG6R-H4T5 &#8211; Fernbedienung mit Display, Thermostat und Timer<br \/>\nG6R-H4T2 &#8211; Fernbedienung mit Display, Thermostat und Timer + erm\u00f6glicht die Bedienung eines zweiten Brenners.<br \/>\nSollten Sie einen Kamin mit Abgasgebl\u00e4se besitzen, kontaktieren Sie uns bitte per E-Mail unter sales@sdmparts.eu<\/p>\n<p><strong>Empf\u00e4nger<\/strong><br \/>\nWir bieten zwei Empf\u00e4nger der G6R Elektronik-Linie an.<br \/>\nG6R-R4AU &#8211; Universalempf\u00e4nger, kann als Ersatz f\u00fcr den G6R-R4AM (Standard) Empf\u00e4nger verwendet werden.<br \/>\nG6R-R4AUT &#8211; Universalempf\u00e4nger mit Anschluss f\u00fcr ein zweites Thermoelement. Einige Gaskamine sind mit einem zweiten Thermoelement f\u00fcr zus\u00e4tzliche Sicherheit ausgestattet. Falls Ihr Gaskamin kein zweites Thermoelement besitzt, bestellen Sie diesen Empf\u00e4nger bitte nicht, da er ohne dieses nicht funktionieren wird!<\/p>\n<p><strong>Stromversorgung<\/strong><br \/>\nDie Elektronik kann entweder \u00fcber Batterien oder \u00fcber einen Netzadapter mit Strom versorgt werden. Wir empfehlen dringend die Verwendung des 220V-Adapters, da dieser die geringste Menge an<\/p>\n","protected":false},"excerpt":{"rendered":"<p>Komplett neues Elektronik-Set f\u00fcr GV60 &#8211; G6R Elektronik. Siehe vollst\u00e4ndige Beschreibung unten.<\/p>\n","protected":false},"featured_media":7973,"template":"","meta":[],"product_brand":[],"product_cat":[645],"product_tag":[],"class_list":{"0":"post-7972","1":"product","2":"type-product","3":"status-publish","4":"has-post-thumbnail","6":"product_cat-nicht-kategorisiert","8":"first","9":"instock","10":"sale","11":"taxable","12":"shipping-taxable","13":"product-type-grouped"},"jetpack_sharing_enabled":true,"_links":{"self":[{"href":"https:\/\/sdmparts.eu\/de\/wp-json\/wp\/v2\/product\/7972","targetHints":{"allow":["GET"]}}],"collection":[{"href":"https:\/\/sdmparts.eu\/de\/wp-json\/wp\/v2\/product"}],"about":[{"href":"https:\/\/sdmparts.eu\/de\/wp-json\/wp\/v2\/types\/product"}],"version-history":[{"count":0,"href":"https:\/\/sdmparts.eu\/de\/wp-json\/wp\/v2\/product\/7972\/revisions"}],"wp:featuredmedia":[{"embeddable":true,"href":"https:\/\/sdmparts.eu\/de\/wp-json\/wp\/v2\/media\/7973"}],"wp:attachment":[{"href":"https:\/\/sdmparts.eu\/de\/wp-json\/wp\/v2\/media?parent=7972"}],"wp:term":[{"taxonomy":"product_brand","embeddable":true,"href":"https:\/\/sdmparts.eu\/de\/wp-json\/wp\/v2\/product_brand?post=7972"},{"taxonomy":"product_cat","embeddable":true,"href":"https:\/\/sdmparts.eu\/de\/wp-json\/wp\/v2\/product_cat?post=7972"},{"taxonomy":"product_tag","embeddable":true,"href":"https:\/\/sdmparts.eu\/de\/wp-json\/wp\/v2\/product_tag?post=7972"}],"curies":[{"name":"wp","href":"https:\/\/api.w.org\/{rel}","templated":true}]}}