{"id":7992,"date":"2022-10-11T16:23:17","date_gmt":"2022-10-11T14:23:17","guid":{"rendered":"https:\/\/sdmparts.eu\/product\/gv32-manuelles-gasventil\/"},"modified":"2026-04-23T11:15:22","modified_gmt":"2026-04-23T09:15:22","slug":"gv32-manuelles-gasventil","status":"publish","type":"product","link":"https:\/\/sdmparts.eu\/de\/produkt\/gv32-manuelles-gasventil\/","title":{"rendered":"GV32 Manuelles Gasventil"},"content":{"rendered":"","protected":false},"excerpt":{"rendered":"<p>Manuell bet\u00e4tigtes Gasventil von Maxitrol\u00ae<br \/>\nArtikelnummer: GV32-C5&#8230;..<br \/>\nGasanschl\u00fcsse: 5 &gt; 2 m\u00f6gliche Einl\u00e4sse, 2 m\u00f6gliche Ausl\u00e4sse f\u00fcr den Hauptgasbrenner 1 Auslass f\u00fcr den Z\u00fcndbrenner<br \/>\nZ\u00fcndung: Piezo<br \/>\nZ\u00fcndkabell\u00e4nge: 500 mm<br \/>\nZ\u00fcndanschluss: 2,8&#215;0,5 mm Buchse<\/p>\n<p>Anschlussst\u00fccke oder <a href=\"https:\/\/sdmparts.eu\/product\/seal-plug\/\">Stopfen<\/a> nicht im Lieferumfang enthalten!<\/p>\n","protected":false},"featured_media":7996,"template":"","meta":[],"product_brand":[],"product_cat":[666],"product_tag":[],"class_list":{"0":"post-7992","1":"product","2":"type-product","3":"status-publish","4":"has-post-thumbnail","6":"product_cat-andere-ventile","8":"first","9":"outofstock","10":"taxable","11":"shipping-taxable","12":"purchasable","13":"product-type-simple"},"jetpack_sharing_enabled":true,"_links":{"self":[{"href":"https:\/\/sdmparts.eu\/de\/wp-json\/wp\/v2\/product\/7992","targetHints":{"allow":["GET"]}}],"collection":[{"href":"https:\/\/sdmparts.eu\/de\/wp-json\/wp\/v2\/product"}],"about":[{"href":"https:\/\/sdmparts.eu\/de\/wp-json\/wp\/v2\/types\/product"}],"version-history":[{"count":0,"href":"https:\/\/sdmparts.eu\/de\/wp-json\/wp\/v2\/product\/7992\/revisions"}],"wp:featuredmedia":[{"embeddable":true,"href":"https:\/\/sdmparts.eu\/de\/wp-json\/wp\/v2\/media\/7996"}],"wp:attachment":[{"href":"https:\/\/sdmparts.eu\/de\/wp-json\/wp\/v2\/media?parent=7992"}],"wp:term":[{"taxonomy":"product_brand","embeddable":true,"href":"https:\/\/sdmparts.eu\/de\/wp-json\/wp\/v2\/product_brand?post=7992"},{"taxonomy":"product_cat","embeddable":true,"href":"https:\/\/sdmparts.eu\/de\/wp-json\/wp\/v2\/product_cat?post=7992"},{"taxonomy":"product_tag","embeddable":true,"href":"https:\/\/sdmparts.eu\/de\/wp-json\/wp\/v2\/product_tag?post=7992"}],"curies":[{"name":"wp","href":"https:\/\/api.w.org\/{rel}","templated":true}]}}