{"id":8000,"date":"2024-10-19T16:20:10","date_gmt":"2024-10-19T14:20:10","guid":{"rendered":"https:\/\/sdmparts.eu\/product\/b6r-h8tv4pbd-symax-fernbedienung\/"},"modified":"2026-02-25T13:52:55","modified_gmt":"2026-02-25T12:52:55","slug":"b6r-h8tv4pbd-symax-fernbedienung","status":"publish","type":"product","link":"https:\/\/sdmparts.eu\/de\/produkt\/b6r-h8tv4pbd-symax-fernbedienung\/","title":{"rendered":"B6R-H8TV4PBD Symax Fernbedienung"},"content":{"rendered":"<p>Mertik 10-Tasten-Fernbedienung B6R-H8TV4PBD f\u00fcr Gasfeuerungen mit dem GV60-Steuerventilsystem und Symax-Elektronik.<cx id=\"gid_0\"><\/cx><cx id=\"gid_1\"><\/cx>Verf\u00fcgt \u00fcber 10 Tasten und ist ein geeigneter Ersatz f\u00fcr andere Symax-Fernbedienungen mit 4, 6 oder 8 Tasten.<\/p>\n","protected":false},"excerpt":{"rendered":"<p>Mertik Fernbedienung B6R-H8TV4PBD f\u00fcr Gasfeuerungen mit dem GV60-Steuerventilsystem und Symax-Elektronik.<cx id=\"gid_0\"><\/cx><cx id=\"gid_1\"><\/cx>Verf\u00fcgt \u00fcber 10 Tasten und ist ein geeigneter Ersatz f\u00fcr andere Symax-Fernbedienungen mit 4, 6 oder 8 Tasten.<\/p>\n","protected":false},"featured_media":8002,"template":"","meta":[],"product_brand":[],"product_cat":[649,699,694],"product_tag":[],"class_list":{"0":"post-8000","1":"product","2":"type-product","3":"status-publish","4":"has-post-thumbnail","6":"product_cat-b6r-elektronik","7":"product_cat-fernbedienungen","8":"product_cat-gv60-de","10":"first","11":"instock","12":"downloadable","13":"taxable","14":"shipping-taxable","15":"purchasable","16":"product-type-simple"},"jetpack_sharing_enabled":true,"_links":{"self":[{"href":"https:\/\/sdmparts.eu\/de\/wp-json\/wp\/v2\/product\/8000","targetHints":{"allow":["GET"]}}],"collection":[{"href":"https:\/\/sdmparts.eu\/de\/wp-json\/wp\/v2\/product"}],"about":[{"href":"https:\/\/sdmparts.eu\/de\/wp-json\/wp\/v2\/types\/product"}],"version-history":[{"count":1,"href":"https:\/\/sdmparts.eu\/de\/wp-json\/wp\/v2\/product\/8000\/revisions"}],"predecessor-version":[{"id":8238,"href":"https:\/\/sdmparts.eu\/de\/wp-json\/wp\/v2\/product\/8000\/revisions\/8238"}],"wp:featuredmedia":[{"embeddable":true,"href":"https:\/\/sdmparts.eu\/de\/wp-json\/wp\/v2\/media\/8002"}],"wp:attachment":[{"href":"https:\/\/sdmparts.eu\/de\/wp-json\/wp\/v2\/media?parent=8000"}],"wp:term":[{"taxonomy":"product_brand","embeddable":true,"href":"https:\/\/sdmparts.eu\/de\/wp-json\/wp\/v2\/product_brand?post=8000"},{"taxonomy":"product_cat","embeddable":true,"href":"https:\/\/sdmparts.eu\/de\/wp-json\/wp\/v2\/product_cat?post=8000"},{"taxonomy":"product_tag","embeddable":true,"href":"https:\/\/sdmparts.eu\/de\/wp-json\/wp\/v2\/product_tag?post=8000"}],"curies":[{"name":"wp","href":"https:\/\/api.w.org\/{rel}","templated":true}]}}