{"id":8014,"date":"2024-10-19T13:20:26","date_gmt":"2024-10-19T11:20:26","guid":{"rendered":"https:\/\/sdmparts.eu\/product\/b6r-r8pc-empfaenger-symax\/"},"modified":"2026-02-28T11:16:59","modified_gmt":"2026-02-28T10:16:59","slug":"b6r-r8pc-empfaenger-symax","status":"publish","type":"product","link":"https:\/\/sdmparts.eu\/de\/produkt\/b6r-r8pc-empfaenger-symax\/","title":{"rendered":"B6R-R8PC Empf\u00e4nger Symax"},"content":{"rendered":"<p>Mertik Maxitrol Symax Empf\u00e4nger Typ B6R-R8PC f\u00fcr Gaskamine mit GV60 Gassteuerung. Verf\u00fcgt \u00fcber exakt dieselbe Hardware und Software wie der B6R-R8P, jedoch mit einer beschichteten Leiterplatte zur Steigerung der Lebensdauer.<br \/>\nWir empfehlen Ihnen dringend, diesen Empf\u00e4nger zusammen mit dem <a href=\"https:\/\/sdmparts.eu\/shop\/g60-zma\/\">220V-Netzadapter<\/a> zu verwenden!<br \/>\nBei Verwendung von Batterien stellen Sie bitte sicher, qualitativ hochwertige Alkalibatterien zu benutzen!<\/p>\n<p>Dieser Empf\u00e4nger ist Teil der neuen Symax 2 Serie von Mertik Maxitrol.<\/p>\n","protected":false},"excerpt":{"rendered":"<p>Mertik Maxitrol Symax Empf\u00e4nger Typ B6R-R8PC f\u00fcr Gaskamine mit GV60 Gassteuerung.<\/p>\n","protected":false},"featured_media":7833,"template":"","meta":[],"product_brand":[],"product_cat":[649,696],"product_tag":[],"class_list":{"0":"post-8014","1":"product","2":"type-product","3":"status-publish","4":"has-post-thumbnail","6":"product_cat-b6r-elektronik","7":"product_cat-empfanger","9":"first","10":"instock","11":"downloadable","12":"taxable","13":"shipping-taxable","14":"purchasable","15":"product-type-simple"},"jetpack_sharing_enabled":true,"_links":{"self":[{"href":"https:\/\/sdmparts.eu\/de\/wp-json\/wp\/v2\/product\/8014","targetHints":{"allow":["GET"]}}],"collection":[{"href":"https:\/\/sdmparts.eu\/de\/wp-json\/wp\/v2\/product"}],"about":[{"href":"https:\/\/sdmparts.eu\/de\/wp-json\/wp\/v2\/types\/product"}],"version-history":[{"count":1,"href":"https:\/\/sdmparts.eu\/de\/wp-json\/wp\/v2\/product\/8014\/revisions"}],"predecessor-version":[{"id":8237,"href":"https:\/\/sdmparts.eu\/de\/wp-json\/wp\/v2\/product\/8014\/revisions\/8237"}],"wp:featuredmedia":[{"embeddable":true,"href":"https:\/\/sdmparts.eu\/de\/wp-json\/wp\/v2\/media\/7833"}],"wp:attachment":[{"href":"https:\/\/sdmparts.eu\/de\/wp-json\/wp\/v2\/media?parent=8014"}],"wp:term":[{"taxonomy":"product_brand","embeddable":true,"href":"https:\/\/sdmparts.eu\/de\/wp-json\/wp\/v2\/product_brand?post=8014"},{"taxonomy":"product_cat","embeddable":true,"href":"https:\/\/sdmparts.eu\/de\/wp-json\/wp\/v2\/product_cat?post=8014"},{"taxonomy":"product_tag","embeddable":true,"href":"https:\/\/sdmparts.eu\/de\/wp-json\/wp\/v2\/product_tag?post=8014"}],"curies":[{"name":"wp","href":"https:\/\/api.w.org\/{rel}","templated":true}]}}