{"id":8031,"date":"2025-01-31T14:41:34","date_gmt":"2025-01-31T13:41:34","guid":{"rendered":"https:\/\/sdmparts.eu\/product\/g6r-r4auc-empfaenger\/"},"modified":"2026-05-15T13:50:43","modified_gmt":"2026-05-15T11:50:43","slug":"g6r-r4auc-empfaenger","status":"publish","type":"product","link":"https:\/\/sdmparts.eu\/de\/produkt\/g6r-r4auc-empfaenger\/","title":{"rendered":"G6R-R4AUC Empf\u00e4nger"},"content":{"rendered":"<p>Mertik Maxitrol Empf\u00e4nger Typ G6R-R4AUC f\u00fcr Gaskamine mit GV60 Gassteuerung. Dies ist exakt der gleiche Empf\u00e4nger wie der G6R-R4AU, jedoch wurde die Leiterplatte mit einer Schutzbeschichtung versehen. <\/p>\n<p>Wir empfehlen dringend, diesen Empf\u00e4nger zusammen mit diesem <a href=\"https:\/\/sdmparts.eu\/shop\/g60-zma\/\">220V-Netzteil<\/a> zu verwenden!<br \/>\nBei Verwendung von Batterien achten Sie bitte darauf, hochwertige Alkaline-Batterien zu benutzen!<\/p>\n<p>Verwenden Sie diesen als Ersatz f\u00fcr die folgenden Empf\u00e4ngercodes:<br \/>\n&#8211; G6R-R4AN<br \/>\n&#8211; G6R-R4AM<br \/>\n&#8211; G6R-R4AMC<br \/>\n&#8211; G6R-R4AU<br \/>\n&#8211; G6R-R4AUC<\/p>\n<p>Verwenden Sie diesen nicht als Ersatz f\u00fcr die folgenden Empf\u00e4ngercodes:<br \/>\n&#8211; G6R-R4A*<br \/>\n&#8211; G6R-R4AUT<br \/>\n&#8211; G6R-R4AKT<br \/>\n&#8211; G6R-R4AK<\/p>\n<p>*Dieses Modell wurde bis 2009 hergestellt und ist jetzt nicht mehr in Produktion. Sie k\u00f6nnen es durch den universellen Empf\u00e4nger G6R-R4AU UND eine neue Fernbedienung vom <a href=\"https:\/\/sdmparts.eu\/shop\/g6r-h4t5-remote\/\">Typ G6R-H4T5<\/a> ersetzen. Ihr altes Handset \/ Ihre alte Fernbedienung wird aufgrund von \u00c4nderungen in den RF-Kommunikationsfrequenzen nicht mit dem neuen Empf\u00e4nger kommunizieren k\u00f6nnen.  <\/p>\n","protected":false},"excerpt":{"rendered":"<p>Mertik Maxitrol Empf\u00e4nger Typ G6R-R4AUC f\u00fcr Gaskamine. Dies ist kein Ersatz f\u00fcr jeden Empf\u00e4ngertyp dieses Herstellers! Bitte beachten Sie die vollst\u00e4ndige Beschreibung oder kontaktieren Sie uns f\u00fcr weitere Informationen.  <\/p>\n","protected":false},"featured_media":7823,"template":"","meta":[],"product_brand":[],"product_cat":[704,669,694],"product_tag":[],"class_list":{"0":"post-8031","1":"product","2":"type-product","3":"status-publish","4":"has-post-thumbnail","6":"product_cat-empfanger-de","7":"product_cat-g6r-elektronik","8":"product_cat-gv60-de","10":"first","11":"instock","12":"taxable","13":"shipping-taxable","14":"purchasable","15":"product-type-simple"},"jetpack_sharing_enabled":true,"_links":{"self":[{"href":"https:\/\/sdmparts.eu\/de\/wp-json\/wp\/v2\/product\/8031","targetHints":{"allow":["GET"]}}],"collection":[{"href":"https:\/\/sdmparts.eu\/de\/wp-json\/wp\/v2\/product"}],"about":[{"href":"https:\/\/sdmparts.eu\/de\/wp-json\/wp\/v2\/types\/product"}],"version-history":[{"count":1,"href":"https:\/\/sdmparts.eu\/de\/wp-json\/wp\/v2\/product\/8031\/revisions"}],"predecessor-version":[{"id":8245,"href":"https:\/\/sdmparts.eu\/de\/wp-json\/wp\/v2\/product\/8031\/revisions\/8245"}],"wp:featuredmedia":[{"embeddable":true,"href":"https:\/\/sdmparts.eu\/de\/wp-json\/wp\/v2\/media\/7823"}],"wp:attachment":[{"href":"https:\/\/sdmparts.eu\/de\/wp-json\/wp\/v2\/media?parent=8031"}],"wp:term":[{"taxonomy":"product_brand","embeddable":true,"href":"https:\/\/sdmparts.eu\/de\/wp-json\/wp\/v2\/product_brand?post=8031"},{"taxonomy":"product_cat","embeddable":true,"href":"https:\/\/sdmparts.eu\/de\/wp-json\/wp\/v2\/product_cat?post=8031"},{"taxonomy":"product_tag","embeddable":true,"href":"https:\/\/sdmparts.eu\/de\/wp-json\/wp\/v2\/product_tag?post=8031"}],"curies":[{"name":"wp","href":"https:\/\/api.w.org\/{rel}","templated":true}]}}