{"id":8044,"date":"2022-10-07T13:14:57","date_gmt":"2022-10-07T11:14:57","guid":{"rendered":"https:\/\/sdmparts.eu\/product\/ods-universal-zuendbrenner-lpg\/"},"modified":"2025-12-15T15:52:33","modified_gmt":"2025-12-15T14:52:33","slug":"ods-universal-zuendbrenner-lpg","status":"publish","type":"product","link":"https:\/\/sdmparts.eu\/de\/produkt\/ods-universal-zuendbrenner-lpg\/","title":{"rendered":"ODS Universal-Z\u00fcndbrenner LPG"},"content":{"rendered":"<p>Universal-Z\u00fcndbrenner mit ODS (Sauerstoffmangelsensor) Funktionalit\u00e4t.<br \/>\nAusgestattet mit einer M10-Mutter und wird mit einem M9-Adapter geliefert.<\/p>\n","protected":false},"excerpt":{"rendered":"<p>Universal-Z\u00fcndbrenner mit ODS (Sauerstoffmangelsensor) Funktionalit\u00e4t.<br \/>\nGasart: LPG<br \/>\nThermoelement-Anschluss: M10 (zus\u00e4tzlich wird ein M9-Adapter mitgeliefert)<br \/>\nZ\u00fcndkabelanschluss: 2,8&#215;0,5mm Stecker<br \/>\nKabell\u00e4nge: 350mm<br \/>\nGasanschluss: 90-Grad-Winkelst\u00fcck<\/p>\n","protected":false},"featured_media":7891,"template":"","meta":[],"product_brand":[],"product_cat":[657],"product_tag":[],"class_list":{"0":"post-8044","1":"product","2":"type-product","3":"status-publish","4":"has-post-thumbnail","6":"product_cat-zundbrenner","8":"first","9":"instock","10":"taxable","11":"shipping-taxable","12":"purchasable","13":"product-type-simple"},"jetpack_sharing_enabled":true,"_links":{"self":[{"href":"https:\/\/sdmparts.eu\/de\/wp-json\/wp\/v2\/product\/8044","targetHints":{"allow":["GET"]}}],"collection":[{"href":"https:\/\/sdmparts.eu\/de\/wp-json\/wp\/v2\/product"}],"about":[{"href":"https:\/\/sdmparts.eu\/de\/wp-json\/wp\/v2\/types\/product"}],"version-history":[{"count":0,"href":"https:\/\/sdmparts.eu\/de\/wp-json\/wp\/v2\/product\/8044\/revisions"}],"wp:featuredmedia":[{"embeddable":true,"href":"https:\/\/sdmparts.eu\/de\/wp-json\/wp\/v2\/media\/7891"}],"wp:attachment":[{"href":"https:\/\/sdmparts.eu\/de\/wp-json\/wp\/v2\/media?parent=8044"}],"wp:term":[{"taxonomy":"product_brand","embeddable":true,"href":"https:\/\/sdmparts.eu\/de\/wp-json\/wp\/v2\/product_brand?post=8044"},{"taxonomy":"product_cat","embeddable":true,"href":"https:\/\/sdmparts.eu\/de\/wp-json\/wp\/v2\/product_cat?post=8044"},{"taxonomy":"product_tag","embeddable":true,"href":"https:\/\/sdmparts.eu\/de\/wp-json\/wp\/v2\/product_tag?post=8044"}],"curies":[{"name":"wp","href":"https:\/\/api.w.org\/{rel}","templated":true}]}}