{"id":7565,"date":"2025-04-28T23:11:13","date_gmt":"2025-04-28T21:11:13","guid":{"rendered":"https:\/\/sdmparts.eu\/informations-sur-la-garantie\/"},"modified":"2025-04-28T23:11:13","modified_gmt":"2025-04-28T21:11:13","slug":"informations-sur-la-garantie","status":"publish","type":"page","link":"https:\/\/sdmparts.eu\/fr\/informations-sur-la-garantie\/","title":{"rendered":"Informations sur la garantie"},"content":{"rendered":"\t\t<div data-elementor-type=\"wp-page\" data-elementor-id=\"7565\" class=\"elementor elementor-7565 elementor-7520\" data-elementor-post-type=\"page\">\n\t\t\t\t<div class=\"elementor-element elementor-element-45704c5 e-flex e-con-boxed e-con e-parent\" data-id=\"45704c5\" data-element_type=\"container\">\n\t\t\t\t\t<div class=\"e-con-inner\">\n\t\t\t\t<div class=\"elementor-element elementor-element-75e137f elementor-widget elementor-widget-heading\" data-id=\"75e137f\" data-element_type=\"widget\" data-widget_type=\"heading.default\">\n\t\t\t\t<div class=\"elementor-widget-container\">\n\t\t\t\t\t<h2 class=\"elementor-heading-title elementor-size-default\">Informations sur la garantie<\/h2>\t\t\t\t<\/div>\n\t\t\t\t<\/div>\n\t\t\t\t<div class=\"elementor-element elementor-element-c92cd69 elementor-widget elementor-widget-text-editor\" data-id=\"c92cd69\" data-element_type=\"widget\" data-widget_type=\"text-editor.default\">\n\t\t\t\t<div class=\"elementor-widget-container\">\n\t\t\t\t\t\t\t\t\t<p dir=\"ltr\" data-pm-slice=\"1 1 []\">Chez SDM Parts, nous garantissons la qualit\u00e9 de nos pi\u00e8ces d\u00e9tach\u00e9es Maxitrol pour chemin\u00e9es \u00e0 gaz, y compris les syst\u00e8mes GV60, les composants \u00e9lectroniques GV34, les vannes GV32 et GV36, et bien d&rsquo;autres encore. Tous nos produits sont couverts par une garantie l\u00e9gale europ\u00e9enne de 2 ans, effective \u00e0 compter de la date de livraison. Si un produit s&rsquo;av\u00e8re d\u00e9fectueux, ne correspond pas \u00e0 sa description, ou est inadapt\u00e9 \u00e0 l&rsquo;usage pr\u00e9vu, nous proc\u00e9derons \u00e0 sa r\u00e9paration, son remplacement, ou son remboursement sans frais pour vous. Pour initier une r\u00e9clamation dans un d\u00e9lai de deux ans, nous vous prions de vous enregistrer via notre formulaire de retour en ligne \u00e0 l&rsquo;adresse www.sdmparts.eu\/return-form, en fournissant les d\u00e9tails de votre commande et une description du probl\u00e8me rencontr\u00e9. Pour les d\u00e9fauts identifi\u00e9s au cours de la premi\u00e8re ann\u00e9e, nous pr\u00e9sumerons que le d\u00e9faut existait \u00e0 la livraison, sauf preuve du contraire ; apr\u00e8s la premi\u00e8re ann\u00e9e, il pourra vous \u00eatre demand\u00e9 de d\u00e9montrer que le d\u00e9faut \u00e9tait pr\u00e9sent d\u00e8s l&rsquo;origine. Pour toute assistance, veuillez nous contacter \u00e0 l&rsquo;adresse sales@sdmparts.eu, et notre \u00e9quipe s&rsquo;assurera d&rsquo;apporter une r\u00e9solution rapide afin de maintenir le fonctionnement optimal de votre chemin\u00e9e.<\/p>\t\t\t\t\t\t\t\t<\/div>\n\t\t\t\t<\/div>\n\t\t\t\t\t<\/div>\n\t\t\t\t<\/div>\n\t\t\t\t<\/div>\n\t\t","protected":false},"excerpt":{"rendered":"<p>Informations sur la garantie Chez SDM Parts, nous garantissons la qualit\u00e9 de nos pi\u00e8ces d\u00e9tach\u00e9es Maxitrol pour chemin\u00e9es \u00e0 gaz, y compris les syst\u00e8mes GV60, les composants \u00e9lectroniques GV34, les vannes GV32 et GV36, et bien d&rsquo;autres encore. Tous nos produits sont couverts par une garantie l\u00e9gale europ\u00e9enne de 2 ans, effective \u00e0 compter de [&hellip;]<\/p>\n","protected":false},"author":2,"featured_media":0,"parent":0,"menu_order":0,"comment_status":"closed","ping_status":"closed","template":"","meta":{"footnotes":""},"yst_prominent_words":[],"class_list":["post-7565","page","type-page","status-publish","hentry"],"jetpack_sharing_enabled":true,"_links":{"self":[{"href":"https:\/\/sdmparts.eu\/fr\/wp-json\/wp\/v2\/pages\/7565","targetHints":{"allow":["GET"]}}],"collection":[{"href":"https:\/\/sdmparts.eu\/fr\/wp-json\/wp\/v2\/pages"}],"about":[{"href":"https:\/\/sdmparts.eu\/fr\/wp-json\/wp\/v2\/types\/page"}],"author":[{"embeddable":true,"href":"https:\/\/sdmparts.eu\/fr\/wp-json\/wp\/v2\/users\/2"}],"replies":[{"embeddable":true,"href":"https:\/\/sdmparts.eu\/fr\/wp-json\/wp\/v2\/comments?post=7565"}],"version-history":[{"count":1,"href":"https:\/\/sdmparts.eu\/fr\/wp-json\/wp\/v2\/pages\/7565\/revisions"}],"predecessor-version":[{"id":7566,"href":"https:\/\/sdmparts.eu\/fr\/wp-json\/wp\/v2\/pages\/7565\/revisions\/7566"}],"wp:attachment":[{"href":"https:\/\/sdmparts.eu\/fr\/wp-json\/wp\/v2\/media?parent=7565"}],"wp:term":[{"taxonomy":"yst_prominent_words","embeddable":true,"href":"https:\/\/sdmparts.eu\/fr\/wp-json\/wp\/v2\/yst_prominent_words?post=7565"}],"curies":[{"name":"wp","href":"https:\/\/api.w.org\/{rel}","templated":true}]}}