{"id":8355,"date":"2025-05-08T21:47:32","date_gmt":"2025-05-08T19:47:32","guid":{"rendered":"https:\/\/sdmparts.eu\/telechargements\/"},"modified":"2025-05-08T21:47:32","modified_gmt":"2025-05-08T19:47:32","slug":"telechargements","status":"publish","type":"page","link":"https:\/\/sdmparts.eu\/fr\/telechargements\/","title":{"rendered":"T\u00e9l\u00e9chargements"},"content":{"rendered":"\t\t<div data-elementor-type=\"wp-page\" data-elementor-id=\"8355\" class=\"elementor elementor-8355 elementor-8124\" data-elementor-post-type=\"page\">\n\t\t\t\t<div class=\"elementor-element elementor-element-2bdb0f80 e-flex e-con-boxed e-con e-parent\" data-id=\"2bdb0f80\" data-element_type=\"container\">\n\t\t\t\t\t<div class=\"e-con-inner\">\n\t\t\t\t<div class=\"elementor-element elementor-element-87ccd67 elementor-widget elementor-widget-text-editor\" data-id=\"87ccd67\" data-element_type=\"widget\" data-widget_type=\"text-editor.default\">\n\t\t\t\t<div class=\"elementor-widget-container\">\n\t\t\t\t\t\t\t\t\t<div class=\"overflow-x-auto\"><h1>Ressources t\u00e9l\u00e9chargeables<\/h1><table class=\"min-w-full bg-white shadow-md rounded-lg\"><thead><tr class=\"bg-blue-600 text-white\"><th class=\"py-3 px-4 text-left\">Titre du manuel<\/th><th class=\"py-3 px-4 text-left\">Langue<\/th><th class=\"py-3 px-4 text-left\">Description<\/th><th class=\"py-3 px-4 text-left\">T\u00e9l\u00e9charger<\/th><\/tr><\/thead><tbody><tr class=\"border-b\"><td class=\"py-3 px-4\">GV60 &#8211; Manuel d&rsquo;installation et d&rsquo;utilisation OEM G6R unidirectionnel<\/td><td class=\"py-3 px-4\">Allemand<\/td><td class=\"py-3 px-4\">Instructions d&rsquo;installation et d&rsquo;utilisation du syst\u00e8me de contr\u00f4le unidirectionnel G6R pour les vannes de gaz GV60, destin\u00e9es \u00e0 l&rsquo;usage des OEM.<\/td><td class=\"py-3 px-4\"><a class=\"bg-green-500 text-white py-2 px-4 rounded hover:bg-green-600 transition\" href=\"https:\/\/sdmparts.eu\/wp-content\/uploads\/2025\/04\/GV60-B-II.OI-DE-03.2023.pdf\" aria-label=\"Download GV60 Unidirectional G6R Manual in German\">T\u00e9l\u00e9charger<\/a><\/td><\/tr><tr class=\"border-b\"><td class=\"py-3 px-4\">GV60 &#8211; Manuel d&rsquo;installation et d&rsquo;utilisation OEM G6R unidirectionnel<\/td><td class=\"py-3 px-4\">Anglais<\/td><td class=\"py-3 px-4\">Version anglaise du guide d&rsquo;installation et d&rsquo;utilisation du syst\u00e8me de contr\u00f4le unidirectionnel G6R pour les vannes de gaz GV60, destin\u00e9e aux OEM.<\/td><td class=\"py-3 px-4\"><a class=\"bg-green-500 text-white py-2 px-4 rounded hover:bg-green-600 transition\" href=\"https:\/\/sdmparts.eu\/wp-content\/uploads\/2025\/04\/GV60-B-II.OI-EN-03.2023.pdf\" aria-label=\"Download GV60 Unidirectional G6R Manual in English\">T\u00e9l\u00e9charger<\/a><\/td><\/tr><tr class=\"border-b\"><td class=\"py-3 px-4\">GV60 &#8211; Manuel d&rsquo;installation et d&rsquo;utilisation OEM B6R bidirectionnel (SYMAX)<\/td><td class=\"py-3 px-4\">Anglais<\/td><td class=\"py-3 px-4\">Guide complet pour le syst\u00e8me de contr\u00f4le bidirectionnel B6R (combin\u00e9s SYMAX, myfire Puck, application myfire) pour les vannes GV60, en plusieurs langues \u00e0 l&rsquo;usage des OEM.<\/td><td class=\"py-3 px-4\"><a class=\"bg-green-500 text-white py-2 px-4 rounded hover:bg-green-600 transition\" href=\"https:\/\/sdmparts.eu\/wp-content\/uploads\/2025\/04\/GV60-II.OI-EN-03.2023.pdf\" aria-label=\"Download GV60 BiDirectional B6R SYMAX Manual in Multiple Languages\">T\u00e9l\u00e9charger<\/a><\/td><\/tr><tr class=\"border-b\"><td class=\"py-3 px-4\">Fonctionnement avec source externe GV60<\/td><td class=\"py-3 px-4\">Anglais<\/td><td class=\"py-3 px-4\">Instructions pour l&rsquo;utilisation du syst\u00e8me GV60 avec des sources d&rsquo;alimentation externes, destin\u00e9es aux OEM.<\/td><td class=\"py-3 px-4\"><a class=\"bg-green-500 text-white py-2 px-4 rounded hover:bg-green-600 transition\" href=\"https:\/\/sdmparts.eu\/wp-content\/uploads\/2025\/04\/GV60-OI-EN-08.2018-EXT-SOURCE.pdf\" aria-label=\"Download GV60 External Source Operation Manual in English\">T\u00e9l\u00e9charger<\/a><\/td><\/tr><tr class=\"border-b\"><td class=\"py-3 px-4\">GV60 &#8211; MyFire Wifi &#8211; Manuel de configuration initiale<\/td><td class=\"py-3 px-4\">Anglais<\/td><td class=\"py-3 px-4\">Guide de configuration du bo\u00eetier Wi-Fi myfire pour les syst\u00e8mes GV60, couvrant la configuration initiale avec l&rsquo;application myfire.<\/td><td class=\"py-3 px-4\"><a class=\"bg-green-500 text-white py-2 px-4 rounded hover:bg-green-600 transition\" href=\"https:\/\/sdmparts.eu\/wp-content\/uploads\/2025\/04\/GV60-OI-EN-12.2019_myfire_App.pdf\" aria-label=\"Download GV60 MyFire Wifi Initial Setup Manual in English\">T\u00e9l\u00e9charger<\/a><\/td><\/tr><tr><td class=\"py-3 px-4\">Manuel G30-ZRPTTB pour les vannes GV34 \/ GV36 (Ultrason)<\/td><td class=\"py-3 px-4\">Anglais<\/td><td class=\"py-3 px-4\">Manuel op\u00e9rationnel du syst\u00e8me de contr\u00f4le G30-ZRPTTB utilis\u00e9 avec les vannes GV34 et GV36, int\u00e9grant la technologie ultrasonique.<\/td><td class=\"py-3 px-4\"><a class=\"bg-green-500 text-white py-2 px-4 rounded hover:bg-green-600 transition\" href=\"https:\/\/sdmparts.eu\/wp-content\/uploads\/2025\/04\/G30-ZRPTTB-Handleiding-GV34-GV36-2017.pdf\" aria-label=\"Download G30-ZRPTTB Manual for GV34\/GV36 Valves in English\">T\u00e9l\u00e9charger<\/a><\/td><\/tr><\/tbody><\/table><\/div>\t\t\t\t\t\t\t\t<\/div>\n\t\t\t\t<\/div>\n\t\t\t\t\t<\/div>\n\t\t\t\t<\/div>\n\t\t<div class=\"elementor-element elementor-element-f99b5ff e-flex e-con-boxed e-con e-parent\" data-id=\"f99b5ff\" data-element_type=\"container\">\n\t\t\t\t\t<div class=\"e-con-inner\">\n\t\t\t\t\t<\/div>\n\t\t\t\t<\/div>\n\t\t\t\t<\/div>\n\t\t","protected":false},"excerpt":{"rendered":"<p>Ressources t\u00e9l\u00e9chargeables Titre du manuel Langue Description T\u00e9l\u00e9charger GV60 &#8211; Manuel d&rsquo;installation et d&rsquo;utilisation OEM G6R unidirectionnel Allemand Instructions d&rsquo;installation et d&rsquo;utilisation du syst\u00e8me de contr\u00f4le unidirectionnel G6R pour les vannes de gaz GV60, destin\u00e9es \u00e0 l&rsquo;usage des OEM. T\u00e9l\u00e9charger GV60 &#8211; Manuel d&rsquo;installation et d&rsquo;utilisation OEM G6R unidirectionnel Anglais Version anglaise du guide d&rsquo;installation [&hellip;]<\/p>\n","protected":false},"author":2,"featured_media":0,"parent":0,"menu_order":0,"comment_status":"closed","ping_status":"closed","template":"","meta":{"footnotes":""},"yst_prominent_words":[113,109,436,159],"class_list":["post-8355","page","type-page","status-publish","hentry"],"jetpack_sharing_enabled":true,"_links":{"self":[{"href":"https:\/\/sdmparts.eu\/fr\/wp-json\/wp\/v2\/pages\/8355","targetHints":{"allow":["GET"]}}],"collection":[{"href":"https:\/\/sdmparts.eu\/fr\/wp-json\/wp\/v2\/pages"}],"about":[{"href":"https:\/\/sdmparts.eu\/fr\/wp-json\/wp\/v2\/types\/page"}],"author":[{"embeddable":true,"href":"https:\/\/sdmparts.eu\/fr\/wp-json\/wp\/v2\/users\/2"}],"replies":[{"embeddable":true,"href":"https:\/\/sdmparts.eu\/fr\/wp-json\/wp\/v2\/comments?post=8355"}],"version-history":[{"count":1,"href":"https:\/\/sdmparts.eu\/fr\/wp-json\/wp\/v2\/pages\/8355\/revisions"}],"predecessor-version":[{"id":8356,"href":"https:\/\/sdmparts.eu\/fr\/wp-json\/wp\/v2\/pages\/8355\/revisions\/8356"}],"wp:attachment":[{"href":"https:\/\/sdmparts.eu\/fr\/wp-json\/wp\/v2\/media?parent=8355"}],"wp:term":[{"taxonomy":"yst_prominent_words","embeddable":true,"href":"https:\/\/sdmparts.eu\/fr\/wp-json\/wp\/v2\/yst_prominent_words?post=8355"}],"curies":[{"name":"wp","href":"https:\/\/api.w.org\/{rel}","templated":true}]}}