{"id":7707,"date":"2017-10-02T14:09:00","date_gmt":"2025-04-28T21:21:07","guid":{"rendered":"https:\/\/sdmparts.eu\/product\/telecommande-g6r-h4t5\/"},"modified":"2025-08-28T15:19:01","modified_gmt":"2025-08-28T13:19:01","slug":"telecommande-g6r-h4t5","status":"publish","type":"product","link":"https:\/\/sdmparts.eu\/fr\/produit\/telecommande-g6r-h4t5\/","title":{"rendered":"T\u00e9l\u00e9commande G6R-H4T5"},"content":{"rendered":"<p>T\u00e9l\u00e9commande Mertik G6R-H4T5 pour chemin\u00e9es \u00e0 gaz \u00e9quip\u00e9es du syst\u00e8me de vanne de commande GV60.<\/p>\n","protected":false},"excerpt":{"rendered":"<p>T\u00e9l\u00e9commande Maxitrol G6R-H4T5 pour chemin\u00e9es \u00e0 gaz \u00e9quip\u00e9es du syst\u00e8me de vanne de commande GV60. Peut \u00eatre utilis\u00e9e pour la plupart des chemin\u00e9es \u00e0 gaz produites entre 2009 et 2015. <\/p>\n","protected":false},"featured_media":7709,"template":"","meta":[],"product_brand":[],"product_cat":[670,693,706],"product_tag":[],"class_list":{"0":"post-7707","1":"product","2":"type-product","3":"status-publish","4":"has-post-thumbnail","6":"product_cat-electronique-g6r","7":"product_cat-gv60-fr","8":"product_cat-telecommande","10":"first","11":"outofstock","12":"taxable","13":"shipping-taxable","14":"purchasable","15":"product-type-simple"},"jetpack_sharing_enabled":true,"_links":{"self":[{"href":"https:\/\/sdmparts.eu\/fr\/wp-json\/wp\/v2\/product\/7707","targetHints":{"allow":["GET"]}}],"collection":[{"href":"https:\/\/sdmparts.eu\/fr\/wp-json\/wp\/v2\/product"}],"about":[{"href":"https:\/\/sdmparts.eu\/fr\/wp-json\/wp\/v2\/types\/product"}],"version-history":[{"count":1,"href":"https:\/\/sdmparts.eu\/fr\/wp-json\/wp\/v2\/product\/7707\/revisions"}],"predecessor-version":[{"id":8274,"href":"https:\/\/sdmparts.eu\/fr\/wp-json\/wp\/v2\/product\/7707\/revisions\/8274"}],"wp:featuredmedia":[{"embeddable":true,"href":"https:\/\/sdmparts.eu\/fr\/wp-json\/wp\/v2\/media\/7709"}],"wp:attachment":[{"href":"https:\/\/sdmparts.eu\/fr\/wp-json\/wp\/v2\/media?parent=7707"}],"wp:term":[{"taxonomy":"product_brand","embeddable":true,"href":"https:\/\/sdmparts.eu\/fr\/wp-json\/wp\/v2\/product_brand?post=7707"},{"taxonomy":"product_cat","embeddable":true,"href":"https:\/\/sdmparts.eu\/fr\/wp-json\/wp\/v2\/product_cat?post=7707"},{"taxonomy":"product_tag","embeddable":true,"href":"https:\/\/sdmparts.eu\/fr\/wp-json\/wp\/v2\/product_tag?post=7707"}],"curies":[{"name":"wp","href":"https:\/\/api.w.org\/{rel}","templated":true}]}}