{"id":7737,"date":"2017-10-02T14:19:01","date_gmt":"2017-10-02T12:19:01","guid":{"rendered":"https:\/\/sdmparts.eu\/product\/adaptateur-g60-zma\/"},"modified":"2025-12-07T19:51:00","modified_gmt":"2025-12-07T18:51:00","slug":"adaptateur-g60-zma","status":"publish","type":"product","link":"https:\/\/sdmparts.eu\/fr\/produit\/adaptateur-g60-zma\/","title":{"rendered":"Adaptateur G60-ZMA"},"content":{"rendered":"<p>Adaptateur stabilis\u00e9 pour connecter un r\u00e9cepteur Mertik \u00e0 une prise \u00e9lectrique de 220 V. Il s&rsquo;agit de l&rsquo;adaptateur officiel fourni par Mertik Maxitrol. L&rsquo;utilisation du syst\u00e8me Mertik avec d&rsquo;autres adaptateurs n&rsquo;est pas recommand\u00e9e par le fabricant et pourrait annuler la garantie.  <\/p>\n","protected":false},"excerpt":{"rendered":"<p>Adaptateur stabilis\u00e9 pour connecter un r\u00e9cepteur Maxitrol \u00e0 une prise \u00e9lectrique de 220 V. Il s&rsquo;agit de l&rsquo;adaptateur officiel fourni par Maxitrol. L&rsquo;utilisation du syst\u00e8me Mertik avec d&rsquo;autres adaptateurs n&rsquo;est pas recommand\u00e9e par le fabricant et pourrait annuler la garantie.  <\/p>\n","protected":false},"featured_media":7741,"template":"","meta":[],"product_brand":[],"product_cat":[652,670,693,672],"product_tag":[],"class_list":{"0":"post-7737","1":"product","2":"type-product","3":"status-publish","4":"has-post-thumbnail","6":"product_cat-electronique-b6r","7":"product_cat-electronique-g6r","8":"product_cat-gv60-fr","9":"product_cat-options-dalimentation","11":"first","12":"instock","13":"sale","14":"taxable","15":"shipping-taxable","16":"purchasable","17":"product-type-simple"},"jetpack_sharing_enabled":true,"_links":{"self":[{"href":"https:\/\/sdmparts.eu\/fr\/wp-json\/wp\/v2\/product\/7737","targetHints":{"allow":["GET"]}}],"collection":[{"href":"https:\/\/sdmparts.eu\/fr\/wp-json\/wp\/v2\/product"}],"about":[{"href":"https:\/\/sdmparts.eu\/fr\/wp-json\/wp\/v2\/types\/product"}],"version-history":[{"count":1,"href":"https:\/\/sdmparts.eu\/fr\/wp-json\/wp\/v2\/product\/7737\/revisions"}],"predecessor-version":[{"id":8287,"href":"https:\/\/sdmparts.eu\/fr\/wp-json\/wp\/v2\/product\/7737\/revisions\/8287"}],"wp:featuredmedia":[{"embeddable":true,"href":"https:\/\/sdmparts.eu\/fr\/wp-json\/wp\/v2\/media\/7741"}],"wp:attachment":[{"href":"https:\/\/sdmparts.eu\/fr\/wp-json\/wp\/v2\/media?parent=7737"}],"wp:term":[{"taxonomy":"product_brand","embeddable":true,"href":"https:\/\/sdmparts.eu\/fr\/wp-json\/wp\/v2\/product_brand?post=7737"},{"taxonomy":"product_cat","embeddable":true,"href":"https:\/\/sdmparts.eu\/fr\/wp-json\/wp\/v2\/product_cat?post=7737"},{"taxonomy":"product_tag","embeddable":true,"href":"https:\/\/sdmparts.eu\/fr\/wp-json\/wp\/v2\/product_tag?post=7737"}],"curies":[{"name":"wp","href":"https:\/\/api.w.org\/{rel}","templated":true}]}}