{"id":7742,"date":"2017-10-02T14:15:41","date_gmt":"2017-10-02T12:15:41","guid":{"rendered":"https:\/\/sdmparts.eu\/product\/ensemble-de-telecommande-g30-zrps-800-standard\/"},"modified":"2025-04-29T13:06:55","modified_gmt":"2025-04-29T11:06:55","slug":"ensemble-de-telecommande-g30-zrps-800-standard","status":"publish","type":"product","link":"https:\/\/sdmparts.eu\/fr\/produit\/ensemble-de-telecommande-g30-zrps-800-standard\/","title":{"rendered":"Ensemble de t\u00e9l\u00e9commande G30-ZRPS\/800 &#8211; Standard"},"content":{"rendered":"<p>Ensemble de t\u00e9l\u00e9commande Mertik pour chemin\u00e9es \u00e0 gaz semi-automatiques utilis\u00e9 avec une vanne de contr\u00f4le Mertik GV34. Version standard <\/p>\n<p>Type de r\u00e9cepteur : G30-ZRRS<br \/>\nType de t\u00e9l\u00e9commande : G30-ZRHS<\/p>\n","protected":false},"excerpt":{"rendered":"<p>Ensemble de t\u00e9l\u00e9commande Mertik pour chemin\u00e9es \u00e0 gaz semi-automatiques utilis\u00e9 avec une vanne de contr\u00f4le Mertik GV34.<\/p>\n","protected":false},"featured_media":7744,"template":"","meta":[],"product_brand":[],"product_cat":[665],"product_tag":[],"class_list":{"0":"post-7742","1":"product","2":"type-product","3":"status-publish","4":"has-post-thumbnail","6":"product_cat-autres-vannes","8":"first","9":"outofstock","10":"taxable","11":"shipping-taxable","12":"purchasable","13":"product-type-simple"},"jetpack_sharing_enabled":true,"_links":{"self":[{"href":"https:\/\/sdmparts.eu\/fr\/wp-json\/wp\/v2\/product\/7742","targetHints":{"allow":["GET"]}}],"collection":[{"href":"https:\/\/sdmparts.eu\/fr\/wp-json\/wp\/v2\/product"}],"about":[{"href":"https:\/\/sdmparts.eu\/fr\/wp-json\/wp\/v2\/types\/product"}],"version-history":[{"count":1,"href":"https:\/\/sdmparts.eu\/fr\/wp-json\/wp\/v2\/product\/7742\/revisions"}],"predecessor-version":[{"id":8264,"href":"https:\/\/sdmparts.eu\/fr\/wp-json\/wp\/v2\/product\/7742\/revisions\/8264"}],"wp:featuredmedia":[{"embeddable":true,"href":"https:\/\/sdmparts.eu\/fr\/wp-json\/wp\/v2\/media\/7744"}],"wp:attachment":[{"href":"https:\/\/sdmparts.eu\/fr\/wp-json\/wp\/v2\/media?parent=7742"}],"wp:term":[{"taxonomy":"product_brand","embeddable":true,"href":"https:\/\/sdmparts.eu\/fr\/wp-json\/wp\/v2\/product_brand?post=7742"},{"taxonomy":"product_cat","embeddable":true,"href":"https:\/\/sdmparts.eu\/fr\/wp-json\/wp\/v2\/product_cat?post=7742"},{"taxonomy":"product_tag","embeddable":true,"href":"https:\/\/sdmparts.eu\/fr\/wp-json\/wp\/v2\/product_tag?post=7742"}],"curies":[{"name":"wp","href":"https:\/\/api.w.org\/{rel}","templated":true}]}}