{"id":7747,"date":"2017-09-26T13:34:07","date_gmt":"2025-04-28T21:29:22","guid":{"rendered":"https:\/\/sdmparts.eu\/product\/recepteur-g6r-r4au\/"},"modified":"2025-04-29T13:21:47","modified_gmt":"2025-04-29T11:21:47","slug":"recepteur-g6r-r4au","status":"publish","type":"product","link":"https:\/\/sdmparts.eu\/fr\/produit\/recepteur-g6r-r4au\/","title":{"rendered":"R\u00e9cepteur G6R-R4AU"},"content":{"rendered":"<p>R\u00e9cepteur Mertik Maxitrol de type G6R-R4AU pour chemin\u00e9es \u00e0 gaz avec commande de gaz GV60.<br \/>\nNous vous recommandons vivement d&rsquo;utiliser ce r\u00e9cepteur avec cet <a href=\"https:\/\/sdmparts.eu\/shop\/g60-zma\/\">adaptateur secteur 220V<\/a> !<br \/>\nEn cas d&rsquo;utilisation de piles, veillez \u00e0 employer des piles alcalines de haute qualit\u00e9 !<\/p>\n<p>Utilisez ceci comme remplacement pour les codes de r\u00e9cepteur suivants :<br \/>\n&#8211; G6R-R4AN<br \/>\n&#8211; G6R-R4AM<br \/>\n&#8211; G6R-R4AMC<br \/>\n&#8211; G6R-R4AU<\/p>\n<p>N&rsquo;utilisez pas ceci comme remplacement pour les codes de r\u00e9cepteur suivants :<br \/>\n&#8211; G6R-R4A*<br \/>\n&#8211; G6R-R4AUT<br \/>\n&#8211; G6R-R4AKT<br \/>\n&#8211; G6R-R4AK<\/p>\n<p>*Ce mod\u00e8le a \u00e9t\u00e9 fabriqu\u00e9 jusqu&rsquo;en 2009 et n&rsquo;est plus en production. Vous pouvez le remplacer par le r\u00e9cepteur universel G6R-R4AU ET une nouvelle t\u00e9l\u00e9commande de <a href=\"https:\/\/sdmparts.eu\/shop\/g6r-h4t5-remote\/\">type G6R-H4T5<\/a>.  Votre ancien combin\u00e9 \/ t\u00e9l\u00e9commande ne pourra pas communiquer avec le nouveau r\u00e9cepteur en raison de modifications dans les fr\u00e9quences de communication RF.<\/p>\n","protected":false},"excerpt":{"rendered":"<p>R\u00e9cepteur Mertik Maxitrol de type G6R-R4AU pour chemin\u00e9es \u00e0 gaz. Ceci n&rsquo;est pas un remplacement pour tous les types de r\u00e9cepteurs de ce fabricant ! Veuillez consulter la description compl\u00e8te ou nous contacter pour plus d&rsquo;informations.  <\/p>\n<p>Lorsqu&rsquo;il est \u00e9puis\u00e9, vous pouvez acheter le r\u00e9cepteur <a href=\"https:\/\/sdmparts.eu\/fr\/produit\/recepteur-g6r-r4auc\/\">G6R-R4AUC<\/a> \u00e0 la place. Celui-ci poss\u00e8de un mat\u00e9riel et un logiciel 100 % identiques, mais a b\u00e9n\u00e9fici\u00e9 d&rsquo;un rev\u00eatement sp\u00e9cial par pulv\u00e9risation sur le circuit imprim\u00e9 pour une long\u00e9vit\u00e9 accrue. <\/p>\n","protected":false},"featured_media":7751,"template":"","meta":[],"product_brand":[],"product_cat":[670,693,703],"product_tag":[],"class_list":{"0":"post-7747","1":"product","2":"type-product","3":"status-publish","4":"has-post-thumbnail","6":"product_cat-electronique-g6r","7":"product_cat-gv60-fr","8":"product_cat-recepteurs-fr","10":"first","11":"outofstock","12":"taxable","13":"shipping-taxable","14":"purchasable","15":"product-type-simple"},"jetpack_sharing_enabled":true,"_links":{"self":[{"href":"https:\/\/sdmparts.eu\/fr\/wp-json\/wp\/v2\/product\/7747","targetHints":{"allow":["GET"]}}],"collection":[{"href":"https:\/\/sdmparts.eu\/fr\/wp-json\/wp\/v2\/product"}],"about":[{"href":"https:\/\/sdmparts.eu\/fr\/wp-json\/wp\/v2\/types\/product"}],"version-history":[{"count":2,"href":"https:\/\/sdmparts.eu\/fr\/wp-json\/wp\/v2\/product\/7747\/revisions"}],"predecessor-version":[{"id":8321,"href":"https:\/\/sdmparts.eu\/fr\/wp-json\/wp\/v2\/product\/7747\/revisions\/8321"}],"wp:featuredmedia":[{"embeddable":true,"href":"https:\/\/sdmparts.eu\/fr\/wp-json\/wp\/v2\/media\/7751"}],"wp:attachment":[{"href":"https:\/\/sdmparts.eu\/fr\/wp-json\/wp\/v2\/media?parent=7747"}],"wp:term":[{"taxonomy":"product_brand","embeddable":true,"href":"https:\/\/sdmparts.eu\/fr\/wp-json\/wp\/v2\/product_brand?post=7747"},{"taxonomy":"product_cat","embeddable":true,"href":"https:\/\/sdmparts.eu\/fr\/wp-json\/wp\/v2\/product_cat?post=7747"},{"taxonomy":"product_tag","embeddable":true,"href":"https:\/\/sdmparts.eu\/fr\/wp-json\/wp\/v2\/product_tag?post=7747"}],"curies":[{"name":"wp","href":"https:\/\/api.w.org\/{rel}","templated":true}]}}