{"id":7763,"date":"2017-10-03T13:02:40","date_gmt":"2017-10-03T11:02:40","guid":{"rendered":"https:\/\/sdmparts.eu\/product\/cable-a-huit-broches-de-500-mm\/"},"modified":"2025-04-29T13:07:01","modified_gmt":"2025-04-29T11:07:01","slug":"cable-a-huit-broches-de-500-mm","status":"publish","type":"product","link":"https:\/\/sdmparts.eu\/fr\/produit\/cable-a-huit-broches-de-500-mm\/","title":{"rendered":"C\u00e2ble \u00e0 huit broches de 500 mm"},"content":{"rendered":"","protected":false},"excerpt":{"rendered":"<p>C\u00e2ble G6R-C5 \u00e0 huit broches<br \/>\nMont\u00e9 entre le r\u00e9cepteur (B6R ou G6R) et la vanne GV60.<br \/>\nLongueur : 500 mm<\/p>\n","protected":false},"featured_media":7765,"template":"","meta":[],"product_brand":[],"product_cat":[658,693],"product_tag":[],"class_list":{"0":"post-7763","1":"product","2":"type-product","3":"status-publish","4":"has-post-thumbnail","6":"product_cat-cables-et-raccords","7":"product_cat-gv60-fr","9":"first","10":"instock","11":"taxable","12":"shipping-taxable","13":"purchasable","14":"product-type-simple"},"jetpack_sharing_enabled":true,"_links":{"self":[{"href":"https:\/\/sdmparts.eu\/fr\/wp-json\/wp\/v2\/product\/7763","targetHints":{"allow":["GET"]}}],"collection":[{"href":"https:\/\/sdmparts.eu\/fr\/wp-json\/wp\/v2\/product"}],"about":[{"href":"https:\/\/sdmparts.eu\/fr\/wp-json\/wp\/v2\/types\/product"}],"version-history":[{"count":1,"href":"https:\/\/sdmparts.eu\/fr\/wp-json\/wp\/v2\/product\/7763\/revisions"}],"predecessor-version":[{"id":8288,"href":"https:\/\/sdmparts.eu\/fr\/wp-json\/wp\/v2\/product\/7763\/revisions\/8288"}],"wp:featuredmedia":[{"embeddable":true,"href":"https:\/\/sdmparts.eu\/fr\/wp-json\/wp\/v2\/media\/7765"}],"wp:attachment":[{"href":"https:\/\/sdmparts.eu\/fr\/wp-json\/wp\/v2\/media?parent=7763"}],"wp:term":[{"taxonomy":"product_brand","embeddable":true,"href":"https:\/\/sdmparts.eu\/fr\/wp-json\/wp\/v2\/product_brand?post=7763"},{"taxonomy":"product_cat","embeddable":true,"href":"https:\/\/sdmparts.eu\/fr\/wp-json\/wp\/v2\/product_cat?post=7763"},{"taxonomy":"product_tag","embeddable":true,"href":"https:\/\/sdmparts.eu\/fr\/wp-json\/wp\/v2\/product_tag?post=7763"}],"curies":[{"name":"wp","href":"https:\/\/api.w.org\/{rel}","templated":true}]}}