{"id":7773,"date":"2017-10-03T14:11:20","date_gmt":"2025-04-28T21:29:34","guid":{"rendered":"https:\/\/sdmparts.eu\/product\/adaptateur-de-tuyau-lp-1-4-lh\/"},"modified":"2025-04-29T13:07:03","modified_gmt":"2025-04-29T11:07:03","slug":"adaptateur-de-tuyau-lp-1-4-lh","status":"publish","type":"product","link":"https:\/\/sdmparts.eu\/fr\/produit\/adaptateur-de-tuyau-lp-1-4-lh\/","title":{"rendered":"Adaptateur de tuyau LP 1\/4&Prime; LH"},"content":{"rendered":"","protected":false},"excerpt":{"rendered":"<p>Pour raccorder des connexions filet\u00e9es 1\/4&Prime;LH \u00e0 des tuyaux avec un diam\u00e8tre int\u00e9rieur de \u00f810mm ou ID 8mm<\/p>\n","protected":false},"featured_media":7774,"template":"","meta":[],"product_brand":[],"product_cat":[661],"product_tag":[],"class_list":{"0":"post-7773","1":"product","2":"type-product","3":"status-publish","4":"has-post-thumbnail","6":"product_cat-fittings-fr","8":"first","9":"outofstock","10":"taxable","11":"shipping-taxable","12":"purchasable","13":"product-type-simple"},"jetpack_sharing_enabled":true,"_links":{"self":[{"href":"https:\/\/sdmparts.eu\/fr\/wp-json\/wp\/v2\/product\/7773","targetHints":{"allow":["GET"]}}],"collection":[{"href":"https:\/\/sdmparts.eu\/fr\/wp-json\/wp\/v2\/product"}],"about":[{"href":"https:\/\/sdmparts.eu\/fr\/wp-json\/wp\/v2\/types\/product"}],"version-history":[{"count":1,"href":"https:\/\/sdmparts.eu\/fr\/wp-json\/wp\/v2\/product\/7773\/revisions"}],"predecessor-version":[{"id":8294,"href":"https:\/\/sdmparts.eu\/fr\/wp-json\/wp\/v2\/product\/7773\/revisions\/8294"}],"wp:featuredmedia":[{"embeddable":true,"href":"https:\/\/sdmparts.eu\/fr\/wp-json\/wp\/v2\/media\/7774"}],"wp:attachment":[{"href":"https:\/\/sdmparts.eu\/fr\/wp-json\/wp\/v2\/media?parent=7773"}],"wp:term":[{"taxonomy":"product_brand","embeddable":true,"href":"https:\/\/sdmparts.eu\/fr\/wp-json\/wp\/v2\/product_brand?post=7773"},{"taxonomy":"product_cat","embeddable":true,"href":"https:\/\/sdmparts.eu\/fr\/wp-json\/wp\/v2\/product_cat?post=7773"},{"taxonomy":"product_tag","embeddable":true,"href":"https:\/\/sdmparts.eu\/fr\/wp-json\/wp\/v2\/product_tag?post=7773"}],"curies":[{"name":"wp","href":"https:\/\/api.w.org\/{rel}","templated":true}]}}