{"id":7793,"date":"2017-11-16T16:23:00","date_gmt":"2017-11-16T15:23:00","guid":{"rendered":"https:\/\/sdmparts.eu\/product\/ensemble-de-bouchons-detancheite-g30-zsr-3-8\/"},"modified":"2025-04-29T13:07:04","modified_gmt":"2025-04-29T11:07:04","slug":"ensemble-de-bouchons-detancheite-g30-zsr-3-8","status":"publish","type":"product","link":"https:\/\/sdmparts.eu\/fr\/produit\/ensemble-de-bouchons-detancheite-g30-zsr-3-8\/","title":{"rendered":"Ensemble de bouchons d&rsquo;\u00e9tanch\u00e9it\u00e9 G30-ZSR 3\/8&Prime;"},"content":{"rendered":"<p>4x Bouchons d&rsquo;\u00e9tanch\u00e9it\u00e9 3\/8&Prime; &#8211; G30-ZSR &#8211; utilis\u00e9s pour obturer l&rsquo;entr\u00e9e \/ la sortie des vannes de gaz Maxitrol.<br \/>\nLes vannes de gaz Maxitrol sont employ\u00e9es dans diverses marques de chemin\u00e9es telles que Faber et Dru<br \/>\nNous les commercialisons par ensemble de 4 pi\u00e8ces. Le prix est indiqu\u00e9 par ensemble <\/p>\n","protected":false},"excerpt":{"rendered":"<p>4x Bouchons d&rsquo;\u00e9tanch\u00e9it\u00e9 3\/8&Prime; &#8211; G30-ZSR &#8211; utilis\u00e9s pour obturer l&rsquo;entr\u00e9e \/ la sortie des vannes de gaz Maxitrol.<br \/>\nLes vannes de gaz Maxitrol sont employ\u00e9es dans diverses marques de chemin\u00e9es telles que Faber et Dru<br \/>\nNous les commercialisons par ensemble de 4 pi\u00e8ces. Le prix est indiqu\u00e9 par ensemble <\/p>\n","protected":false},"featured_media":6636,"template":"","meta":[],"product_brand":[],"product_cat":[658,693],"product_tag":[],"class_list":{"0":"post-7793","1":"product","2":"type-product","3":"status-publish","4":"has-post-thumbnail","6":"product_cat-cables-et-raccords","7":"product_cat-gv60-fr","9":"first","10":"instock","11":"sale","12":"taxable","13":"shipping-taxable","14":"purchasable","15":"product-type-simple"},"jetpack_sharing_enabled":true,"_links":{"self":[{"href":"https:\/\/sdmparts.eu\/fr\/wp-json\/wp\/v2\/product\/7793","targetHints":{"allow":["GET"]}}],"collection":[{"href":"https:\/\/sdmparts.eu\/fr\/wp-json\/wp\/v2\/product"}],"about":[{"href":"https:\/\/sdmparts.eu\/fr\/wp-json\/wp\/v2\/types\/product"}],"version-history":[{"count":1,"href":"https:\/\/sdmparts.eu\/fr\/wp-json\/wp\/v2\/product\/7793\/revisions"}],"predecessor-version":[{"id":8297,"href":"https:\/\/sdmparts.eu\/fr\/wp-json\/wp\/v2\/product\/7793\/revisions\/8297"}],"wp:featuredmedia":[{"embeddable":true,"href":"https:\/\/sdmparts.eu\/fr\/wp-json\/wp\/v2\/media\/6636"}],"wp:attachment":[{"href":"https:\/\/sdmparts.eu\/fr\/wp-json\/wp\/v2\/media?parent=7793"}],"wp:term":[{"taxonomy":"product_brand","embeddable":true,"href":"https:\/\/sdmparts.eu\/fr\/wp-json\/wp\/v2\/product_brand?post=7793"},{"taxonomy":"product_cat","embeddable":true,"href":"https:\/\/sdmparts.eu\/fr\/wp-json\/wp\/v2\/product_cat?post=7793"},{"taxonomy":"product_tag","embeddable":true,"href":"https:\/\/sdmparts.eu\/fr\/wp-json\/wp\/v2\/product_tag?post=7793"}],"curies":[{"name":"wp","href":"https:\/\/api.w.org\/{rel}","templated":true}]}}