{"id":7811,"date":"2017-12-07T10:58:00","date_gmt":"2017-12-07T09:58:00","guid":{"rendered":"https:\/\/sdmparts.eu\/product\/mertik-pilot-lp\/"},"modified":"2025-09-16T10:05:34","modified_gmt":"2025-09-16T08:05:34","slug":"mertik-pilot-lp","status":"publish","type":"product","link":"https:\/\/sdmparts.eu\/fr\/produit\/mertik-pilot-lp\/","title":{"rendered":"Mertik Pilot LP"},"content":{"rendered":"<p>Assemblage de br\u00fbleur pilote de Mertik Maxitrol pour LP (Propane \/ Butane). Utilis\u00e9 dans les chemin\u00e9es \u00e0 gaz de multiples marques. <\/p>\n<p>Comprend :<br \/>\n&#8211; thermocouple 1500 mm, avec connexion M9<br \/>\n&#8211; injecteur 221 pour GPL<br \/>\n&#8211; joint d&rsquo;\u00e9tanch\u00e9it\u00e9<br \/>\n&#8211; raccord de gaz pilote, 4 mm<\/p>\n<p>&nbsp;<\/p>\n","protected":false},"excerpt":{"rendered":"<p>Assemblage de br\u00fbleur pilote de Mertik Maxitrol pour LP (Propane \/ Butane)<\/p>\n","protected":false},"featured_media":7812,"template":"","meta":[],"product_brand":[],"product_cat":[667],"product_tag":[],"class_list":{"0":"post-7811","1":"product","2":"type-product","3":"status-publish","4":"has-post-thumbnail","6":"product_cat-bruleurs-pilotes","8":"first","9":"onbackorder","10":"taxable","11":"shipping-taxable","12":"purchasable","13":"product-type-simple"},"jetpack_sharing_enabled":true,"_links":{"self":[{"href":"https:\/\/sdmparts.eu\/fr\/wp-json\/wp\/v2\/product\/7811","targetHints":{"allow":["GET"]}}],"collection":[{"href":"https:\/\/sdmparts.eu\/fr\/wp-json\/wp\/v2\/product"}],"about":[{"href":"https:\/\/sdmparts.eu\/fr\/wp-json\/wp\/v2\/types\/product"}],"version-history":[{"count":1,"href":"https:\/\/sdmparts.eu\/fr\/wp-json\/wp\/v2\/product\/7811\/revisions"}],"predecessor-version":[{"id":9481,"href":"https:\/\/sdmparts.eu\/fr\/wp-json\/wp\/v2\/product\/7811\/revisions\/9481"}],"wp:featuredmedia":[{"embeddable":true,"href":"https:\/\/sdmparts.eu\/fr\/wp-json\/wp\/v2\/media\/7812"}],"wp:attachment":[{"href":"https:\/\/sdmparts.eu\/fr\/wp-json\/wp\/v2\/media?parent=7811"}],"wp:term":[{"taxonomy":"product_brand","embeddable":true,"href":"https:\/\/sdmparts.eu\/fr\/wp-json\/wp\/v2\/product_brand?post=7811"},{"taxonomy":"product_cat","embeddable":true,"href":"https:\/\/sdmparts.eu\/fr\/wp-json\/wp\/v2\/product_cat?post=7811"},{"taxonomy":"product_tag","embeddable":true,"href":"https:\/\/sdmparts.eu\/fr\/wp-json\/wp\/v2\/product_tag?post=7811"}],"curies":[{"name":"wp","href":"https:\/\/api.w.org\/{rel}","templated":true}]}}