{"id":7817,"date":"2017-12-07T10:53:17","date_gmt":"2017-12-07T09:53:17","guid":{"rendered":"https:\/\/sdmparts.eu\/product\/mertik-pilot-ng\/"},"modified":"2025-11-29T12:12:59","modified_gmt":"2025-11-29T11:12:59","slug":"mertik-pilot-ng","status":"publish","type":"product","link":"https:\/\/sdmparts.eu\/fr\/produit\/mertik-pilot-ng\/","title":{"rendered":"Mertik Pilot NG"},"content":{"rendered":"<p>Ensemble de br\u00fbleur pilote de Mertik Maxitrol pour le gaz naturel. Utilis\u00e9 dans les chemin\u00e9es \u00e0 gaz de multiples marques. <\/p>\n<p>Comprend :<br \/>\n&#8211; Thermocouple de 600 mm, avec connexion M9<br \/>\n&#8211; Injecteur 272 pour gaz naturel<br \/>\n&#8211; Joint d&rsquo;\u00e9tanch\u00e9it\u00e9<br \/>\n&#8211; Raccord de gaz pilote, 4 mm<\/p>\n<p>&nbsp;<\/p>\n","protected":false},"excerpt":{"rendered":"<p>Ensemble de br\u00fbleur pilote de Mertik Maxitrol pour le gaz naturel<\/p>\n","protected":false},"featured_media":7813,"template":"","meta":[],"product_brand":[],"product_cat":[667],"product_tag":[],"class_list":{"0":"post-7817","1":"product","2":"type-product","3":"status-publish","4":"has-post-thumbnail","6":"product_cat-bruleurs-pilotes","8":"first","9":"instock","10":"taxable","11":"shipping-taxable","12":"purchasable","13":"product-type-simple"},"jetpack_sharing_enabled":true,"_links":{"self":[{"href":"https:\/\/sdmparts.eu\/fr\/wp-json\/wp\/v2\/product\/7817","targetHints":{"allow":["GET"]}}],"collection":[{"href":"https:\/\/sdmparts.eu\/fr\/wp-json\/wp\/v2\/product"}],"about":[{"href":"https:\/\/sdmparts.eu\/fr\/wp-json\/wp\/v2\/types\/product"}],"version-history":[{"count":0,"href":"https:\/\/sdmparts.eu\/fr\/wp-json\/wp\/v2\/product\/7817\/revisions"}],"wp:featuredmedia":[{"embeddable":true,"href":"https:\/\/sdmparts.eu\/fr\/wp-json\/wp\/v2\/media\/7813"}],"wp:attachment":[{"href":"https:\/\/sdmparts.eu\/fr\/wp-json\/wp\/v2\/media?parent=7817"}],"wp:term":[{"taxonomy":"product_brand","embeddable":true,"href":"https:\/\/sdmparts.eu\/fr\/wp-json\/wp\/v2\/product_brand?post=7817"},{"taxonomy":"product_cat","embeddable":true,"href":"https:\/\/sdmparts.eu\/fr\/wp-json\/wp\/v2\/product_cat?post=7817"},{"taxonomy":"product_tag","embeddable":true,"href":"https:\/\/sdmparts.eu\/fr\/wp-json\/wp\/v2\/product_tag?post=7817"}],"curies":[{"name":"wp","href":"https:\/\/api.w.org\/{rel}","templated":true}]}}