{"id":7819,"date":"2017-11-29T22:23:42","date_gmt":"2025-04-28T21:30:11","guid":{"rendered":"https:\/\/sdmparts.eu\/product\/recepteur-g6r-r4a\/"},"modified":"2025-04-29T13:07:04","modified_gmt":"2025-04-29T11:07:04","slug":"recepteur-g6r-r4a","status":"publish","type":"product","link":"https:\/\/sdmparts.eu\/fr\/produit\/recepteur-g6r-r4a\/","title":{"rendered":"R\u00e9cepteur G6R-R4A"},"content":{"rendered":"<p>&nbsp;<\/p>\n<p>Ce mod\u00e8le a \u00e9t\u00e9 fabriqu\u00e9 jusqu&rsquo;en 2009 et n&rsquo;est plus en production. Vous pouvez le remplacer par le <a href=\"https:\/\/sdmparts.eu\/shop\/g6r-r4au\/\">r\u00e9cepteur universel G6R-R4AU<\/a> ET une nouvelle t\u00e9l\u00e9commande <a href=\"https:\/\/sdmparts.eu\/shop\/g6r-h4t5-remote\/\">de type G6R-H4T5<\/a>. Votre ancien combin\u00e9 \/ t\u00e9l\u00e9commande ne pourra pas communiquer avec le nouveau r\u00e9cepteur en raison de modifications dans les fr\u00e9quences de communication RF.  <\/p>\n","protected":false},"excerpt":{"rendered":"<p>Ce mod\u00e8le a \u00e9t\u00e9 fabriqu\u00e9 jusqu&rsquo;en 2009 et n&rsquo;est plus en production. Vous pouvez le remplacer par le <a href=\"https:\/\/sdmparts.eu\/shop\/g6r-r4au\/\">r\u00e9cepteur universel G6R-R4AU<\/a> ET une nouvelle t\u00e9l\u00e9commande <a href=\"https:\/\/sdmparts.eu\/shop\/g6r-h4t5-remote\/\">de type G6R-H4T5<\/a>. Votre ancien combin\u00e9 \/ t\u00e9l\u00e9commande ne pourra pas communiquer avec le nouveau r\u00e9cepteur en raison de modifications dans les fr\u00e9quences de communication RF.  <\/p>\n","protected":false},"featured_media":1501,"template":"","meta":[],"product_brand":[],"product_cat":[670,693,703],"product_tag":[],"class_list":{"0":"post-7819","1":"product","2":"type-product","3":"status-publish","4":"has-post-thumbnail","6":"product_cat-electronique-g6r","7":"product_cat-gv60-fr","8":"product_cat-recepteurs-fr","10":"first","11":"outofstock","12":"taxable","13":"shipping-taxable","14":"purchasable","15":"product-type-simple"},"jetpack_sharing_enabled":true,"_links":{"self":[{"href":"https:\/\/sdmparts.eu\/fr\/wp-json\/wp\/v2\/product\/7819","targetHints":{"allow":["GET"]}}],"collection":[{"href":"https:\/\/sdmparts.eu\/fr\/wp-json\/wp\/v2\/product"}],"about":[{"href":"https:\/\/sdmparts.eu\/fr\/wp-json\/wp\/v2\/types\/product"}],"version-history":[{"count":1,"href":"https:\/\/sdmparts.eu\/fr\/wp-json\/wp\/v2\/product\/7819\/revisions"}],"predecessor-version":[{"id":8295,"href":"https:\/\/sdmparts.eu\/fr\/wp-json\/wp\/v2\/product\/7819\/revisions\/8295"}],"wp:featuredmedia":[{"embeddable":true,"href":"https:\/\/sdmparts.eu\/fr\/wp-json\/wp\/v2\/media\/1501"}],"wp:attachment":[{"href":"https:\/\/sdmparts.eu\/fr\/wp-json\/wp\/v2\/media?parent=7819"}],"wp:term":[{"taxonomy":"product_brand","embeddable":true,"href":"https:\/\/sdmparts.eu\/fr\/wp-json\/wp\/v2\/product_brand?post=7819"},{"taxonomy":"product_cat","embeddable":true,"href":"https:\/\/sdmparts.eu\/fr\/wp-json\/wp\/v2\/product_cat?post=7819"},{"taxonomy":"product_tag","embeddable":true,"href":"https:\/\/sdmparts.eu\/fr\/wp-json\/wp\/v2\/product_tag?post=7819"}],"curies":[{"name":"wp","href":"https:\/\/api.w.org\/{rel}","templated":true}]}}