{"id":7821,"date":"2018-12-11T10:02:59","date_gmt":"2018-12-11T09:02:59","guid":{"rendered":"https:\/\/sdmparts.eu\/product\/boitier-de-piles-gv60-avec-cable\/"},"modified":"2025-04-29T13:07:07","modified_gmt":"2025-04-29T11:07:07","slug":"boitier-de-piles-gv60-avec-cable","status":"publish","type":"product","link":"https:\/\/sdmparts.eu\/fr\/produit\/boitier-de-piles-gv60-avec-cable\/","title":{"rendered":"Bo\u00eetier de piles GV60 avec c\u00e2ble"},"content":{"rendered":"<p>Bo\u00eetier de piles externe avec c\u00e2ble, fiche \u00e0 90\u00b0<cx id=\"gid_0\"><\/cx><cx id=\"gid_1\"><\/cx>L&rsquo;utilisation du bo\u00eetier de piles externe permettra de pr\u00e9venir tout dommage au circuit imprim\u00e9 en cas de fuite des piles.<cx id=\"gid_2\"><\/cx>Facilite le remplacement des piles.<cx id=\"gid_3\"><\/cx><cx id=\"gid_4\"><\/cx>*Piles non incluses<\/p>\n<p>&nbsp;<\/p>\n","protected":false},"excerpt":{"rendered":"<p>Bo\u00eetier de piles externe avec c\u00e2ble, fiche \u00e0 90\u00b0<cx id=\"gid_0\"><\/cx><cx id=\"gid_1\"><\/cx>L&rsquo;utilisation du bo\u00eetier de piles externe permettra de pr\u00e9venir tout dommage au circuit imprim\u00e9 en cas de fuite des piles.<cx id=\"gid_2\"><\/cx>Facilite le remplacement des piles.<cx id=\"gid_3\"><\/cx><cx id=\"gid_4\"><\/cx>*Piles non incluses<cx id=\"gid_5\"><\/cx>*Le bo\u00eetier ne dispose pas d&rsquo;interrupteur marche\/arr\u00eat<\/p>\n<p>&nbsp;<\/p>\n","protected":false},"featured_media":7822,"template":"","meta":[],"product_brand":[],"product_cat":[652,670,693,672],"product_tag":[],"class_list":{"0":"post-7821","1":"product","2":"type-product","3":"status-publish","4":"has-post-thumbnail","6":"product_cat-electronique-b6r","7":"product_cat-electronique-g6r","8":"product_cat-gv60-fr","9":"product_cat-options-dalimentation","11":"first","12":"outofstock","13":"taxable","14":"shipping-taxable","15":"purchasable","16":"product-type-simple"},"jetpack_sharing_enabled":true,"_links":{"self":[{"href":"https:\/\/sdmparts.eu\/fr\/wp-json\/wp\/v2\/product\/7821","targetHints":{"allow":["GET"]}}],"collection":[{"href":"https:\/\/sdmparts.eu\/fr\/wp-json\/wp\/v2\/product"}],"about":[{"href":"https:\/\/sdmparts.eu\/fr\/wp-json\/wp\/v2\/types\/product"}],"version-history":[{"count":1,"href":"https:\/\/sdmparts.eu\/fr\/wp-json\/wp\/v2\/product\/7821\/revisions"}],"predecessor-version":[{"id":8299,"href":"https:\/\/sdmparts.eu\/fr\/wp-json\/wp\/v2\/product\/7821\/revisions\/8299"}],"wp:featuredmedia":[{"embeddable":true,"href":"https:\/\/sdmparts.eu\/fr\/wp-json\/wp\/v2\/media\/7822"}],"wp:attachment":[{"href":"https:\/\/sdmparts.eu\/fr\/wp-json\/wp\/v2\/media?parent=7821"}],"wp:term":[{"taxonomy":"product_brand","embeddable":true,"href":"https:\/\/sdmparts.eu\/fr\/wp-json\/wp\/v2\/product_brand?post=7821"},{"taxonomy":"product_cat","embeddable":true,"href":"https:\/\/sdmparts.eu\/fr\/wp-json\/wp\/v2\/product_cat?post=7821"},{"taxonomy":"product_tag","embeddable":true,"href":"https:\/\/sdmparts.eu\/fr\/wp-json\/wp\/v2\/product_tag?post=7821"}],"curies":[{"name":"wp","href":"https:\/\/api.w.org\/{rel}","templated":true}]}}