{"id":7843,"date":"2021-07-26T08:45:55","date_gmt":"2025-04-28T21:30:33","guid":{"rendered":"https:\/\/sdmparts.eu\/product\/b6r-w2mr-2-boitier-wifi-maxitrol\/"},"modified":"2025-04-29T13:07:11","modified_gmt":"2025-04-29T11:07:11","slug":"b6r-w2mr-2-boitier-wifi-maxitrol","status":"publish","type":"product","link":"https:\/\/sdmparts.eu\/fr\/produit\/b6r-w2mr-2-boitier-wifi-maxitrol\/","title":{"rendered":"B6R-W2MR-2 Bo\u00eetier Wifi Maxitrol"},"content":{"rendered":"","protected":false},"excerpt":{"rendered":"<p>Bo\u00eetier Wifi Maxitrol pour contr\u00f4ler votre foyer avec l&rsquo;application Myfire\u00ae. Fonctionne uniquement avec le syst\u00e8me Symax (codes d&rsquo;articles commen\u00e7ant par B6R). <\/p>\n","protected":false},"featured_media":7845,"template":"","meta":[],"product_brand":[],"product_cat":[693,701],"product_tag":[],"class_list":{"0":"post-7843","1":"product","2":"type-product","3":"status-publish","4":"has-post-thumbnail","6":"product_cat-gv60-fr","7":"product_cat-wifi-set-fr","9":"first","10":"outofstock","11":"taxable","12":"shipping-taxable","13":"purchasable","14":"product-type-simple"},"jetpack_sharing_enabled":true,"_links":{"self":[{"href":"https:\/\/sdmparts.eu\/fr\/wp-json\/wp\/v2\/product\/7843","targetHints":{"allow":["GET"]}}],"collection":[{"href":"https:\/\/sdmparts.eu\/fr\/wp-json\/wp\/v2\/product"}],"about":[{"href":"https:\/\/sdmparts.eu\/fr\/wp-json\/wp\/v2\/types\/product"}],"version-history":[{"count":1,"href":"https:\/\/sdmparts.eu\/fr\/wp-json\/wp\/v2\/product\/7843\/revisions"}],"predecessor-version":[{"id":8309,"href":"https:\/\/sdmparts.eu\/fr\/wp-json\/wp\/v2\/product\/7843\/revisions\/8309"}],"wp:featuredmedia":[{"embeddable":true,"href":"https:\/\/sdmparts.eu\/fr\/wp-json\/wp\/v2\/media\/7845"}],"wp:attachment":[{"href":"https:\/\/sdmparts.eu\/fr\/wp-json\/wp\/v2\/media?parent=7843"}],"wp:term":[{"taxonomy":"product_brand","embeddable":true,"href":"https:\/\/sdmparts.eu\/fr\/wp-json\/wp\/v2\/product_brand?post=7843"},{"taxonomy":"product_cat","embeddable":true,"href":"https:\/\/sdmparts.eu\/fr\/wp-json\/wp\/v2\/product_cat?post=7843"},{"taxonomy":"product_tag","embeddable":true,"href":"https:\/\/sdmparts.eu\/fr\/wp-json\/wp\/v2\/product_tag?post=7843"}],"curies":[{"name":"wp","href":"https:\/\/api.w.org\/{rel}","templated":true}]}}