{"id":7844,"date":"2019-10-16T11:52:27","date_gmt":"2019-10-16T09:52:27","guid":{"rendered":"https:\/\/sdmparts.eu\/product\/recepteur-b6r-r8p-symax\/"},"modified":"2025-12-08T11:10:54","modified_gmt":"2025-12-08T10:10:54","slug":"recepteur-b6r-r8p-symax","status":"publish","type":"product","link":"https:\/\/sdmparts.eu\/fr\/produit\/recepteur-b6r-r8p-symax\/","title":{"rendered":"R\u00e9cepteur B6R-R8P Symax"},"content":{"rendered":"<p>R\u00e9cepteur Symax de Mertik Maxitrol, type B6R-R8P, pour chemin\u00e9es \u00e0 gaz \u00e9quip\u00e9es du contr\u00f4le de gaz GV60.<br \/>\nNous vous recommandons vivement d&rsquo;utiliser ce r\u00e9cepteur conjointement avec <a href=\"https:\/\/sdmparts.eu\/shop\/g60-zma\/\">l&rsquo;adaptateur secteur 220V<\/a> !<br \/>\nEn cas d&rsquo;utilisation de piles, veillez \u00e0 employer des piles alcalines de haute qualit\u00e9 !<\/p>\n<p>Ce r\u00e9cepteur fait partie de la nouvelle s\u00e9rie Symax (\u00e9tiquette bleue) de Mertik Maxitrol.<\/p>\n","protected":false},"excerpt":{"rendered":"<p>R\u00e9cepteur Symax de Mertik Maxitrol, type B6R-R8P, pour chemin\u00e9es \u00e0 gaz \u00e9quip\u00e9es du contr\u00f4le de gaz GV60.<\/p>\n","protected":false},"featured_media":7847,"template":"","meta":[],"product_brand":[],"product_cat":[652,693,695],"product_tag":[],"class_list":{"0":"post-7844","1":"product","2":"type-product","3":"status-publish","4":"has-post-thumbnail","6":"product_cat-electronique-b6r","7":"product_cat-gv60-fr","8":"product_cat-recepteurs","10":"first","11":"outofstock","12":"downloadable","13":"taxable","14":"shipping-taxable","15":"purchasable","16":"product-type-simple"},"jetpack_sharing_enabled":true,"_links":{"self":[{"href":"https:\/\/sdmparts.eu\/fr\/wp-json\/wp\/v2\/product\/7844","targetHints":{"allow":["GET"]}}],"collection":[{"href":"https:\/\/sdmparts.eu\/fr\/wp-json\/wp\/v2\/product"}],"about":[{"href":"https:\/\/sdmparts.eu\/fr\/wp-json\/wp\/v2\/types\/product"}],"version-history":[{"count":1,"href":"https:\/\/sdmparts.eu\/fr\/wp-json\/wp\/v2\/product\/7844\/revisions"}],"predecessor-version":[{"id":8306,"href":"https:\/\/sdmparts.eu\/fr\/wp-json\/wp\/v2\/product\/7844\/revisions\/8306"}],"wp:featuredmedia":[{"embeddable":true,"href":"https:\/\/sdmparts.eu\/fr\/wp-json\/wp\/v2\/media\/7847"}],"wp:attachment":[{"href":"https:\/\/sdmparts.eu\/fr\/wp-json\/wp\/v2\/media?parent=7844"}],"wp:term":[{"taxonomy":"product_brand","embeddable":true,"href":"https:\/\/sdmparts.eu\/fr\/wp-json\/wp\/v2\/product_brand?post=7844"},{"taxonomy":"product_cat","embeddable":true,"href":"https:\/\/sdmparts.eu\/fr\/wp-json\/wp\/v2\/product_cat?post=7844"},{"taxonomy":"product_tag","embeddable":true,"href":"https:\/\/sdmparts.eu\/fr\/wp-json\/wp\/v2\/product_tag?post=7844"}],"curies":[{"name":"wp","href":"https:\/\/api.w.org\/{rel}","templated":true}]}}