{"id":7849,"date":"2019-06-07T15:26:36","date_gmt":"2025-04-28T21:30:34","guid":{"rendered":"https:\/\/sdmparts.eu\/product\/pile-industrielle-duracell-procell-9v\/"},"modified":"2025-04-28T23:30:34","modified_gmt":"2025-04-28T21:30:34","slug":"pile-industrielle-duracell-procell-9v","status":"publish","type":"product","link":"https:\/\/sdmparts.eu\/fr\/produit\/pile-industrielle-duracell-procell-9v\/","title":{"rendered":"Pile industrielle Duracell Procell 9V"},"content":{"rendered":"<p>Pile alcaline industrielle Duracell 6LR61\/9 Volts<\/p>\n<p>Peut \u00eatre utilis\u00e9e et est recommand\u00e9e pour la t\u00e9l\u00e9commande Mertik Maxitrol.<\/p>\n<p>&nbsp;<\/p>\n","protected":false},"excerpt":{"rendered":"<p>Pile alcaline industrielle Duracell 6LR61\/9 Volts. Peut \u00eatre utilis\u00e9e et est recommand\u00e9e pour la t\u00e9l\u00e9commande Mertik Maxitrol. <\/p>\n","protected":false},"featured_media":7852,"template":"","meta":[],"product_brand":[],"product_cat":[672],"product_tag":[],"class_list":{"0":"post-7849","1":"product","2":"type-product","3":"status-publish","4":"has-post-thumbnail","6":"product_cat-options-dalimentation","8":"first","9":"outofstock","10":"taxable","11":"shipping-taxable","12":"purchasable","13":"product-type-simple"},"jetpack_sharing_enabled":true,"_links":{"self":[{"href":"https:\/\/sdmparts.eu\/fr\/wp-json\/wp\/v2\/product\/7849","targetHints":{"allow":["GET"]}}],"collection":[{"href":"https:\/\/sdmparts.eu\/fr\/wp-json\/wp\/v2\/product"}],"about":[{"href":"https:\/\/sdmparts.eu\/fr\/wp-json\/wp\/v2\/types\/product"}],"version-history":[{"count":0,"href":"https:\/\/sdmparts.eu\/fr\/wp-json\/wp\/v2\/product\/7849\/revisions"}],"wp:featuredmedia":[{"embeddable":true,"href":"https:\/\/sdmparts.eu\/fr\/wp-json\/wp\/v2\/media\/7852"}],"wp:attachment":[{"href":"https:\/\/sdmparts.eu\/fr\/wp-json\/wp\/v2\/media?parent=7849"}],"wp:term":[{"taxonomy":"product_brand","embeddable":true,"href":"https:\/\/sdmparts.eu\/fr\/wp-json\/wp\/v2\/product_brand?post=7849"},{"taxonomy":"product_cat","embeddable":true,"href":"https:\/\/sdmparts.eu\/fr\/wp-json\/wp\/v2\/product_cat?post=7849"},{"taxonomy":"product_tag","embeddable":true,"href":"https:\/\/sdmparts.eu\/fr\/wp-json\/wp\/v2\/product_tag?post=7849"}],"curies":[{"name":"wp","href":"https:\/\/api.w.org\/{rel}","templated":true}]}}