{"id":7853,"date":"2019-11-07T09:18:34","date_gmt":"2025-04-28T21:30:34","guid":{"rendered":"https:\/\/sdmparts.eu\/product\/telecommande-b6r-h8tl3pb\/"},"modified":"2025-04-29T13:07:08","modified_gmt":"2025-04-29T11:07:08","slug":"telecommande-b6r-h8tl3pb","status":"publish","type":"product","link":"https:\/\/sdmparts.eu\/fr\/produit\/telecommande-b6r-h8tl3pb\/","title":{"rendered":"T\u00e9l\u00e9commande B6R-H8TL3PB"},"content":{"rendered":"<p>T\u00e9l\u00e9commande Mertik B6R-H8TL3PB pour foyers \u00e0 gaz \u00e9quip\u00e9s du syst\u00e8me de vanne de contr\u00f4le GV60 et de l&rsquo;\u00e9lectronique Symax.<\/p>\n","protected":false},"excerpt":{"rendered":"<p>T\u00e9l\u00e9commande Mertik B6R-H8TL3PB pour foyers \u00e0 gaz \u00e9quip\u00e9s du syst\u00e8me de vanne de contr\u00f4le GV60 et de l&rsquo;\u00e9lectronique Symax.<\/p>\n","protected":false},"featured_media":7854,"template":"","meta":[],"product_brand":[],"product_cat":[652,693,698],"product_tag":[],"class_list":{"0":"post-7853","1":"product","2":"type-product","3":"status-publish","4":"has-post-thumbnail","6":"product_cat-electronique-b6r","7":"product_cat-gv60-fr","8":"product_cat-telecommandes","10":"first","11":"outofstock","12":"downloadable","13":"taxable","14":"shipping-taxable","15":"purchasable","16":"product-type-simple"},"jetpack_sharing_enabled":true,"_links":{"self":[{"href":"https:\/\/sdmparts.eu\/fr\/wp-json\/wp\/v2\/product\/7853","targetHints":{"allow":["GET"]}}],"collection":[{"href":"https:\/\/sdmparts.eu\/fr\/wp-json\/wp\/v2\/product"}],"about":[{"href":"https:\/\/sdmparts.eu\/fr\/wp-json\/wp\/v2\/types\/product"}],"version-history":[{"count":1,"href":"https:\/\/sdmparts.eu\/fr\/wp-json\/wp\/v2\/product\/7853\/revisions"}],"predecessor-version":[{"id":8301,"href":"https:\/\/sdmparts.eu\/fr\/wp-json\/wp\/v2\/product\/7853\/revisions\/8301"}],"wp:featuredmedia":[{"embeddable":true,"href":"https:\/\/sdmparts.eu\/fr\/wp-json\/wp\/v2\/media\/7854"}],"wp:attachment":[{"href":"https:\/\/sdmparts.eu\/fr\/wp-json\/wp\/v2\/media?parent=7853"}],"wp:term":[{"taxonomy":"product_brand","embeddable":true,"href":"https:\/\/sdmparts.eu\/fr\/wp-json\/wp\/v2\/product_brand?post=7853"},{"taxonomy":"product_cat","embeddable":true,"href":"https:\/\/sdmparts.eu\/fr\/wp-json\/wp\/v2\/product_cat?post=7853"},{"taxonomy":"product_tag","embeddable":true,"href":"https:\/\/sdmparts.eu\/fr\/wp-json\/wp\/v2\/product_tag?post=7853"}],"curies":[{"name":"wp","href":"https:\/\/api.w.org\/{rel}","templated":true}]}}