{"id":7857,"date":"2022-10-07T13:19:16","date_gmt":"2022-10-07T11:19:16","guid":{"rendered":"https:\/\/sdmparts.eu\/product\/bruleur-pilote-universel-ods-pour-gaz-naturel\/"},"modified":"2025-04-28T23:30:45","modified_gmt":"2025-04-28T21:30:45","slug":"bruleur-pilote-universel-ods-pour-gaz-naturel","status":"publish","type":"product","link":"https:\/\/sdmparts.eu\/fr\/produit\/bruleur-pilote-universel-ods-pour-gaz-naturel\/","title":{"rendered":"Br\u00fbleur pilote universel ODS pour gaz naturel"},"content":{"rendered":"<p>Br\u00fbleur pilote universel avec fonctionnalit\u00e9 ODS (capteur d&rsquo;appauvrissement en oxyg\u00e8ne).<br \/>\n\u00c9quip\u00e9 d&rsquo;un \u00e9crou M9.<\/p>\n","protected":false},"excerpt":{"rendered":"<p>Br\u00fbleur pilote universel avec fonctionnalit\u00e9 ODS (capteur d&rsquo;appauvrissement en oxyg\u00e8ne).<br \/>\nType de gaz : gaz naturel<br \/>\nConnexion du thermocouple : M9<br \/>\nBorne du c\u00e2ble d&rsquo;allumage : m\u00e2le 2,8&#215;0,5 mm<br \/>\nLongueur du fil : 850 mm<br \/>\nRaccordement au gaz : coude \u00e0 90 degr\u00e9s<\/p>\n","protected":false},"featured_media":7859,"template":"","meta":[],"product_brand":[],"product_cat":[667],"product_tag":[],"class_list":{"0":"post-7857","1":"product","2":"type-product","3":"status-publish","4":"has-post-thumbnail","6":"product_cat-bruleurs-pilotes","8":"first","9":"outofstock","10":"taxable","11":"shipping-taxable","12":"purchasable","13":"product-type-simple"},"jetpack_sharing_enabled":true,"_links":{"self":[{"href":"https:\/\/sdmparts.eu\/fr\/wp-json\/wp\/v2\/product\/7857","targetHints":{"allow":["GET"]}}],"collection":[{"href":"https:\/\/sdmparts.eu\/fr\/wp-json\/wp\/v2\/product"}],"about":[{"href":"https:\/\/sdmparts.eu\/fr\/wp-json\/wp\/v2\/types\/product"}],"version-history":[{"count":0,"href":"https:\/\/sdmparts.eu\/fr\/wp-json\/wp\/v2\/product\/7857\/revisions"}],"wp:featuredmedia":[{"embeddable":true,"href":"https:\/\/sdmparts.eu\/fr\/wp-json\/wp\/v2\/media\/7859"}],"wp:attachment":[{"href":"https:\/\/sdmparts.eu\/fr\/wp-json\/wp\/v2\/media?parent=7857"}],"wp:term":[{"taxonomy":"product_brand","embeddable":true,"href":"https:\/\/sdmparts.eu\/fr\/wp-json\/wp\/v2\/product_brand?post=7857"},{"taxonomy":"product_cat","embeddable":true,"href":"https:\/\/sdmparts.eu\/fr\/wp-json\/wp\/v2\/product_cat?post=7857"},{"taxonomy":"product_tag","embeddable":true,"href":"https:\/\/sdmparts.eu\/fr\/wp-json\/wp\/v2\/product_tag?post=7857"}],"curies":[{"name":"wp","href":"https:\/\/api.w.org\/{rel}","templated":true}]}}