{"id":7858,"date":"2020-02-12T18:40:24","date_gmt":"2025-04-28T21:30:45","guid":{"rendered":"https:\/\/sdmparts.eu\/product\/boitier-wi-fi-mertik-b6r-wme\/"},"modified":"2025-04-29T13:07:12","modified_gmt":"2025-04-29T11:07:12","slug":"boitier-wi-fi-mertik-b6r-wme","status":"publish","type":"product","link":"https:\/\/sdmparts.eu\/fr\/produit\/boitier-wi-fi-mertik-b6r-wme\/","title":{"rendered":"Bo\u00eetier Wi-Fi Mertik B6R-WME"},"content":{"rendered":"<p>Bo\u00eetier Wi-Fi Mertik pour contr\u00f4ler votre chemin\u00e9e avec l&rsquo;application Myfire\u00ae. Fonctionne exclusivement avec le syst\u00e8me Symax (codes d&rsquo;article commen\u00e7ant par B6R). <\/p>\n<p>B6R-WME<\/p>\n","protected":false},"excerpt":{"rendered":"<p>Bo\u00eetier Wi-Fi Mertik pour contr\u00f4ler votre chemin\u00e9e avec l&rsquo;application Myfire\u00ae. Fonctionne exclusivement avec le syst\u00e8me Symax (codes d&rsquo;article commen\u00e7ant par B6R). <\/p>\n","protected":false},"featured_media":7860,"template":"","meta":[],"product_brand":[],"product_cat":[652,693,701],"product_tag":[],"class_list":{"0":"post-7858","1":"product","2":"type-product","3":"status-publish","4":"has-post-thumbnail","6":"product_cat-electronique-b6r","7":"product_cat-gv60-fr","8":"product_cat-wifi-set-fr","10":"first","11":"outofstock","12":"taxable","13":"shipping-taxable","14":"purchasable","15":"product-type-simple"},"jetpack_sharing_enabled":true,"_links":{"self":[{"href":"https:\/\/sdmparts.eu\/fr\/wp-json\/wp\/v2\/product\/7858","targetHints":{"allow":["GET"]}}],"collection":[{"href":"https:\/\/sdmparts.eu\/fr\/wp-json\/wp\/v2\/product"}],"about":[{"href":"https:\/\/sdmparts.eu\/fr\/wp-json\/wp\/v2\/types\/product"}],"version-history":[{"count":1,"href":"https:\/\/sdmparts.eu\/fr\/wp-json\/wp\/v2\/product\/7858\/revisions"}],"predecessor-version":[{"id":8312,"href":"https:\/\/sdmparts.eu\/fr\/wp-json\/wp\/v2\/product\/7858\/revisions\/8312"}],"wp:featuredmedia":[{"embeddable":true,"href":"https:\/\/sdmparts.eu\/fr\/wp-json\/wp\/v2\/media\/7860"}],"wp:attachment":[{"href":"https:\/\/sdmparts.eu\/fr\/wp-json\/wp\/v2\/media?parent=7858"}],"wp:term":[{"taxonomy":"product_brand","embeddable":true,"href":"https:\/\/sdmparts.eu\/fr\/wp-json\/wp\/v2\/product_brand?post=7858"},{"taxonomy":"product_cat","embeddable":true,"href":"https:\/\/sdmparts.eu\/fr\/wp-json\/wp\/v2\/product_cat?post=7858"},{"taxonomy":"product_tag","embeddable":true,"href":"https:\/\/sdmparts.eu\/fr\/wp-json\/wp\/v2\/product_tag?post=7858"}],"curies":[{"name":"wp","href":"https:\/\/api.w.org\/{rel}","templated":true}]}}