{"id":7877,"date":"2019-12-02T09:24:23","date_gmt":"2019-12-02T08:24:23","guid":{"rendered":"https:\/\/sdmparts.eu\/product\/recepteur-g6r-r4aut\/"},"modified":"2026-02-04T11:39:10","modified_gmt":"2026-02-04T10:39:10","slug":"recepteur-g6r-r4aut","status":"publish","type":"product","link":"https:\/\/sdmparts.eu\/fr\/produit\/recepteur-g6r-r4aut\/","title":{"rendered":"R\u00e9cepteur G6R-R4AUT"},"content":{"rendered":"<p>R\u00e9cepteur Mertik Maxitrol G6R \/ GV60 adapt\u00e9 aux chemin\u00e9es dot\u00e9es d&rsquo;un second thermocouple.<\/p>\n","protected":false},"excerpt":{"rendered":"<p>R\u00e9cepteur Mertik Maxitrol G6R \/ GV60 adapt\u00e9 aux chemin\u00e9es dot\u00e9es d&rsquo;un second thermocouple.<\/p>\n","protected":false},"featured_media":7878,"template":"","meta":[],"product_brand":[],"product_cat":[670,693,703],"product_tag":[],"class_list":{"0":"post-7877","1":"product","2":"type-product","3":"status-publish","4":"has-post-thumbnail","6":"product_cat-electronique-g6r","7":"product_cat-gv60-fr","8":"product_cat-recepteurs-fr","10":"first","11":"instock","12":"taxable","13":"shipping-taxable","14":"purchasable","15":"product-type-simple"},"jetpack_sharing_enabled":true,"_links":{"self":[{"href":"https:\/\/sdmparts.eu\/fr\/wp-json\/wp\/v2\/product\/7877","targetHints":{"allow":["GET"]}}],"collection":[{"href":"https:\/\/sdmparts.eu\/fr\/wp-json\/wp\/v2\/product"}],"about":[{"href":"https:\/\/sdmparts.eu\/fr\/wp-json\/wp\/v2\/types\/product"}],"version-history":[{"count":1,"href":"https:\/\/sdmparts.eu\/fr\/wp-json\/wp\/v2\/product\/7877\/revisions"}],"predecessor-version":[{"id":8308,"href":"https:\/\/sdmparts.eu\/fr\/wp-json\/wp\/v2\/product\/7877\/revisions\/8308"}],"wp:featuredmedia":[{"embeddable":true,"href":"https:\/\/sdmparts.eu\/fr\/wp-json\/wp\/v2\/media\/7878"}],"wp:attachment":[{"href":"https:\/\/sdmparts.eu\/fr\/wp-json\/wp\/v2\/media?parent=7877"}],"wp:term":[{"taxonomy":"product_brand","embeddable":true,"href":"https:\/\/sdmparts.eu\/fr\/wp-json\/wp\/v2\/product_brand?post=7877"},{"taxonomy":"product_cat","embeddable":true,"href":"https:\/\/sdmparts.eu\/fr\/wp-json\/wp\/v2\/product_cat?post=7877"},{"taxonomy":"product_tag","embeddable":true,"href":"https:\/\/sdmparts.eu\/fr\/wp-json\/wp\/v2\/product_tag?post=7877"}],"curies":[{"name":"wp","href":"https:\/\/api.w.org\/{rel}","templated":true}]}}