{"id":7879,"date":"2021-09-01T14:53:41","date_gmt":"2021-09-01T12:53:41","guid":{"rendered":"https:\/\/sdmparts.eu\/product\/g60-zce-1000-cable-domotique-pour-maxitrol\/"},"modified":"2025-04-29T13:07:13","modified_gmt":"2025-04-29T11:07:13","slug":"g60-zce-1000-cable-domotique-pour-maxitrol","status":"publish","type":"product","link":"https:\/\/sdmparts.eu\/fr\/produit\/g60-zce-1000-cable-domotique-pour-maxitrol\/","title":{"rendered":"G60-ZCE\/1000 C\u00e2ble domotique pour Maxitrol"},"content":{"rendered":"<p>G60-ZCE\/1000 C\u00e2ble domotique pour Maxitrol<\/p>\n<p>Ce c\u00e2ble peut \u00eatre utilis\u00e9 pour cr\u00e9er une interface entre les foyers \u00e0 gaz g\u00e9r\u00e9s par Maxitrol et les syst\u00e8mes domotiques.<\/p>\n","protected":false},"excerpt":{"rendered":"<p>G60-ZCE\/1000 C\u00e2ble domotique pour Maxitrol<\/p>\n<p>Ce c\u00e2ble peut \u00eatre utilis\u00e9 pour cr\u00e9er une interface entre les foyers \u00e0 gaz g\u00e9r\u00e9s par Maxitrol et les syst\u00e8mes domotiques.<\/p>\n","protected":false},"featured_media":7880,"template":"","meta":[],"product_brand":[],"product_cat":[658,693],"product_tag":[],"class_list":{"0":"post-7879","1":"product","2":"type-product","3":"status-publish","4":"has-post-thumbnail","6":"product_cat-cables-et-raccords","7":"product_cat-gv60-fr","9":"first","10":"instock","11":"taxable","12":"shipping-taxable","13":"purchasable","14":"product-type-simple"},"jetpack_sharing_enabled":true,"_links":{"self":[{"href":"https:\/\/sdmparts.eu\/fr\/wp-json\/wp\/v2\/product\/7879","targetHints":{"allow":["GET"]}}],"collection":[{"href":"https:\/\/sdmparts.eu\/fr\/wp-json\/wp\/v2\/product"}],"about":[{"href":"https:\/\/sdmparts.eu\/fr\/wp-json\/wp\/v2\/types\/product"}],"version-history":[{"count":1,"href":"https:\/\/sdmparts.eu\/fr\/wp-json\/wp\/v2\/product\/7879\/revisions"}],"predecessor-version":[{"id":8313,"href":"https:\/\/sdmparts.eu\/fr\/wp-json\/wp\/v2\/product\/7879\/revisions\/8313"}],"wp:featuredmedia":[{"embeddable":true,"href":"https:\/\/sdmparts.eu\/fr\/wp-json\/wp\/v2\/media\/7880"}],"wp:attachment":[{"href":"https:\/\/sdmparts.eu\/fr\/wp-json\/wp\/v2\/media?parent=7879"}],"wp:term":[{"taxonomy":"product_brand","embeddable":true,"href":"https:\/\/sdmparts.eu\/fr\/wp-json\/wp\/v2\/product_brand?post=7879"},{"taxonomy":"product_cat","embeddable":true,"href":"https:\/\/sdmparts.eu\/fr\/wp-json\/wp\/v2\/product_cat?post=7879"},{"taxonomy":"product_tag","embeddable":true,"href":"https:\/\/sdmparts.eu\/fr\/wp-json\/wp\/v2\/product_tag?post=7879"}],"curies":[{"name":"wp","href":"https:\/\/api.w.org\/{rel}","templated":true}]}}