{"id":7898,"date":"2022-10-07T13:14:57","date_gmt":"2022-10-07T11:14:57","guid":{"rendered":"https:\/\/sdmparts.eu\/product\/bruleur-pilote-universel-ods-gpl\/"},"modified":"2025-04-28T23:31:00","modified_gmt":"2025-04-28T21:31:00","slug":"bruleur-pilote-universel-ods-gpl","status":"publish","type":"product","link":"https:\/\/sdmparts.eu\/fr\/produit\/bruleur-pilote-universel-ods-gpl\/","title":{"rendered":"Br\u00fbleur pilote universel ODS GPL"},"content":{"rendered":"<p>Br\u00fbleur pilote universel avec fonctionnalit\u00e9 ODS (D\u00e9tecteur d&rsquo;Appauvrissement en Oxyg\u00e8ne).<cx id=\"gid_0\"><\/cx>\u00c9quip\u00e9 d&rsquo;un \u00e9crou M10 et livr\u00e9 avec un adaptateur M9.<\/p>\n","protected":false},"excerpt":{"rendered":"<p>Br\u00fbleur pilote universel avec fonctionnalit\u00e9 ODS (D\u00e9tecteur d&rsquo;Appauvrissement en Oxyg\u00e8ne).<cx id=\"gid_0\"><\/cx>Type de gaz : GPL<cx id=\"gid_1\"><\/cx>Connexion du thermocouple : M10 (un adaptateur M9 est \u00e9galement fourni)<cx id=\"gid_2\"><\/cx>Borne du c\u00e2ble d&rsquo;allumage : M\u00e2le 2,8&#215;0,5mm<cx id=\"gid_3\"><\/cx>Longueur du fil : 350mm<cx id=\"gid_4\"><\/cx>Raccordement gaz : Coude \u00e0 90 degr\u00e9s<\/p>\n","protected":false},"featured_media":7859,"template":"","meta":[],"product_brand":[],"product_cat":[667],"product_tag":[],"class_list":{"0":"post-7898","1":"product","2":"type-product","3":"status-publish","4":"has-post-thumbnail","6":"product_cat-bruleurs-pilotes","8":"first","9":"instock","10":"taxable","11":"shipping-taxable","12":"purchasable","13":"product-type-simple"},"jetpack_sharing_enabled":true,"_links":{"self":[{"href":"https:\/\/sdmparts.eu\/fr\/wp-json\/wp\/v2\/product\/7898","targetHints":{"allow":["GET"]}}],"collection":[{"href":"https:\/\/sdmparts.eu\/fr\/wp-json\/wp\/v2\/product"}],"about":[{"href":"https:\/\/sdmparts.eu\/fr\/wp-json\/wp\/v2\/types\/product"}],"version-history":[{"count":0,"href":"https:\/\/sdmparts.eu\/fr\/wp-json\/wp\/v2\/product\/7898\/revisions"}],"wp:featuredmedia":[{"embeddable":true,"href":"https:\/\/sdmparts.eu\/fr\/wp-json\/wp\/v2\/media\/7859"}],"wp:attachment":[{"href":"https:\/\/sdmparts.eu\/fr\/wp-json\/wp\/v2\/media?parent=7898"}],"wp:term":[{"taxonomy":"product_brand","embeddable":true,"href":"https:\/\/sdmparts.eu\/fr\/wp-json\/wp\/v2\/product_brand?post=7898"},{"taxonomy":"product_cat","embeddable":true,"href":"https:\/\/sdmparts.eu\/fr\/wp-json\/wp\/v2\/product_cat?post=7898"},{"taxonomy":"product_tag","embeddable":true,"href":"https:\/\/sdmparts.eu\/fr\/wp-json\/wp\/v2\/product_tag?post=7898"}],"curies":[{"name":"wp","href":"https:\/\/api.w.org\/{rel}","templated":true}]}}