{"id":7919,"date":"2022-10-10T12:13:51","date_gmt":"2022-10-10T10:13:51","guid":{"rendered":"https:\/\/sdmparts.eu\/product\/interrupteur-avec-cables-g60-zskls-500\/"},"modified":"2026-03-19T16:30:18","modified_gmt":"2026-03-19T15:30:18","slug":"interrupteur-avec-cables-g60-zskls-500","status":"publish","type":"product","link":"https:\/\/sdmparts.eu\/fr\/produit\/interrupteur-avec-cables-g60-zskls-500\/","title":{"rendered":"Interrupteur avec c\u00e2bles G60-ZSKLS\/500"},"content":{"rendered":"<p>Alternativement, vous pouvez utiliser le c\u00e2ble &lsquo;jaune&rsquo; sans l&rsquo;interrupteur<\/p>\n","protected":false},"excerpt":{"rendered":"<p>Interrupteur avec c\u00e2ble utilis\u00e9 pour la vanne GV60 et l&rsquo;\u00e9lectronique. Il s&rsquo;agit du c\u00e2ble &lsquo;jaune&rsquo;.<br \/>\nLa cosse de c\u00e2ble jaune est connect\u00e9e au port jaune de l&rsquo;\u00e9lectronique G6R ou B6R (SYMAX).<br \/>\nLongueur : 500 mm <\/p>\n","protected":false},"featured_media":7921,"template":"","meta":[],"product_brand":[],"product_cat":[658,693],"product_tag":[],"class_list":{"0":"post-7919","1":"product","2":"type-product","3":"status-publish","4":"has-post-thumbnail","6":"product_cat-cables-et-raccords","7":"product_cat-gv60-fr","9":"first","10":"instock","11":"taxable","12":"shipping-taxable","13":"purchasable","14":"product-type-simple"},"jetpack_sharing_enabled":true,"_links":{"self":[{"href":"https:\/\/sdmparts.eu\/fr\/wp-json\/wp\/v2\/product\/7919","targetHints":{"allow":["GET"]}}],"collection":[{"href":"https:\/\/sdmparts.eu\/fr\/wp-json\/wp\/v2\/product"}],"about":[{"href":"https:\/\/sdmparts.eu\/fr\/wp-json\/wp\/v2\/types\/product"}],"version-history":[{"count":1,"href":"https:\/\/sdmparts.eu\/fr\/wp-json\/wp\/v2\/product\/7919\/revisions"}],"predecessor-version":[{"id":8211,"href":"https:\/\/sdmparts.eu\/fr\/wp-json\/wp\/v2\/product\/7919\/revisions\/8211"}],"wp:featuredmedia":[{"embeddable":true,"href":"https:\/\/sdmparts.eu\/fr\/wp-json\/wp\/v2\/media\/7921"}],"wp:attachment":[{"href":"https:\/\/sdmparts.eu\/fr\/wp-json\/wp\/v2\/media?parent=7919"}],"wp:term":[{"taxonomy":"product_brand","embeddable":true,"href":"https:\/\/sdmparts.eu\/fr\/wp-json\/wp\/v2\/product_brand?post=7919"},{"taxonomy":"product_cat","embeddable":true,"href":"https:\/\/sdmparts.eu\/fr\/wp-json\/wp\/v2\/product_cat?post=7919"},{"taxonomy":"product_tag","embeddable":true,"href":"https:\/\/sdmparts.eu\/fr\/wp-json\/wp\/v2\/product_tag?post=7919"}],"curies":[{"name":"wp","href":"https:\/\/api.w.org\/{rel}","templated":true}]}}