{"id":7920,"date":"2022-10-10T10:23:52","date_gmt":"2022-10-10T08:23:52","guid":{"rendered":"https:\/\/sdmparts.eu\/product\/recepteur-b6r-r8pt2-symax\/"},"modified":"2026-03-27T14:31:49","modified_gmt":"2026-03-27T13:31:49","slug":"recepteur-b6r-r8pt2-symax","status":"publish","type":"product","link":"https:\/\/sdmparts.eu\/fr\/produit\/recepteur-b6r-r8pt2-symax\/","title":{"rendered":"R\u00e9cepteur B6R-R8PT2 Symax"},"content":{"rendered":"<p>R\u00e9cepteur Maxitrol, \u00e9lectronique SYMAX 2, destin\u00e9 \u00e0 \u00eatre utilis\u00e9 en combinaison avec des foyers au gaz \u00e9quip\u00e9s d&rsquo;un second thermocouple<\/p>\n","protected":false},"excerpt":{"rendered":"<p>R\u00e9cepteur Maxitrol, \u00e9lectronique SYMAX 2, destin\u00e9 \u00e0 \u00eatre utilis\u00e9 en combinaison avec des foyers au gaz \u00e9quip\u00e9s d&rsquo;un second thermocouple<\/p>\n","protected":false},"featured_media":7922,"template":"","meta":[],"product_brand":[],"product_cat":[652,693,695],"product_tag":[],"class_list":{"0":"post-7920","1":"product","2":"type-product","3":"status-publish","4":"has-post-thumbnail","6":"product_cat-electronique-b6r","7":"product_cat-gv60-fr","8":"product_cat-recepteurs","10":"first","11":"instock","12":"taxable","13":"shipping-taxable","14":"purchasable","15":"product-type-simple"},"jetpack_sharing_enabled":true,"_links":{"self":[{"href":"https:\/\/sdmparts.eu\/fr\/wp-json\/wp\/v2\/product\/7920","targetHints":{"allow":["GET"]}}],"collection":[{"href":"https:\/\/sdmparts.eu\/fr\/wp-json\/wp\/v2\/product"}],"about":[{"href":"https:\/\/sdmparts.eu\/fr\/wp-json\/wp\/v2\/types\/product"}],"version-history":[{"count":1,"href":"https:\/\/sdmparts.eu\/fr\/wp-json\/wp\/v2\/product\/7920\/revisions"}],"predecessor-version":[{"id":8208,"href":"https:\/\/sdmparts.eu\/fr\/wp-json\/wp\/v2\/product\/7920\/revisions\/8208"}],"wp:featuredmedia":[{"embeddable":true,"href":"https:\/\/sdmparts.eu\/fr\/wp-json\/wp\/v2\/media\/7922"}],"wp:attachment":[{"href":"https:\/\/sdmparts.eu\/fr\/wp-json\/wp\/v2\/media?parent=7920"}],"wp:term":[{"taxonomy":"product_brand","embeddable":true,"href":"https:\/\/sdmparts.eu\/fr\/wp-json\/wp\/v2\/product_brand?post=7920"},{"taxonomy":"product_cat","embeddable":true,"href":"https:\/\/sdmparts.eu\/fr\/wp-json\/wp\/v2\/product_cat?post=7920"},{"taxonomy":"product_tag","embeddable":true,"href":"https:\/\/sdmparts.eu\/fr\/wp-json\/wp\/v2\/product_tag?post=7920"}],"curies":[{"name":"wp","href":"https:\/\/api.w.org\/{rel}","templated":true}]}}