{"id":7928,"date":"2022-10-07T14:17:46","date_gmt":"2022-10-07T12:17:46","guid":{"rendered":"https:\/\/sdmparts.eu\/product\/telecommande-puck-noire\/"},"modified":"2025-04-29T12:52:41","modified_gmt":"2025-04-29T10:52:41","slug":"telecommande-puck-noire","status":"publish","type":"product","link":"https:\/\/sdmparts.eu\/fr\/produit\/telecommande-puck-noire\/","title":{"rendered":"T\u00e9l\u00e9commande Puck Noire"},"content":{"rendered":"<p>T\u00e9l\u00e9commande Puck Maxitrol \u00e0 utiliser en combinaison avec l&rsquo;\u00e9lectronique SYMAX 2.<br \/>\nLe code article est B6R-H8SPB<br \/>\nCe produit est un remplacement appropri\u00e9 pour le B6R-H8SPW qui est la m\u00eame t\u00e9l\u00e9commande mais en blanc.<\/p>\n","protected":false},"excerpt":{"rendered":"<p>T\u00e9l\u00e9commande Puck Maxitrol B6R-H8SPB \u00e0 utiliser en combinaison avec l&rsquo;\u00e9lectronique SYMAX 2.<br \/>\nElle comporte 3 boutons. Elle peut \u00eatre utilis\u00e9e comme une alternative plus \u00e9conomique aux t\u00e9l\u00e9commandes \u00e0 8 ou 10 boutons lorsque vous configurez le Wi-Fi via le <a href=\"https:\/\/sdmparts.eu\/fr\/produit\/b6r-w2mr-2-boitier-wifi-maxitrol\/\">Module Wi-Fi SYMAX<\/a>. <\/p>\n","protected":false},"featured_media":7929,"template":"","meta":[],"product_brand":[],"product_cat":[652,693,698],"product_tag":[],"class_list":{"0":"post-7928","1":"product","2":"type-product","3":"status-publish","4":"has-post-thumbnail","6":"product_cat-electronique-b6r","7":"product_cat-gv60-fr","8":"product_cat-telecommandes","10":"first","11":"instock","12":"taxable","13":"shipping-taxable","14":"purchasable","15":"product-type-simple"},"jetpack_sharing_enabled":true,"_links":{"self":[{"href":"https:\/\/sdmparts.eu\/fr\/wp-json\/wp\/v2\/product\/7928","targetHints":{"allow":["GET"]}}],"collection":[{"href":"https:\/\/sdmparts.eu\/fr\/wp-json\/wp\/v2\/product"}],"about":[{"href":"https:\/\/sdmparts.eu\/fr\/wp-json\/wp\/v2\/types\/product"}],"version-history":[{"count":1,"href":"https:\/\/sdmparts.eu\/fr\/wp-json\/wp\/v2\/product\/7928\/revisions"}],"predecessor-version":[{"id":8207,"href":"https:\/\/sdmparts.eu\/fr\/wp-json\/wp\/v2\/product\/7928\/revisions\/8207"}],"wp:featuredmedia":[{"embeddable":true,"href":"https:\/\/sdmparts.eu\/fr\/wp-json\/wp\/v2\/media\/7929"}],"wp:attachment":[{"href":"https:\/\/sdmparts.eu\/fr\/wp-json\/wp\/v2\/media?parent=7928"}],"wp:term":[{"taxonomy":"product_brand","embeddable":true,"href":"https:\/\/sdmparts.eu\/fr\/wp-json\/wp\/v2\/product_brand?post=7928"},{"taxonomy":"product_cat","embeddable":true,"href":"https:\/\/sdmparts.eu\/fr\/wp-json\/wp\/v2\/product_cat?post=7928"},{"taxonomy":"product_tag","embeddable":true,"href":"https:\/\/sdmparts.eu\/fr\/wp-json\/wp\/v2\/product_tag?post=7928"}],"curies":[{"name":"wp","href":"https:\/\/api.w.org\/{rel}","templated":true}]}}