{"id":7943,"date":"2022-10-10T13:52:41","date_gmt":"2022-10-10T11:52:41","guid":{"rendered":"https:\/\/sdmparts.eu\/product\/panneau-tactile-gv60\/"},"modified":"2025-11-23T13:02:19","modified_gmt":"2025-11-23T12:02:19","slug":"panneau-tactile-gv60","status":"publish","type":"product","link":"https:\/\/sdmparts.eu\/fr\/produit\/panneau-tactile-gv60\/","title":{"rendered":"Panneau tactile GV60"},"content":{"rendered":"","protected":false},"excerpt":{"rendered":"<p>Panneau tactile pour le syst\u00e8me de vanne de contr\u00f4le de gaz GV60.<br \/>\nCouleur : Noir<br \/>\nR\u00e9f\u00e9rence : G6R-TPN-B<br \/>\nSe fixe facilement sur toute surface gr\u00e2ce \u00e0 un ruban adh\u00e9sif 3M<br \/>\n<a href=\"https:\/\/sdmparts.eu\/fr\/produit\/cable-pour-interrupteur-mural-pave-tactile-g6r-cwsn-500-mm\/\">Le c\u00e2ble du panneau tactile<\/a> est vendu s\u00e9par\u00e9ment.<\/p>\n","protected":false},"featured_media":7944,"template":"","meta":[],"product_brand":[],"product_cat":[658,693],"product_tag":[],"class_list":{"0":"post-7943","1":"product","2":"type-product","3":"status-publish","4":"has-post-thumbnail","6":"product_cat-cables-et-raccords","7":"product_cat-gv60-fr","9":"first","10":"instock","11":"taxable","12":"shipping-taxable","13":"purchasable","14":"product-type-simple"},"jetpack_sharing_enabled":true,"_links":{"self":[{"href":"https:\/\/sdmparts.eu\/fr\/wp-json\/wp\/v2\/product\/7943","targetHints":{"allow":["GET"]}}],"collection":[{"href":"https:\/\/sdmparts.eu\/fr\/wp-json\/wp\/v2\/product"}],"about":[{"href":"https:\/\/sdmparts.eu\/fr\/wp-json\/wp\/v2\/types\/product"}],"version-history":[{"count":1,"href":"https:\/\/sdmparts.eu\/fr\/wp-json\/wp\/v2\/product\/7943\/revisions"}],"predecessor-version":[{"id":8221,"href":"https:\/\/sdmparts.eu\/fr\/wp-json\/wp\/v2\/product\/7943\/revisions\/8221"}],"wp:featuredmedia":[{"embeddable":true,"href":"https:\/\/sdmparts.eu\/fr\/wp-json\/wp\/v2\/media\/7944"}],"wp:attachment":[{"href":"https:\/\/sdmparts.eu\/fr\/wp-json\/wp\/v2\/media?parent=7943"}],"wp:term":[{"taxonomy":"product_brand","embeddable":true,"href":"https:\/\/sdmparts.eu\/fr\/wp-json\/wp\/v2\/product_brand?post=7943"},{"taxonomy":"product_cat","embeddable":true,"href":"https:\/\/sdmparts.eu\/fr\/wp-json\/wp\/v2\/product_cat?post=7943"},{"taxonomy":"product_tag","embeddable":true,"href":"https:\/\/sdmparts.eu\/fr\/wp-json\/wp\/v2\/product_tag?post=7943"}],"curies":[{"name":"wp","href":"https:\/\/api.w.org\/{rel}","templated":true}]}}