{"id":7949,"date":"2022-10-10T13:30:00","date_gmt":"2022-10-10T11:30:00","guid":{"rendered":"https:\/\/sdmparts.eu\/product\/cable-pour-interrupteur-mural-pave-tactile-g6r-cwsn-500-mm\/"},"modified":"2025-04-29T12:52:46","modified_gmt":"2025-04-29T10:52:46","slug":"cable-pour-interrupteur-mural-pave-tactile-g6r-cwsn-500-mm","status":"publish","type":"product","link":"https:\/\/sdmparts.eu\/fr\/produit\/cable-pour-interrupteur-mural-pave-tactile-g6r-cwsn-500-mm\/","title":{"rendered":"C\u00e2ble pour interrupteur mural \/ pav\u00e9 tactile G6R-CWSN 500 mm"},"content":{"rendered":"","protected":false},"excerpt":{"rendered":"<p>C\u00e2ble G6R-CWSN\/500 utilis\u00e9 pour connecter l&rsquo;interrupteur mural ou le panneau tactile au r\u00e9cepteur du syst\u00e8me de contr\u00f4le de gaz GV60.<\/p>\n<p>Longueur : 500 mm<\/p>\n<p>\u00c9galement disponible en 1500 mm<\/p>\n<p>&nbsp;<\/p>\n<p>&nbsp;<\/p>\n","protected":false},"featured_media":7950,"template":"","meta":[],"product_brand":[],"product_cat":[658,693],"product_tag":[],"class_list":{"0":"post-7949","1":"product","2":"type-product","3":"status-publish","4":"has-post-thumbnail","6":"product_cat-cables-et-raccords","7":"product_cat-gv60-fr","9":"first","10":"instock","11":"taxable","12":"shipping-taxable","13":"purchasable","14":"product-type-simple"},"jetpack_sharing_enabled":true,"_links":{"self":[{"href":"https:\/\/sdmparts.eu\/fr\/wp-json\/wp\/v2\/product\/7949","targetHints":{"allow":["GET"]}}],"collection":[{"href":"https:\/\/sdmparts.eu\/fr\/wp-json\/wp\/v2\/product"}],"about":[{"href":"https:\/\/sdmparts.eu\/fr\/wp-json\/wp\/v2\/types\/product"}],"version-history":[{"count":1,"href":"https:\/\/sdmparts.eu\/fr\/wp-json\/wp\/v2\/product\/7949\/revisions"}],"predecessor-version":[{"id":8217,"href":"https:\/\/sdmparts.eu\/fr\/wp-json\/wp\/v2\/product\/7949\/revisions\/8217"}],"wp:featuredmedia":[{"embeddable":true,"href":"https:\/\/sdmparts.eu\/fr\/wp-json\/wp\/v2\/media\/7950"}],"wp:attachment":[{"href":"https:\/\/sdmparts.eu\/fr\/wp-json\/wp\/v2\/media?parent=7949"}],"wp:term":[{"taxonomy":"product_brand","embeddable":true,"href":"https:\/\/sdmparts.eu\/fr\/wp-json\/wp\/v2\/product_brand?post=7949"},{"taxonomy":"product_cat","embeddable":true,"href":"https:\/\/sdmparts.eu\/fr\/wp-json\/wp\/v2\/product_cat?post=7949"},{"taxonomy":"product_tag","embeddable":true,"href":"https:\/\/sdmparts.eu\/fr\/wp-json\/wp\/v2\/product_tag?post=7949"}],"curies":[{"name":"wp","href":"https:\/\/api.w.org\/{rel}","templated":true}]}}