{"id":7959,"date":"2022-10-11T12:09:05","date_gmt":"2025-04-28T21:31:42","guid":{"rendered":"https:\/\/sdmparts.eu\/product\/ensemble-wi-fi-gv60\/"},"modified":"2025-04-28T23:31:42","modified_gmt":"2025-04-28T21:31:42","slug":"ensemble-wi-fi-gv60","status":"publish","type":"product","link":"https:\/\/sdmparts.eu\/fr\/produit\/ensemble-wi-fi-gv60\/","title":{"rendered":"Ensemble Wi-Fi GV60"},"content":{"rendered":"<p>Si vous poss\u00e9dez d\u00e9j\u00e0 un foyer fonctionnant avec une vanne Maxitrol\u00ae GV60, vous avez la possibilit\u00e9 d&rsquo;opter pour une mise \u00e0 niveau vers l&rsquo;\u00e9lectronique SYMAX 2 la plus r\u00e9cente, vous permettant ainsi d&rsquo;utiliser votre foyer via une application sur votre t\u00e9l\u00e9phone.<\/p>\n<p>Pr\u00e9requis<br \/>\n1) S\u00e9lectionnez l&rsquo;une des t\u00e9l\u00e9commandes SYMAX 2 disponibles ; une t\u00e9l\u00e9commande est toujours n\u00e9cessaire pour configurer le syst\u00e8me.<br \/>\n2) Choisissez le r\u00e9cepteur SYMAX 2 appropri\u00e9 (avec ou sans second thermocouple)<br \/>\n3) Ajoutez un adaptateur 220V si vous n&rsquo;en disposez pas d\u00e9j\u00e0 (obligatoire pour l&rsquo;utilisation avec le bo\u00eetier Wi-Fi !)<br \/>\n4) Ajoutez le bo\u00eetier Wi-Fi \u00e0 votre ensemble (c\u00e2ble inclus)<\/p>\n<p>Veuillez noter que le bo\u00eetier Wi-Fi ne peut \u00eatre connect\u00e9 qu&rsquo;aux r\u00e9cepteurs SYMAX 2. Si vous poss\u00e9dez un r\u00e9cepteur Maxitrol\u00ae dont la r\u00e9f\u00e9rence commence par G6R, vous ne pourrez pas utiliser ce bo\u00eetier Wi-Fi ! <\/p>\n<p>Le bo\u00eetier Wi-Fi fonctionne avec l&rsquo;application <a href=\"http:\/\/myfireapp.com\/nl\/\">myfire<\/a>.<\/p>\n","protected":false},"excerpt":{"rendered":"<p>Composez un ensemble Wi-Fi afin de mettre \u00e0 niveau votre syst\u00e8me GV60 pour une utilisation avec une application sur votre t\u00e9l\u00e9phone. Veuillez faire d\u00e9filer cette page vers le bas pour obtenir des instructions compl\u00e9mentaires. <\/p>\n","protected":false},"featured_media":7961,"template":"","meta":[],"product_brand":[],"product_cat":[653],"product_tag":[],"class_list":{"0":"post-7959","1":"product","2":"type-product","3":"status-publish","4":"has-post-thumbnail","6":"product_cat-non-categorise","8":"first","9":"instock","10":"sale","11":"taxable","12":"shipping-taxable","13":"product-type-grouped"},"jetpack_sharing_enabled":true,"_links":{"self":[{"href":"https:\/\/sdmparts.eu\/fr\/wp-json\/wp\/v2\/product\/7959","targetHints":{"allow":["GET"]}}],"collection":[{"href":"https:\/\/sdmparts.eu\/fr\/wp-json\/wp\/v2\/product"}],"about":[{"href":"https:\/\/sdmparts.eu\/fr\/wp-json\/wp\/v2\/types\/product"}],"version-history":[{"count":0,"href":"https:\/\/sdmparts.eu\/fr\/wp-json\/wp\/v2\/product\/7959\/revisions"}],"wp:featuredmedia":[{"embeddable":true,"href":"https:\/\/sdmparts.eu\/fr\/wp-json\/wp\/v2\/media\/7961"}],"wp:attachment":[{"href":"https:\/\/sdmparts.eu\/fr\/wp-json\/wp\/v2\/media?parent=7959"}],"wp:term":[{"taxonomy":"product_brand","embeddable":true,"href":"https:\/\/sdmparts.eu\/fr\/wp-json\/wp\/v2\/product_brand?post=7959"},{"taxonomy":"product_cat","embeddable":true,"href":"https:\/\/sdmparts.eu\/fr\/wp-json\/wp\/v2\/product_cat?post=7959"},{"taxonomy":"product_tag","embeddable":true,"href":"https:\/\/sdmparts.eu\/fr\/wp-json\/wp\/v2\/product_tag?post=7959"}],"curies":[{"name":"wp","href":"https:\/\/api.w.org\/{rel}","templated":true}]}}