{"id":7970,"date":"2022-10-11T11:54:42","date_gmt":"2025-04-28T21:31:44","guid":{"rendered":"https:\/\/sdmparts.eu\/product\/gv60-ensemble-electronique-g6r\/"},"modified":"2025-04-28T23:31:44","modified_gmt":"2025-04-28T21:31:44","slug":"gv60-ensemble-electronique-g6r","status":"publish","type":"product","link":"https:\/\/sdmparts.eu\/fr\/produit\/gv60-ensemble-electronique-g6r\/","title":{"rendered":"GV60 &#8211; Ensemble \u00e9lectronique G6R"},"content":{"rendered":"<p>L&rsquo;ensemble \u00e9lectronique G6R se composerait des \u00e9l\u00e9ments suivants, qui peuvent \u00e9galement \u00eatre command\u00e9s s\u00e9par\u00e9ment.<br \/>\nT\u00e9l\u00e9commande + R\u00e9cepteur + Alimentation \u00e9lectrique.<\/p>\n<p><strong>T\u00e9l\u00e9commandes<\/strong><br \/>\nNous proposons deux t\u00e9l\u00e9commandes de la gamme \u00e9lectronique G6R. Il en existe beaucoup d&rsquo;autres, mais celles que nous proposons sont les plus universelles.<br \/>\nG6R-H4T5 &#8211; T\u00e9l\u00e9commande avec affichage, thermostat et minuterie<br \/>\nG6R-H4T2 &#8211; T\u00e9l\u00e9commande avec affichage, thermostat et minuterie + permet le fonctionnement d&rsquo;un second br\u00fbleur.<br \/>\nSi votre foyer est \u00e9quip\u00e9 d&rsquo;un syst\u00e8me d&rsquo;\u00e9vacuation motoris\u00e9, veuillez nous contacter par courriel \u00e0 l&rsquo;adresse sales@sdmparts.eu <\/p>\n<p><strong>R\u00e9cepteurs<\/strong><br \/>\nNous proposons deux r\u00e9cepteurs de la gamme \u00e9lectronique G6R.<br \/>\nG6R-R4AU &#8211; R\u00e9cepteur universel, peut \u00eatre utilis\u00e9 pour remplacer le r\u00e9cepteur G6R-R4AM (standard).<br \/>\nG6R-R4AUT &#8211; R\u00e9cepteur universel avec connexion pour un second thermocouple. Certains foyers \u00e0 gaz sont \u00e9quip\u00e9s d&rsquo;un second thermocouple pour une s\u00e9curit\u00e9 accrue. Si votre foyer \u00e0 gaz ne dispose pas d&rsquo;un second thermocouple, ne commandez pas ce r\u00e9cepteur car il ne fonctionnera pas sans celui-ci !  <\/p>\n<p><strong>Alimentation<\/strong><br \/>\nL&rsquo;\u00e9lectronique peut \u00eatre aliment\u00e9e par piles ou par un adaptateur secteur. Nous recommandons vivement l&rsquo;utilisation de l&rsquo;adaptateur 220V car il offre le moins de <\/p>\n","protected":false},"excerpt":{"rendered":"<p>Ensemble \u00e9lectronique enti\u00e8rement neuf pour GV60 &#8211; \u00c9lectronique G6R. Voir la description compl\u00e8te ci-dessous. <\/p>\n","protected":false},"featured_media":7971,"template":"","meta":[],"product_brand":[],"product_cat":[653],"product_tag":[],"class_list":{"0":"post-7970","1":"product","2":"type-product","3":"status-publish","4":"has-post-thumbnail","6":"product_cat-non-categorise","8":"first","9":"instock","10":"sale","11":"taxable","12":"shipping-taxable","13":"product-type-grouped"},"jetpack_sharing_enabled":true,"_links":{"self":[{"href":"https:\/\/sdmparts.eu\/fr\/wp-json\/wp\/v2\/product\/7970","targetHints":{"allow":["GET"]}}],"collection":[{"href":"https:\/\/sdmparts.eu\/fr\/wp-json\/wp\/v2\/product"}],"about":[{"href":"https:\/\/sdmparts.eu\/fr\/wp-json\/wp\/v2\/types\/product"}],"version-history":[{"count":0,"href":"https:\/\/sdmparts.eu\/fr\/wp-json\/wp\/v2\/product\/7970\/revisions"}],"wp:featuredmedia":[{"embeddable":true,"href":"https:\/\/sdmparts.eu\/fr\/wp-json\/wp\/v2\/media\/7971"}],"wp:attachment":[{"href":"https:\/\/sdmparts.eu\/fr\/wp-json\/wp\/v2\/media?parent=7970"}],"wp:term":[{"taxonomy":"product_brand","embeddable":true,"href":"https:\/\/sdmparts.eu\/fr\/wp-json\/wp\/v2\/product_brand?post=7970"},{"taxonomy":"product_cat","embeddable":true,"href":"https:\/\/sdmparts.eu\/fr\/wp-json\/wp\/v2\/product_cat?post=7970"},{"taxonomy":"product_tag","embeddable":true,"href":"https:\/\/sdmparts.eu\/fr\/wp-json\/wp\/v2\/product_tag?post=7970"}],"curies":[{"name":"wp","href":"https:\/\/api.w.org\/{rel}","templated":true}]}}