{"id":7977,"date":"2024-10-19T15:43:30","date_gmt":"2024-10-19T13:43:30","guid":{"rendered":"https:\/\/sdmparts.eu\/product\/cable-dinterrupteur-mural-pave-tactile-g6r-cwsn-1500-mm\/"},"modified":"2025-11-23T13:02:19","modified_gmt":"2025-11-23T12:02:19","slug":"cable-dinterrupteur-mural-pave-tactile-g6r-cwsn-1500-mm","status":"publish","type":"product","link":"https:\/\/sdmparts.eu\/fr\/produit\/cable-dinterrupteur-mural-pave-tactile-g6r-cwsn-1500-mm\/","title":{"rendered":"C\u00e2ble d&rsquo;interrupteur mural \/ pav\u00e9 tactile G6R-CWSN 1500 mm"},"content":{"rendered":"","protected":false},"excerpt":{"rendered":"<p>C\u00e2ble G6R-CWSN\/1500 utilis\u00e9 pour connecter l&rsquo;interrupteur mural ou le panneau tactile au r\u00e9cepteur du syst\u00e8me de contr\u00f4le de gaz GV60.<cx id=\"gid_0\"><\/cx><cx id=\"gid_1\"><\/cx>Longueur : 1500 mm<cx id=\"gid_2\"><\/cx><cx id=\"gid_3\"><\/cx>\u00c9galement disponible en 500 mm<\/p>\n<p>&nbsp;<\/p>\n<p>&nbsp;<\/p>\n","protected":false},"featured_media":7950,"template":"","meta":[],"product_brand":[],"product_cat":[658,693],"product_tag":[],"class_list":{"0":"post-7977","1":"product","2":"type-product","3":"status-publish","4":"has-post-thumbnail","6":"product_cat-cables-et-raccords","7":"product_cat-gv60-fr","9":"first","10":"instock","11":"taxable","12":"shipping-taxable","13":"purchasable","14":"product-type-simple"},"jetpack_sharing_enabled":true,"_links":{"self":[{"href":"https:\/\/sdmparts.eu\/fr\/wp-json\/wp\/v2\/product\/7977","targetHints":{"allow":["GET"]}}],"collection":[{"href":"https:\/\/sdmparts.eu\/fr\/wp-json\/wp\/v2\/product"}],"about":[{"href":"https:\/\/sdmparts.eu\/fr\/wp-json\/wp\/v2\/types\/product"}],"version-history":[{"count":1,"href":"https:\/\/sdmparts.eu\/fr\/wp-json\/wp\/v2\/product\/7977\/revisions"}],"predecessor-version":[{"id":8236,"href":"https:\/\/sdmparts.eu\/fr\/wp-json\/wp\/v2\/product\/7977\/revisions\/8236"}],"wp:featuredmedia":[{"embeddable":true,"href":"https:\/\/sdmparts.eu\/fr\/wp-json\/wp\/v2\/media\/7950"}],"wp:attachment":[{"href":"https:\/\/sdmparts.eu\/fr\/wp-json\/wp\/v2\/media?parent=7977"}],"wp:term":[{"taxonomy":"product_brand","embeddable":true,"href":"https:\/\/sdmparts.eu\/fr\/wp-json\/wp\/v2\/product_brand?post=7977"},{"taxonomy":"product_cat","embeddable":true,"href":"https:\/\/sdmparts.eu\/fr\/wp-json\/wp\/v2\/product_cat?post=7977"},{"taxonomy":"product_tag","embeddable":true,"href":"https:\/\/sdmparts.eu\/fr\/wp-json\/wp\/v2\/product_tag?post=7977"}],"curies":[{"name":"wp","href":"https:\/\/api.w.org\/{rel}","templated":true}]}}