{"id":7983,"date":"2022-10-11T16:23:17","date_gmt":"2022-10-11T14:23:17","guid":{"rendered":"https:\/\/sdmparts.eu\/product\/vanne-de-gaz-manuelle-gv32\/"},"modified":"2026-01-26T14:18:30","modified_gmt":"2026-01-26T13:18:30","slug":"vanne-de-gaz-manuelle-gv32","status":"publish","type":"product","link":"https:\/\/sdmparts.eu\/fr\/produit\/vanne-de-gaz-manuelle-gv32\/","title":{"rendered":"Vanne de gaz manuelle GV32"},"content":{"rendered":"","protected":false},"excerpt":{"rendered":"<p>Vanne de gaz \u00e0 commande manuelle de Maxitrol\u00ae<br \/>\nCode article : GV32-C5&#8230;..<br \/>\nOrifices de gaz : 5 &gt; 2 entr\u00e9es possibles, 2 sorties possibles pour le br\u00fbleur principal, 1 sortie pour le br\u00fbleur pilote<br \/>\nAllumage : Pi\u00e9zo<br \/>\nLongueur du c\u00e2ble d&rsquo;allumage : 500 mm<br \/>\nBorne d&rsquo;allumage : Femelle 2,8&#215;0,5 mm<\/p>\n<p>Raccords ou <a href=\"https:\/\/sdmparts.eu\/product\/seal-plug\/\">bouchons<\/a> non inclus !<\/p>\n","protected":false},"featured_media":7987,"template":"","meta":[],"product_brand":[],"product_cat":[665],"product_tag":[],"class_list":{"0":"post-7983","1":"product","2":"type-product","3":"status-publish","4":"has-post-thumbnail","6":"product_cat-autres-vannes","8":"first","9":"outofstock","10":"taxable","11":"shipping-taxable","12":"purchasable","13":"product-type-simple"},"jetpack_sharing_enabled":true,"_links":{"self":[{"href":"https:\/\/sdmparts.eu\/fr\/wp-json\/wp\/v2\/product\/7983","targetHints":{"allow":["GET"]}}],"collection":[{"href":"https:\/\/sdmparts.eu\/fr\/wp-json\/wp\/v2\/product"}],"about":[{"href":"https:\/\/sdmparts.eu\/fr\/wp-json\/wp\/v2\/types\/product"}],"version-history":[{"count":0,"href":"https:\/\/sdmparts.eu\/fr\/wp-json\/wp\/v2\/product\/7983\/revisions"}],"wp:featuredmedia":[{"embeddable":true,"href":"https:\/\/sdmparts.eu\/fr\/wp-json\/wp\/v2\/media\/7987"}],"wp:attachment":[{"href":"https:\/\/sdmparts.eu\/fr\/wp-json\/wp\/v2\/media?parent=7983"}],"wp:term":[{"taxonomy":"product_brand","embeddable":true,"href":"https:\/\/sdmparts.eu\/fr\/wp-json\/wp\/v2\/product_brand?post=7983"},{"taxonomy":"product_cat","embeddable":true,"href":"https:\/\/sdmparts.eu\/fr\/wp-json\/wp\/v2\/product_cat?post=7983"},{"taxonomy":"product_tag","embeddable":true,"href":"https:\/\/sdmparts.eu\/fr\/wp-json\/wp\/v2\/product_tag?post=7983"}],"curies":[{"name":"wp","href":"https:\/\/api.w.org\/{rel}","templated":true}]}}