{"id":8003,"date":"2024-10-19T16:55:53","date_gmt":"2024-10-19T14:55:53","guid":{"rendered":"https:\/\/sdmparts.eu\/product\/electrovanne-g30-epuni-maxitrol-gv\/"},"modified":"2026-03-19T16:30:18","modified_gmt":"2026-03-19T15:30:18","slug":"electrovanne-g30-epuni-maxitrol-gv","status":"publish","type":"product","link":"https:\/\/sdmparts.eu\/fr\/produit\/electrovanne-g30-epuni-maxitrol-gv\/","title":{"rendered":"\u00c9lectrovanne G30-EPUNI Maxitrol GV"},"content":{"rendered":"<p>Unit\u00e9 magn\u00e9tique de remplacement GV30\/60 G30-EPUNI<\/p>\n","protected":false},"excerpt":{"rendered":"<p>Unit\u00e9 magn\u00e9tique de remplacement GV30\/60 G30-EPUNI<\/p>\n<p>Ne peut \u00eatre retourn\u00e9e une fois le sceau bris\u00e9 !<\/p>\n","protected":false},"featured_media":8005,"template":"","meta":[],"product_brand":[],"product_cat":[665,693],"product_tag":[],"class_list":{"0":"post-8003","1":"product","2":"type-product","3":"status-publish","4":"has-post-thumbnail","6":"product_cat-autres-vannes","7":"product_cat-gv60-fr","9":"first","10":"instock","11":"taxable","12":"shipping-taxable","13":"purchasable","14":"product-type-simple"},"jetpack_sharing_enabled":true,"_links":{"self":[{"href":"https:\/\/sdmparts.eu\/fr\/wp-json\/wp\/v2\/product\/8003","targetHints":{"allow":["GET"]}}],"collection":[{"href":"https:\/\/sdmparts.eu\/fr\/wp-json\/wp\/v2\/product"}],"about":[{"href":"https:\/\/sdmparts.eu\/fr\/wp-json\/wp\/v2\/types\/product"}],"version-history":[{"count":1,"href":"https:\/\/sdmparts.eu\/fr\/wp-json\/wp\/v2\/product\/8003\/revisions"}],"predecessor-version":[{"id":8246,"href":"https:\/\/sdmparts.eu\/fr\/wp-json\/wp\/v2\/product\/8003\/revisions\/8246"}],"wp:featuredmedia":[{"embeddable":true,"href":"https:\/\/sdmparts.eu\/fr\/wp-json\/wp\/v2\/media\/8005"}],"wp:attachment":[{"href":"https:\/\/sdmparts.eu\/fr\/wp-json\/wp\/v2\/media?parent=8003"}],"wp:term":[{"taxonomy":"product_brand","embeddable":true,"href":"https:\/\/sdmparts.eu\/fr\/wp-json\/wp\/v2\/product_brand?post=8003"},{"taxonomy":"product_cat","embeddable":true,"href":"https:\/\/sdmparts.eu\/fr\/wp-json\/wp\/v2\/product_cat?post=8003"},{"taxonomy":"product_tag","embeddable":true,"href":"https:\/\/sdmparts.eu\/fr\/wp-json\/wp\/v2\/product_tag?post=8003"}],"curies":[{"name":"wp","href":"https:\/\/api.w.org\/{rel}","templated":true}]}}