{"id":8009,"date":"2024-10-19T13:20:26","date_gmt":"2024-10-19T11:20:26","guid":{"rendered":"https:\/\/sdmparts.eu\/product\/recepteur-b6r-r8pc-symax\/"},"modified":"2026-01-29T13:35:26","modified_gmt":"2026-01-29T12:35:26","slug":"recepteur-b6r-r8pc-symax","status":"publish","type":"product","link":"https:\/\/sdmparts.eu\/fr\/produit\/recepteur-b6r-r8pc-symax\/","title":{"rendered":"R\u00e9cepteur B6R-R8PC Symax"},"content":{"rendered":"<p>R\u00e9cepteur Mertik Maxitrol Symax de type B6R-R8PC pour foyers au gaz avec commande de gaz GV60. Pr\u00e9sente exactement le m\u00eame mat\u00e9riel et logiciel que le B6R-R8P, mais avec une carte de circuit imprim\u00e9 enduite pour accro\u00eetre la long\u00e9vit\u00e9.<br \/>\nNous vous recommandons vivement d&rsquo;utiliser ce r\u00e9cepteur conjointement avec l&rsquo;<a href=\"https:\/\/sdmparts.eu\/shop\/g60-zma\/\">adaptateur secteur 220v<\/a> !<br \/>\nLorsque vous utilisez des piles, assurez-vous d&#8217;employer des piles alcalines de haute qualit\u00e9 !<\/p>\n<p>Ce r\u00e9cepteur fait partie de la nouvelle s\u00e9rie Symax 2 de Mertik Maxitrol.<\/p>\n","protected":false},"excerpt":{"rendered":"<p>R\u00e9cepteur Mertik Maxitrol Symax de type B6R-R8PC pour foyers au gaz avec commande de gaz GV60.<\/p>\n","protected":false},"featured_media":7847,"template":"","meta":[],"product_brand":[],"product_cat":[652,695],"product_tag":[],"class_list":{"0":"post-8009","1":"product","2":"type-product","3":"status-publish","4":"has-post-thumbnail","6":"product_cat-electronique-b6r","7":"product_cat-recepteurs","9":"first","10":"instock","11":"downloadable","12":"taxable","13":"shipping-taxable","14":"purchasable","15":"product-type-simple"},"jetpack_sharing_enabled":true,"_links":{"self":[{"href":"https:\/\/sdmparts.eu\/fr\/wp-json\/wp\/v2\/product\/8009","targetHints":{"allow":["GET"]}}],"collection":[{"href":"https:\/\/sdmparts.eu\/fr\/wp-json\/wp\/v2\/product"}],"about":[{"href":"https:\/\/sdmparts.eu\/fr\/wp-json\/wp\/v2\/types\/product"}],"version-history":[{"count":1,"href":"https:\/\/sdmparts.eu\/fr\/wp-json\/wp\/v2\/product\/8009\/revisions"}],"predecessor-version":[{"id":8239,"href":"https:\/\/sdmparts.eu\/fr\/wp-json\/wp\/v2\/product\/8009\/revisions\/8239"}],"wp:featuredmedia":[{"embeddable":true,"href":"https:\/\/sdmparts.eu\/fr\/wp-json\/wp\/v2\/media\/7847"}],"wp:attachment":[{"href":"https:\/\/sdmparts.eu\/fr\/wp-json\/wp\/v2\/media?parent=8009"}],"wp:term":[{"taxonomy":"product_brand","embeddable":true,"href":"https:\/\/sdmparts.eu\/fr\/wp-json\/wp\/v2\/product_brand?post=8009"},{"taxonomy":"product_cat","embeddable":true,"href":"https:\/\/sdmparts.eu\/fr\/wp-json\/wp\/v2\/product_cat?post=8009"},{"taxonomy":"product_tag","embeddable":true,"href":"https:\/\/sdmparts.eu\/fr\/wp-json\/wp\/v2\/product_tag?post=8009"}],"curies":[{"name":"wp","href":"https:\/\/api.w.org\/{rel}","templated":true}]}}