{"id":8027,"date":"2025-01-31T14:41:34","date_gmt":"2025-01-31T13:41:34","guid":{"rendered":"https:\/\/sdmparts.eu\/product\/recepteur-g6r-r4auc\/"},"modified":"2026-04-04T17:41:54","modified_gmt":"2026-04-04T15:41:54","slug":"recepteur-g6r-r4auc","status":"publish","type":"product","link":"https:\/\/sdmparts.eu\/fr\/produit\/recepteur-g6r-r4auc\/","title":{"rendered":"R\u00e9cepteur G6R-R4AUC"},"content":{"rendered":"<p>R\u00e9cepteur Mertik Maxitrol de type G6R-R4AUC pour foyers au gaz \u00e9quip\u00e9s d&rsquo;un contr\u00f4le de gaz GV60. Il s&rsquo;agit du r\u00e9cepteur identique au G6R-R4AU, \u00e0 la diff\u00e9rence que le circuit imprim\u00e9 a re\u00e7u un rev\u00eatement protecteur. <\/p>\n<p>Nous vous recommandons vivement d&rsquo;utiliser ce r\u00e9cepteur conjointement avec cet <a href=\"https:\/\/sdmparts.eu\/shop\/g60-zma\/\">adaptateur secteur 220V<\/a> !<br \/>\nEn cas d&rsquo;utilisation de piles, veillez \u00e0 employer des piles alcalines de haute qualit\u00e9 !<\/p>\n<p>Utilisez ceci en remplacement des codes de r\u00e9cepteur suivants :<br \/>\n&#8211; G6R-R4AN<br \/>\n&#8211; G6R-R4AM<br \/>\n&#8211; G6R-R4AMC<br \/>\n&#8211; G6R-R4AU<br \/>\n&#8211; G6R-R4AUC<\/p>\n<p>N&rsquo;utilisez pas ceci comme remplacement pour les codes de r\u00e9cepteur suivants :<br \/>\n&#8211; G6R-R4A*<br \/>\n&#8211; G6R-R4AUT<br \/>\n&#8211; G6R-R4AKT<br \/>\n&#8211; G6R-R4AK<\/p>\n<p>*Ce mod\u00e8le a \u00e9t\u00e9 fabriqu\u00e9 jusqu&rsquo;en 2009 et n&rsquo;est plus en production. Vous pouvez le remplacer par le r\u00e9cepteur universel G6R-R4AU ET une nouvelle t\u00e9l\u00e9commande de <a href=\"https:\/\/sdmparts.eu\/shop\/g6r-h4t5-remote\/\">type G6R-H4T5<\/a>.  Votre ancien combin\u00e9 \/ t\u00e9l\u00e9commande ne pourra pas communiquer avec le nouveau r\u00e9cepteur en raison de modifications dans les fr\u00e9quences de communication RF.<\/p>\n","protected":false},"excerpt":{"rendered":"<p>R\u00e9cepteur Mertik Maxitrol de type G6R-R4AUC pour foyers au gaz. Ceci ne constitue pas un remplacement pour tous les types de r\u00e9cepteurs de ce fabricant ! Veuillez consulter la description compl\u00e8te ou nous contacter pour de plus amples informations.  <\/p>\n","protected":false},"featured_media":7878,"template":"","meta":[],"product_brand":[],"product_cat":[670,693,703],"product_tag":[],"class_list":{"0":"post-8027","1":"product","2":"type-product","3":"status-publish","4":"has-post-thumbnail","6":"product_cat-electronique-g6r","7":"product_cat-gv60-fr","8":"product_cat-recepteurs-fr","10":"first","11":"instock","12":"taxable","13":"shipping-taxable","14":"purchasable","15":"product-type-simple"},"jetpack_sharing_enabled":true,"_links":{"self":[{"href":"https:\/\/sdmparts.eu\/fr\/wp-json\/wp\/v2\/product\/8027","targetHints":{"allow":["GET"]}}],"collection":[{"href":"https:\/\/sdmparts.eu\/fr\/wp-json\/wp\/v2\/product"}],"about":[{"href":"https:\/\/sdmparts.eu\/fr\/wp-json\/wp\/v2\/types\/product"}],"version-history":[{"count":1,"href":"https:\/\/sdmparts.eu\/fr\/wp-json\/wp\/v2\/product\/8027\/revisions"}],"predecessor-version":[{"id":8247,"href":"https:\/\/sdmparts.eu\/fr\/wp-json\/wp\/v2\/product\/8027\/revisions\/8247"}],"wp:featuredmedia":[{"embeddable":true,"href":"https:\/\/sdmparts.eu\/fr\/wp-json\/wp\/v2\/media\/7878"}],"wp:attachment":[{"href":"https:\/\/sdmparts.eu\/fr\/wp-json\/wp\/v2\/media?parent=8027"}],"wp:term":[{"taxonomy":"product_brand","embeddable":true,"href":"https:\/\/sdmparts.eu\/fr\/wp-json\/wp\/v2\/product_brand?post=8027"},{"taxonomy":"product_cat","embeddable":true,"href":"https:\/\/sdmparts.eu\/fr\/wp-json\/wp\/v2\/product_cat?post=8027"},{"taxonomy":"product_tag","embeddable":true,"href":"https:\/\/sdmparts.eu\/fr\/wp-json\/wp\/v2\/product_tag?post=8027"}],"curies":[{"name":"wp","href":"https:\/\/api.w.org\/{rel}","templated":true}]}}