{"id":8030,"date":"2019-06-07T13:22:10","date_gmt":"2019-06-07T11:22:10","guid":{"rendered":"https:\/\/sdmparts.eu\/product\/duracell-plus-power-alcaline-aa-4x\/"},"modified":"2025-04-28T23:32:33","modified_gmt":"2025-04-28T21:32:33","slug":"duracell-plus-power-alcaline-aa-4x","status":"publish","type":"product","link":"https:\/\/sdmparts.eu\/fr\/produit\/duracell-plus-power-alcaline-aa-4x\/","title":{"rendered":"Duracell Plus Power Alcaline AA 4x"},"content":{"rendered":"<p>\u00c9galement connu sous les appellations AA, LR6, MN1500, AM3, UM3, HP7, D14, mignon, stylo-lampe<\/p>\n<p>Peut \u00eatre utilis\u00e9 et est recommand\u00e9 pour le r\u00e9cepteur Mertik Maxitrol.<\/p>\n","protected":false},"excerpt":{"rendered":"<p>\u00c9galement connu sous les appellations AA, LR6, MN1500, AM3, UM3, HP7, D14, mignon, stylo-lampe<br \/>\nPeut \u00eatre utilis\u00e9 et est recommand\u00e9 pour le r\u00e9cepteur Mertik Maxitrol.<\/p>\n","protected":false},"featured_media":8032,"template":"","meta":[],"product_brand":[],"product_cat":[672],"product_tag":[],"class_list":{"0":"post-8030","1":"product","2":"type-product","3":"status-publish","4":"has-post-thumbnail","6":"product_cat-options-dalimentation","8":"first","9":"instock","10":"taxable","11":"shipping-taxable","12":"purchasable","13":"product-type-simple"},"jetpack_sharing_enabled":true,"_links":{"self":[{"href":"https:\/\/sdmparts.eu\/fr\/wp-json\/wp\/v2\/product\/8030","targetHints":{"allow":["GET"]}}],"collection":[{"href":"https:\/\/sdmparts.eu\/fr\/wp-json\/wp\/v2\/product"}],"about":[{"href":"https:\/\/sdmparts.eu\/fr\/wp-json\/wp\/v2\/types\/product"}],"version-history":[{"count":0,"href":"https:\/\/sdmparts.eu\/fr\/wp-json\/wp\/v2\/product\/8030\/revisions"}],"wp:featuredmedia":[{"embeddable":true,"href":"https:\/\/sdmparts.eu\/fr\/wp-json\/wp\/v2\/media\/8032"}],"wp:attachment":[{"href":"https:\/\/sdmparts.eu\/fr\/wp-json\/wp\/v2\/media?parent=8030"}],"wp:term":[{"taxonomy":"product_brand","embeddable":true,"href":"https:\/\/sdmparts.eu\/fr\/wp-json\/wp\/v2\/product_brand?post=8030"},{"taxonomy":"product_cat","embeddable":true,"href":"https:\/\/sdmparts.eu\/fr\/wp-json\/wp\/v2\/product_cat?post=8030"},{"taxonomy":"product_tag","embeddable":true,"href":"https:\/\/sdmparts.eu\/fr\/wp-json\/wp\/v2\/product_tag?post=8030"}],"curies":[{"name":"wp","href":"https:\/\/api.w.org\/{rel}","templated":true}]}}